

{"id":5786,"date":"2020-02-18T14:01:46","date_gmt":"2021-05-17T14:43:00","guid":{"rendered":"https:\/\/www.eurosystems-spa.itprodotto\/eco-sprayer\/"},"modified":"2025-05-13T08:29:25","modified_gmt":"2025-05-13T07:29:25","slug":"eco-sprayer","status":"publish","type":"product","link":"https:\/\/www.eurosystems-spa.it\/fr\/produit\/eco-sprayer\/","title":{"rendered":"ECO SPRAYER"},"content":{"rendered":"","protected":false},"excerpt":{"rendered":"<p>Pulv\u00e9risateur \u00e0 batterie \u00e9quip\u00e9 d&#8217;une lance de pulv\u00e9risation de n\u00e9bulisation. Eco sprayer est un outil con\u00e7u pour l&#8217;utilisation de substances liquides de toutes sortes. La buse avant pratique est sp\u00e9cialement con\u00e7ue pour les traitements et la pulv\u00e9risation au sol et sur les sols ext\u00e9rieurs.<\/p>\n<p>&nbsp;<\/p>\n<p><em>Pompe: 4,1 bar<\/em><br \/>\n<em>Utilisation recommand\u00e9e: surfaces moyennes <\/em><\/p>\n","protected":false},"featured_media":10453,"template":"","meta":{"_acf_changed":false,"inline_featured_image":false},"product_brand":[],"product_cat":[1605],"product_tag":[],"class_list":{"0":"post-5786","1":"product","2":"type-product","3":"status-publish","4":"has-post-thumbnail","6":"product_cat-pulverisateurs","8":"first","9":"instock","10":"featured","11":"shipping-taxable","12":"product-type-simple"},"acf":[],"aioseo_notices":[],"_links":{"self":[{"href":"https:\/\/www.eurosystems-spa.it\/fr\/wp-json\/wp\/v2\/product\/5786","targetHints":{"allow":["GET"]}}],"collection":[{"href":"https:\/\/www.eurosystems-spa.it\/fr\/wp-json\/wp\/v2\/product"}],"about":[{"href":"https:\/\/www.eurosystems-spa.it\/fr\/wp-json\/wp\/v2\/types\/product"}],"wp:featuredmedia":[{"embeddable":true,"href":"https:\/\/www.eurosystems-spa.it\/fr\/wp-json\/wp\/v2\/media\/10453"}],"wp:attachment":[{"href":"https:\/\/www.eurosystems-spa.it\/fr\/wp-json\/wp\/v2\/media?parent=5786"}],"wp:term":[{"taxonomy":"product_brand","embeddable":true,"href":"https:\/\/www.eurosystems-spa.it\/fr\/wp-json\/wp\/v2\/product_brand?post=5786"},{"taxonomy":"product_cat","embeddable":true,"href":"https:\/\/www.eurosystems-spa.it\/fr\/wp-json\/wp\/v2\/product_cat?post=5786"},{"taxonomy":"product_tag","embeddable":true,"href":"https:\/\/www.eurosystems-spa.it\/fr\/wp-json\/wp\/v2\/product_tag?post=5786"}],"curies":[{"name":"wp","href":"https:\/\/api.w.org\/{rel}","templated":true}]}}