

{"id":5782,"date":"2020-02-19T11:21:23","date_gmt":"2021-05-17T13:23:49","guid":{"rendered":"https:\/\/www.eurosystems-spa.itprodotto\/carry\/"},"modified":"2025-05-13T08:35:47","modified_gmt":"2025-05-13T07:35:47","slug":"carry","status":"publish","type":"product","link":"https:\/\/www.eurosystems-spa.it\/fr\/produit\/carry\/","title":{"rendered":"CARRY"},"content":{"rendered":"","protected":false},"excerpt":{"rendered":"<p>Brouette \u00e0 essence con\u00e7ue pour d\u00e9placer des charges lourdes; la grande maniabilit\u00e9 et la facilit\u00e9 d&#8217;utilisation font de CARRY un outil parfait pour le transport de petites plantes, bois, feuillage et r\u00e9sidus v\u00e9g\u00e9taux. Le r\u00e9servoir basculant pratique permet de lib\u00e9rer facilement la charge au sol, les accessoires en option permettent \u00e0 cette brouette d&#8217;augmenter sa capacit\u00e9 de charge jusqu&#8217;\u00e0 un maximum de 160 litres.<\/p>\n<p>&nbsp;<\/p>\n<p><em>3 moteurs<\/em><br \/>\n<em>Utilisation: espaces ext\u00e9rieurs et semi-ouverts<\/em><br \/>\n<em>Utilisation recommand\u00e9e: jusqu&#8217;\u00e0 100 Kg<\/em><\/p>\n","protected":false},"featured_media":3632,"template":"","meta":{"_acf_changed":false,"inline_featured_image":false},"product_brand":[],"product_cat":[1591],"product_tag":[],"class_list":{"0":"post-5782","1":"product","2":"type-product","3":"status-publish","4":"has-post-thumbnail","6":"product_cat-brouettes","8":"first","9":"instock","10":"featured","11":"shipping-taxable","12":"product-type-simple"},"acf":[],"aioseo_notices":[],"_links":{"self":[{"href":"https:\/\/www.eurosystems-spa.it\/fr\/wp-json\/wp\/v2\/product\/5782","targetHints":{"allow":["GET"]}}],"collection":[{"href":"https:\/\/www.eurosystems-spa.it\/fr\/wp-json\/wp\/v2\/product"}],"about":[{"href":"https:\/\/www.eurosystems-spa.it\/fr\/wp-json\/wp\/v2\/types\/product"}],"wp:featuredmedia":[{"embeddable":true,"href":"https:\/\/www.eurosystems-spa.it\/fr\/wp-json\/wp\/v2\/media\/3632"}],"wp:attachment":[{"href":"https:\/\/www.eurosystems-spa.it\/fr\/wp-json\/wp\/v2\/media?parent=5782"}],"wp:term":[{"taxonomy":"product_brand","embeddable":true,"href":"https:\/\/www.eurosystems-spa.it\/fr\/wp-json\/wp\/v2\/product_brand?post=5782"},{"taxonomy":"product_cat","embeddable":true,"href":"https:\/\/www.eurosystems-spa.it\/fr\/wp-json\/wp\/v2\/product_cat?post=5782"},{"taxonomy":"product_tag","embeddable":true,"href":"https:\/\/www.eurosystems-spa.it\/fr\/wp-json\/wp\/v2\/product_tag?post=5782"}],"curies":[{"name":"wp","href":"https:\/\/api.w.org\/{rel}","templated":true}]}}