

{"id":5780,"date":"2020-02-18T14:50:45","date_gmt":"2021-05-17T12:23:14","guid":{"rendered":"https:\/\/www.eurosystems-spa.itprodotto\/sweepy\/"},"modified":"2025-05-13T08:03:04","modified_gmt":"2025-05-13T07:03:04","slug":"sweepy","status":"publish","type":"product","link":"https:\/\/www.eurosystems-spa.it\/fr\/produit\/sweepy\/","title":{"rendered":"SWEEPY"},"content":{"rendered":"","protected":false},"excerpt":{"rendered":"<p>Compacte et de haute performance, Sweepy est une brosse moteur principalement con\u00e7ue pour le nettoyage et l&#8217;entretien des pelouses synth\u00e9tiques; la brosse r\u00e9glable en hauteur vous permet de rehausser le gazon synth\u00e9tique en nettoyant et en collectant diff\u00e9rentes types de r\u00e9sidues. Le sac de collecte est disponible en deux versions, une standard et une avec tamis, utile pour les champs avec des mat\u00e9riaux de remplissage comme du sable ou des granul\u00e9s de plastique.<\/p>\n","protected":false},"featured_media":11188,"template":"","meta":{"_acf_changed":false,"inline_featured_image":false},"product_brand":[],"product_cat":[1564],"product_tag":[],"class_list":{"0":"post-5780","1":"product","2":"type-product","3":"status-publish","4":"has-post-thumbnail","6":"product_cat-moto-balais","8":"first","9":"instock","10":"shipping-taxable","11":"product-type-simple"},"acf":[],"aioseo_notices":[],"_links":{"self":[{"href":"https:\/\/www.eurosystems-spa.it\/fr\/wp-json\/wp\/v2\/product\/5780","targetHints":{"allow":["GET"]}}],"collection":[{"href":"https:\/\/www.eurosystems-spa.it\/fr\/wp-json\/wp\/v2\/product"}],"about":[{"href":"https:\/\/www.eurosystems-spa.it\/fr\/wp-json\/wp\/v2\/types\/product"}],"wp:featuredmedia":[{"embeddable":true,"href":"https:\/\/www.eurosystems-spa.it\/fr\/wp-json\/wp\/v2\/media\/11188"}],"wp:attachment":[{"href":"https:\/\/www.eurosystems-spa.it\/fr\/wp-json\/wp\/v2\/media?parent=5780"}],"wp:term":[{"taxonomy":"product_brand","embeddable":true,"href":"https:\/\/www.eurosystems-spa.it\/fr\/wp-json\/wp\/v2\/product_brand?post=5780"},{"taxonomy":"product_cat","embeddable":true,"href":"https:\/\/www.eurosystems-spa.it\/fr\/wp-json\/wp\/v2\/product_cat?post=5780"},{"taxonomy":"product_tag","embeddable":true,"href":"https:\/\/www.eurosystems-spa.it\/fr\/wp-json\/wp\/v2\/product_tag?post=5780"}],"curies":[{"name":"wp","href":"https:\/\/api.w.org\/{rel}","templated":true}]}}