

{"id":5779,"date":"2020-02-19T14:32:27","date_gmt":"2021-05-17T12:15:10","guid":{"rendered":"https:\/\/www.eurosystems-spa.itprodotto\/sandy\/"},"modified":"2025-05-13T07:43:20","modified_gmt":"2025-05-13T06:43:20","slug":"sandy","status":"publish","type":"product","link":"https:\/\/www.eurosystems-spa.it\/fr\/produit\/sandy\/","title":{"rendered":"SANDY"},"content":{"rendered":"","protected":false},"excerpt":{"rendered":"<p>Compacte et simple \u00e0 utiliser, Sandy est une brosse \u00e9lectrique con\u00e7ue pour l&#8217;entretien de le gazon synth\u00e9tique; la brosse est con\u00e7ue pour niveler le fond du champ et pour soulever facilement les brins d&#8217;herbe tout en gardant le gazon synth\u00e9tique beau et doux au fil du temp<\/p>\n","protected":false},"featured_media":10366,"template":"","meta":{"_acf_changed":false,"inline_featured_image":false},"product_brand":[],"product_cat":[1564],"product_tag":[],"class_list":{"0":"post-5779","1":"product","2":"type-product","3":"status-publish","4":"has-post-thumbnail","6":"product_cat-moto-balais","8":"first","9":"instock","10":"featured","11":"shipping-taxable","12":"product-type-simple"},"acf":[],"aioseo_notices":[],"_links":{"self":[{"href":"https:\/\/www.eurosystems-spa.it\/fr\/wp-json\/wp\/v2\/product\/5779","targetHints":{"allow":["GET"]}}],"collection":[{"href":"https:\/\/www.eurosystems-spa.it\/fr\/wp-json\/wp\/v2\/product"}],"about":[{"href":"https:\/\/www.eurosystems-spa.it\/fr\/wp-json\/wp\/v2\/types\/product"}],"wp:featuredmedia":[{"embeddable":true,"href":"https:\/\/www.eurosystems-spa.it\/fr\/wp-json\/wp\/v2\/media\/10366"}],"wp:attachment":[{"href":"https:\/\/www.eurosystems-spa.it\/fr\/wp-json\/wp\/v2\/media?parent=5779"}],"wp:term":[{"taxonomy":"product_brand","embeddable":true,"href":"https:\/\/www.eurosystems-spa.it\/fr\/wp-json\/wp\/v2\/product_brand?post=5779"},{"taxonomy":"product_cat","embeddable":true,"href":"https:\/\/www.eurosystems-spa.it\/fr\/wp-json\/wp\/v2\/product_cat?post=5779"},{"taxonomy":"product_tag","embeddable":true,"href":"https:\/\/www.eurosystems-spa.it\/fr\/wp-json\/wp\/v2\/product_tag?post=5779"}],"curies":[{"name":"wp","href":"https:\/\/api.w.org\/{rel}","templated":true}]}}