

{"id":5778,"date":"2020-02-15T17:19:17","date_gmt":"2020-02-15T16:19:17","guid":{"rendered":"https:\/\/www.eurosystems-spa.itprodotto\/slalom-82\/"},"modified":"2025-09-29T10:01:12","modified_gmt":"2025-09-29T09:01:12","slug":"slalom-82","status":"publish","type":"product","link":"https:\/\/www.eurosystems-spa.it\/fr\/produit\/slalom-82\/","title":{"rendered":"SLALOM 82"},"content":{"rendered":"","protected":false},"excerpt":{"rendered":"<p>SLALOM 82 est un tracteur tondeuse \u00e0 technologie mulching am\u00e9ricaine (lame recycleur 80 cm) qui offre \u00e9galement la possibilit\u00e9 de passer facilement de ce syst\u00e8me \u00e0 une coupe avec ramassage gr\u00e2ce au convoyeur standard et son sac de ramassage de 150 litres. Id\u00e9al pour les grandes surfaces jusqu&#8217;\u00e0 environ 4500 m\u00e8tres carr\u00e9s<\/p>\n<p>&nbsp;<\/p>\n<p><em>&#8211; Hydrostatique<\/em><br \/>\n<em>&#8211; 2 moteurs<\/em><br \/>\n<em>&#8211; Utilisation reccomend\u00e9e: jusqu&#8217;\u00e0 4.500 m\u00b2 <\/em><\/p>\n","protected":false},"featured_media":3708,"template":"","meta":{"_acf_changed":false,"inline_featured_image":false},"product_brand":[],"product_cat":[1532],"product_tag":[],"class_list":{"0":"post-5778","1":"product","2":"type-product","3":"status-publish","4":"has-post-thumbnail","6":"product_cat-tracteurs-tondeuses","8":"first","9":"instock","10":"featured","11":"shipping-taxable","12":"product-type-simple"},"acf":[],"aioseo_notices":[],"_links":{"self":[{"href":"https:\/\/www.eurosystems-spa.it\/fr\/wp-json\/wp\/v2\/product\/5778","targetHints":{"allow":["GET"]}}],"collection":[{"href":"https:\/\/www.eurosystems-spa.it\/fr\/wp-json\/wp\/v2\/product"}],"about":[{"href":"https:\/\/www.eurosystems-spa.it\/fr\/wp-json\/wp\/v2\/types\/product"}],"wp:featuredmedia":[{"embeddable":true,"href":"https:\/\/www.eurosystems-spa.it\/fr\/wp-json\/wp\/v2\/media\/3708"}],"wp:attachment":[{"href":"https:\/\/www.eurosystems-spa.it\/fr\/wp-json\/wp\/v2\/media?parent=5778"}],"wp:term":[{"taxonomy":"product_brand","embeddable":true,"href":"https:\/\/www.eurosystems-spa.it\/fr\/wp-json\/wp\/v2\/product_brand?post=5778"},{"taxonomy":"product_cat","embeddable":true,"href":"https:\/\/www.eurosystems-spa.it\/fr\/wp-json\/wp\/v2\/product_cat?post=5778"},{"taxonomy":"product_tag","embeddable":true,"href":"https:\/\/www.eurosystems-spa.it\/fr\/wp-json\/wp\/v2\/product_tag?post=5778"}],"curies":[{"name":"wp","href":"https:\/\/api.w.org\/{rel}","templated":true}]}}