

{"id":5777,"date":"2020-02-16T17:10:26","date_gmt":"2020-02-16T16:10:26","guid":{"rendered":"https:\/\/www.eurosystems-spa.itprodotto\/slalom-76\/"},"modified":"2025-09-29T09:48:34","modified_gmt":"2025-09-29T08:48:34","slug":"slalom_76","status":"publish","type":"product","link":"https:\/\/www.eurosystems-spa.it\/fr\/produit\/slalom_76\/","title":{"rendered":"SLALOM 76"},"content":{"rendered":"","protected":false},"excerpt":{"rendered":"<p>Tondeuse \u00e0 si\u00e8ge hydrostatique, SLALOM 76 dispose d&#8217;un plateau de lames de 76 cm et d&#8217;un collecteur arri\u00e8re de 150 litres, parfait pour g\u00e9rer les jardins de taille moyenne \/ grande (jusqu&#8217;\u00e0 environ 3500 m\u00b2). L&#8217;entra\u00eenement hydrostatique avec le variateur de vitesse permet une conduite facile, confortable et s\u00fbre, id\u00e9ale pour les jardins avec de nombreux arbres, parterres de fleurs et obstacles de toutes sortes. Les nombreux syst\u00e8mes de s\u00e9curit\u00e9 garantissent une fiabilit\u00e9 et une protection maximale.<\/p>\n<p>&nbsp;<\/p>\n<p><em>&#8211; Hydrostatique<\/em><br \/>\n<em>&#8211; 2 moteurs<\/em><br \/>\n<em>&#8211; Utilisation reccomend\u00e9e: jusqu&#8217;\u00e0 3.500 m\u00b2 <\/em><\/p>\n","protected":false},"featured_media":3700,"template":"","meta":{"_acf_changed":false,"inline_featured_image":false},"product_brand":[],"product_cat":[1532],"product_tag":[],"class_list":{"0":"post-5777","1":"product","2":"type-product","3":"status-publish","4":"has-post-thumbnail","6":"product_cat-tracteurs-tondeuses","8":"first","9":"instock","10":"featured","11":"shipping-taxable","12":"product-type-simple"},"acf":[],"aioseo_notices":[],"_links":{"self":[{"href":"https:\/\/www.eurosystems-spa.it\/fr\/wp-json\/wp\/v2\/product\/5777","targetHints":{"allow":["GET"]}}],"collection":[{"href":"https:\/\/www.eurosystems-spa.it\/fr\/wp-json\/wp\/v2\/product"}],"about":[{"href":"https:\/\/www.eurosystems-spa.it\/fr\/wp-json\/wp\/v2\/types\/product"}],"wp:featuredmedia":[{"embeddable":true,"href":"https:\/\/www.eurosystems-spa.it\/fr\/wp-json\/wp\/v2\/media\/3700"}],"wp:attachment":[{"href":"https:\/\/www.eurosystems-spa.it\/fr\/wp-json\/wp\/v2\/media?parent=5777"}],"wp:term":[{"taxonomy":"product_brand","embeddable":true,"href":"https:\/\/www.eurosystems-spa.it\/fr\/wp-json\/wp\/v2\/product_brand?post=5777"},{"taxonomy":"product_cat","embeddable":true,"href":"https:\/\/www.eurosystems-spa.it\/fr\/wp-json\/wp\/v2\/product_cat?post=5777"},{"taxonomy":"product_tag","embeddable":true,"href":"https:\/\/www.eurosystems-spa.it\/fr\/wp-json\/wp\/v2\/product_tag?post=5777"}],"curies":[{"name":"wp","href":"https:\/\/api.w.org\/{rel}","templated":true}]}}