

{"id":5776,"date":"2020-02-17T16:53:54","date_gmt":"2020-02-17T15:53:54","guid":{"rendered":"https:\/\/www.eurosystems-spa.itprodotto\/slalom-67\/"},"modified":"2025-09-29T09:13:15","modified_gmt":"2025-09-29T08:13:15","slug":"slalom-67","status":"publish","type":"product","link":"https:\/\/www.eurosystems-spa.it\/fr\/produit\/slalom-67\/","title":{"rendered":"SLALOM 67"},"content":{"rendered":"","protected":false},"excerpt":{"rendered":"<p>Tondeuse \u00e0 si\u00e8ge hydrostatique, SLALOM 67 dispose d&#8217;un carter de 67 cm avec lame soufflante et d&#8217;un bac \u00e0 herbe de 150 litres, parfait pour la gestion des jardins et des surfaces de taille moyenne (jusqu&#8217;\u00e0 environ 2500 m\u00b2). L&#8217;entra\u00eenement hydrostatique avec le variateur de vitesse permet une conduite facile, confortable et s\u00fbre, id\u00e9ale pour les jardins avec de nombreux arbres, parterres de fleurs et obstacles de toutes sortes. Les nombreux syst\u00e8mes de s\u00e9curit\u00e9 garantissent une fiabilit\u00e9 et une protection maximale.<\/p>\n<p>&nbsp;<\/p>\n<p><em>&#8211; Hydrostatique<\/em><br \/>\n<em>&#8211; 2 moteurs<\/em><br \/>\n<em>&#8211; Utilisation reccomend\u00e9e: jusqu&#8217;\u00e0 2.500 m\u00b2 <\/em><\/p>\n","protected":false},"featured_media":3680,"template":"","meta":{"_acf_changed":false,"inline_featured_image":false},"product_brand":[],"product_cat":[1532],"product_tag":[],"class_list":{"0":"post-5776","1":"product","2":"type-product","3":"status-publish","4":"has-post-thumbnail","6":"product_cat-tracteurs-tondeuses","8":"first","9":"instock","10":"featured","11":"shipping-taxable","12":"product-type-simple"},"acf":[],"aioseo_notices":[],"_links":{"self":[{"href":"https:\/\/www.eurosystems-spa.it\/fr\/wp-json\/wp\/v2\/product\/5776","targetHints":{"allow":["GET"]}}],"collection":[{"href":"https:\/\/www.eurosystems-spa.it\/fr\/wp-json\/wp\/v2\/product"}],"about":[{"href":"https:\/\/www.eurosystems-spa.it\/fr\/wp-json\/wp\/v2\/types\/product"}],"wp:featuredmedia":[{"embeddable":true,"href":"https:\/\/www.eurosystems-spa.it\/fr\/wp-json\/wp\/v2\/media\/3680"}],"wp:attachment":[{"href":"https:\/\/www.eurosystems-spa.it\/fr\/wp-json\/wp\/v2\/media?parent=5776"}],"wp:term":[{"taxonomy":"product_brand","embeddable":true,"href":"https:\/\/www.eurosystems-spa.it\/fr\/wp-json\/wp\/v2\/product_brand?post=5776"},{"taxonomy":"product_cat","embeddable":true,"href":"https:\/\/www.eurosystems-spa.it\/fr\/wp-json\/wp\/v2\/product_cat?post=5776"},{"taxonomy":"product_tag","embeddable":true,"href":"https:\/\/www.eurosystems-spa.it\/fr\/wp-json\/wp\/v2\/product_tag?post=5776"}],"curies":[{"name":"wp","href":"https:\/\/api.w.org\/{rel}","templated":true}]}}