

{"id":5775,"date":"2020-02-18T16:40:10","date_gmt":"2020-02-18T15:40:10","guid":{"rendered":"https:\/\/www.eurosystems-spa.itprodotto\/asso-76\/"},"modified":"2025-09-29T08:44:16","modified_gmt":"2025-09-29T07:44:16","slug":"asso-76","status":"publish","type":"product","link":"https:\/\/www.eurosystems-spa.it\/fr\/produit\/asso-76\/","title":{"rendered":"ASSO 76"},"content":{"rendered":"","protected":false},"excerpt":{"rendered":"<p>Version \u00e9conomique et compacte de la gamme de riders Eurosystems; ASSO 76 avec son plateau de 76 cm et son collecteur arri\u00e8re de 150 litres est parfait pour g\u00e9rer les petites et moyennes surfaces (jusqu&#8217;\u00e0 environ 3.000 m\u00b2). La transmission m\u00e9canique \u00e0 5 vitesses avant est id\u00e9ale pour les espaces ouverts avec peu d&#8217;obstacles, de plus les multiples syst\u00e8mes de s\u00e9curit\u00e9 rendent cette machine fiable et facile \u00e0 conduire.<\/p>\n<p>&nbsp;<\/p>\n<p><em>&#8211; M\u00e9canique<\/em><br \/>\n<em>&#8211; 2 moteurs<\/em><br \/>\n<em>&#8211; Utilisation reccomend\u00e9e: jusqu&#8217;\u00e0 3.000 m\u00b2 <\/em><\/p>\n","protected":false},"featured_media":5412,"template":"","meta":{"_acf_changed":false,"inline_featured_image":false},"product_brand":[],"product_cat":[1532],"product_tag":[],"class_list":{"0":"post-5775","1":"product","2":"type-product","3":"status-publish","4":"has-post-thumbnail","6":"product_cat-tracteurs-tondeuses","8":"first","9":"instock","10":"shipping-taxable","11":"product-type-simple"},"acf":[],"aioseo_notices":[],"_links":{"self":[{"href":"https:\/\/www.eurosystems-spa.it\/fr\/wp-json\/wp\/v2\/product\/5775","targetHints":{"allow":["GET"]}}],"collection":[{"href":"https:\/\/www.eurosystems-spa.it\/fr\/wp-json\/wp\/v2\/product"}],"about":[{"href":"https:\/\/www.eurosystems-spa.it\/fr\/wp-json\/wp\/v2\/types\/product"}],"wp:featuredmedia":[{"embeddable":true,"href":"https:\/\/www.eurosystems-spa.it\/fr\/wp-json\/wp\/v2\/media\/5412"}],"wp:attachment":[{"href":"https:\/\/www.eurosystems-spa.it\/fr\/wp-json\/wp\/v2\/media?parent=5775"}],"wp:term":[{"taxonomy":"product_brand","embeddable":true,"href":"https:\/\/www.eurosystems-spa.it\/fr\/wp-json\/wp\/v2\/product_brand?post=5775"},{"taxonomy":"product_cat","embeddable":true,"href":"https:\/\/www.eurosystems-spa.it\/fr\/wp-json\/wp\/v2\/product_cat?post=5775"},{"taxonomy":"product_tag","embeddable":true,"href":"https:\/\/www.eurosystems-spa.it\/fr\/wp-json\/wp\/v2\/product_tag?post=5775"}],"curies":[{"name":"wp","href":"https:\/\/api.w.org\/{rel}","templated":true}]}}