

{"id":5705,"date":"2019-10-16T08:26:26","date_gmt":"2019-10-16T07:26:26","guid":{"rendered":"https:\/\/www.eurosystems-spa.itprodotto\/m90\/"},"modified":"2026-04-08T13:52:01","modified_gmt":"2026-04-08T12:52:01","slug":"m90","status":"publish","type":"product","link":"https:\/\/www.eurosystems-spa.it\/fr\/produit\/m90\/","title":{"rendered":"M90"},"content":{"rendered":"","protected":false},"excerpt":{"rendered":"<p>Solide et extr\u00eamement facile \u00e0 utiliser, le M90 est con\u00e7u et construit pour \u00eatre utilis\u00e9 en toute s\u00e9curit\u00e9 et sans effort. Les solides roues anti-crevaison, le support de guidon anti-vibration, le double d\u00e9flecteur flottant et le mouvement de lame brevet\u00e9 sont les gages d&#8217;une r\u00e9sistance exceptionnelle et d&#8217;une belle qualit\u00e9 de coupe. Recommand\u00e9 pour des surfaces jusqu&#8217;\u00e0 5.000 m\u00e8tres carr\u00e9s.<\/p>\n<p>&nbsp;<\/p>\n<p><em>Mouvement de coupe: mono lame <\/em><br \/>\n<em>4 moteurs<\/em><br \/>\n<em>Utilisation recommend\u00e9e: jusqu&#8217;\u00e0 5.000 m\u00b2 <\/em><\/p>\n","protected":false},"featured_media":11218,"template":"","meta":{"_acf_changed":false,"inline_featured_image":false},"product_brand":[],"product_cat":[1494],"product_tag":[],"class_list":{"0":"post-5705","1":"product","2":"type-product","3":"status-publish","4":"has-post-thumbnail","6":"product_cat-motofaucheuses","8":"first","9":"instock","10":"featured","11":"shipping-taxable","12":"product-type-simple"},"acf":[],"aioseo_notices":[],"_links":{"self":[{"href":"https:\/\/www.eurosystems-spa.it\/fr\/wp-json\/wp\/v2\/product\/5705","targetHints":{"allow":["GET"]}}],"collection":[{"href":"https:\/\/www.eurosystems-spa.it\/fr\/wp-json\/wp\/v2\/product"}],"about":[{"href":"https:\/\/www.eurosystems-spa.it\/fr\/wp-json\/wp\/v2\/types\/product"}],"wp:featuredmedia":[{"embeddable":true,"href":"https:\/\/www.eurosystems-spa.it\/fr\/wp-json\/wp\/v2\/media\/11218"}],"wp:attachment":[{"href":"https:\/\/www.eurosystems-spa.it\/fr\/wp-json\/wp\/v2\/media?parent=5705"}],"wp:term":[{"taxonomy":"product_brand","embeddable":true,"href":"https:\/\/www.eurosystems-spa.it\/fr\/wp-json\/wp\/v2\/product_brand?post=5705"},{"taxonomy":"product_cat","embeddable":true,"href":"https:\/\/www.eurosystems-spa.it\/fr\/wp-json\/wp\/v2\/product_cat?post=5705"},{"taxonomy":"product_tag","embeddable":true,"href":"https:\/\/www.eurosystems-spa.it\/fr\/wp-json\/wp\/v2\/product_tag?post=5705"}],"curies":[{"name":"wp","href":"https:\/\/api.w.org\/{rel}","templated":true}]}}