

{"id":5696,"date":"2020-02-18T09:31:50","date_gmt":"2020-02-18T08:31:50","guid":{"rendered":"https:\/\/www.eurosystems-spa.itprodotto\/rtt-3\/"},"modified":"2026-04-08T13:40:33","modified_gmt":"2026-04-08T12:40:33","slug":"rtt-3","status":"publish","type":"product","link":"https:\/\/www.eurosystems-spa.it\/fr\/produit\/rtt-3\/","title":{"rendered":"RTT 3"},"content":{"rendered":"","protected":false},"excerpt":{"rendered":"<p>RTT 3 est un cultivateur semi-professionnel hautes performances con\u00e7u pour r\u00e9pondre aux besoins de tous les horticulteurs de petite et moyenne taille, parfait pour le travail quotidien, m\u00eame sur des surfaces dures et compactes. Les mat\u00e9riaux de haute qualit\u00e9 utilis\u00e9s, les contr\u00f4les m\u00e9ticuleux lors du montage et le rapport poids \/ puissance \u00e9quilibr\u00e9 sont la garantie d&#8217;un rendement de travail \u00e9lev\u00e9.<\/p>\n<p>&nbsp;<\/p>\n<p><em>2 moteurs<\/em><br \/>\n<em>Utilisation: amateur<\/em><br \/>\n<em>Utilisation recommand\u00e9e: sol mou \/ moyen, jusqu&#8217;\u00e0 800 m2<\/em><\/p>\n","protected":false},"featured_media":10534,"template":"","meta":{"_acf_changed":false,"inline_featured_image":false},"product_brand":[],"product_cat":[1469],"product_tag":[],"class_list":{"0":"post-5696","1":"product","2":"type-product","3":"status-publish","4":"has-post-thumbnail","6":"product_cat-motocultivateur","8":"first","9":"instock","10":"featured","11":"shipping-taxable","12":"product-type-simple"},"acf":[],"aioseo_notices":[],"_links":{"self":[{"href":"https:\/\/www.eurosystems-spa.it\/fr\/wp-json\/wp\/v2\/product\/5696","targetHints":{"allow":["GET"]}}],"collection":[{"href":"https:\/\/www.eurosystems-spa.it\/fr\/wp-json\/wp\/v2\/product"}],"about":[{"href":"https:\/\/www.eurosystems-spa.it\/fr\/wp-json\/wp\/v2\/types\/product"}],"wp:featuredmedia":[{"embeddable":true,"href":"https:\/\/www.eurosystems-spa.it\/fr\/wp-json\/wp\/v2\/media\/10534"}],"wp:attachment":[{"href":"https:\/\/www.eurosystems-spa.it\/fr\/wp-json\/wp\/v2\/media?parent=5696"}],"wp:term":[{"taxonomy":"product_brand","embeddable":true,"href":"https:\/\/www.eurosystems-spa.it\/fr\/wp-json\/wp\/v2\/product_brand?post=5696"},{"taxonomy":"product_cat","embeddable":true,"href":"https:\/\/www.eurosystems-spa.it\/fr\/wp-json\/wp\/v2\/product_cat?post=5696"},{"taxonomy":"product_tag","embeddable":true,"href":"https:\/\/www.eurosystems-spa.it\/fr\/wp-json\/wp\/v2\/product_tag?post=5696"}],"curies":[{"name":"wp","href":"https:\/\/api.w.org\/{rel}","templated":true}]}}