

{"id":5695,"date":"2020-02-19T09:04:02","date_gmt":"2020-02-19T08:04:02","guid":{"rendered":"https:\/\/www.eurosystems-spa.itprodotto\/rtt-2\/"},"modified":"2026-04-08T13:35:12","modified_gmt":"2026-04-08T12:35:12","slug":"rtt-2","status":"publish","type":"product","link":"https:\/\/www.eurosystems-spa.it\/fr\/produit\/rtt-2\/","title":{"rendered":"RTT 2"},"content":{"rendered":"","protected":false},"excerpt":{"rendered":"<p>Robuste et facile \u00e0 conduire RTT 2 convient m\u00eame pour les sols l\u00e9gers \/ moyennement compact\u00e9s non labour\u00e9s auparavant. Les roues de traction avec profil tracteur et semi-diff\u00e9rentiel rendent la conduite simple et s\u00fbre. Ce tracteur \u00e0 deux roues est id\u00e9al pour pr\u00e9parer rapidement le lit de semence en brisant la cro\u00fbte sup\u00e9rieure, r\u00e9duisant la terre en terre finement broy\u00e9e, bien ventil\u00e9e, molle et pr\u00eate pour l&#8217;ensemencement.<\/p>\n<p>&nbsp;<\/p>\n<p><em>4 moteurs disponibles<\/em><br \/>\n<em>Utilisation: amateur<\/em><br \/>\n<em>Utilisation recommand\u00e9e: sol mou \/ moyen, jusqu&#8217;\u00e0 600 m\u00b2<\/em><\/p>\n","protected":false},"featured_media":10433,"template":"","meta":{"_acf_changed":false,"inline_featured_image":false},"product_brand":[],"product_cat":[1469],"product_tag":[],"class_list":{"0":"post-5695","1":"product","2":"type-product","3":"status-publish","4":"has-post-thumbnail","6":"product_cat-motocultivateur","8":"first","9":"instock","10":"featured","11":"shipping-taxable","12":"product-type-simple"},"acf":[],"aioseo_notices":[],"_links":{"self":[{"href":"https:\/\/www.eurosystems-spa.it\/fr\/wp-json\/wp\/v2\/product\/5695","targetHints":{"allow":["GET"]}}],"collection":[{"href":"https:\/\/www.eurosystems-spa.it\/fr\/wp-json\/wp\/v2\/product"}],"about":[{"href":"https:\/\/www.eurosystems-spa.it\/fr\/wp-json\/wp\/v2\/types\/product"}],"wp:featuredmedia":[{"embeddable":true,"href":"https:\/\/www.eurosystems-spa.it\/fr\/wp-json\/wp\/v2\/media\/10433"}],"wp:attachment":[{"href":"https:\/\/www.eurosystems-spa.it\/fr\/wp-json\/wp\/v2\/media?parent=5695"}],"wp:term":[{"taxonomy":"product_brand","embeddable":true,"href":"https:\/\/www.eurosystems-spa.it\/fr\/wp-json\/wp\/v2\/product_brand?post=5695"},{"taxonomy":"product_cat","embeddable":true,"href":"https:\/\/www.eurosystems-spa.it\/fr\/wp-json\/wp\/v2\/product_cat?post=5695"},{"taxonomy":"product_tag","embeddable":true,"href":"https:\/\/www.eurosystems-spa.it\/fr\/wp-json\/wp\/v2\/product_tag?post=5695"}],"curies":[{"name":"wp","href":"https:\/\/api.w.org\/{rel}","templated":true}]}}