

{"id":5694,"date":"2020-05-03T03:00:19","date_gmt":"2020-05-03T02:00:19","guid":{"rendered":"https:\/\/www.eurosystems-spa.itprodotto\/euro-102\/"},"modified":"2025-09-19T09:29:25","modified_gmt":"2025-09-19T08:29:25","slug":"euro-102","status":"publish","type":"product","link":"https:\/\/www.eurosystems-spa.it\/fr\/produit\/euro-102\/","title":{"rendered":"EURO 102"},"content":{"rendered":"","protected":false},"excerpt":{"rendered":"<p>Euro 102 est un motoculteur professionnel adapt\u00e9 aux op\u00e9rations qui n\u00e9cessitent des performances \u00e9lev\u00e9es et est connu pour \u00eatre tr\u00e8s efficace m\u00eame sur des sols durs non travaill\u00e9s auparavant. La bo\u00eete de vitesses made in Italy et le rapport poids \/ puissance parfait sont une garantie de haute qualit\u00e9 et d&#8217;efficacit\u00e9 de travail.<\/p>\n<p>&nbsp;<\/p>\n<p><em>4 moteurs disponibles<\/em><br \/>\n<em>Utilisation: professionnel<\/em><br \/>\n<em>Recommandation: tous types de sols, jusqu&#8217;\u00e0 1.000 m2<\/em><\/p>\n","protected":false},"featured_media":10316,"template":"","meta":{"_acf_changed":false,"inline_featured_image":false},"product_brand":[],"product_cat":[1383],"product_tag":[],"class_list":{"0":"post-5694","1":"product","2":"type-product","3":"status-publish","4":"has-post-thumbnail","6":"product_cat-motobineuse","8":"first","9":"instock","10":"featured","11":"shipping-taxable","12":"product-type-simple"},"acf":[],"aioseo_notices":[],"_links":{"self":[{"href":"https:\/\/www.eurosystems-spa.it\/fr\/wp-json\/wp\/v2\/product\/5694","targetHints":{"allow":["GET"]}}],"collection":[{"href":"https:\/\/www.eurosystems-spa.it\/fr\/wp-json\/wp\/v2\/product"}],"about":[{"href":"https:\/\/www.eurosystems-spa.it\/fr\/wp-json\/wp\/v2\/types\/product"}],"wp:featuredmedia":[{"embeddable":true,"href":"https:\/\/www.eurosystems-spa.it\/fr\/wp-json\/wp\/v2\/media\/10316"}],"wp:attachment":[{"href":"https:\/\/www.eurosystems-spa.it\/fr\/wp-json\/wp\/v2\/media?parent=5694"}],"wp:term":[{"taxonomy":"product_brand","embeddable":true,"href":"https:\/\/www.eurosystems-spa.it\/fr\/wp-json\/wp\/v2\/product_brand?post=5694"},{"taxonomy":"product_cat","embeddable":true,"href":"https:\/\/www.eurosystems-spa.it\/fr\/wp-json\/wp\/v2\/product_cat?post=5694"},{"taxonomy":"product_tag","embeddable":true,"href":"https:\/\/www.eurosystems-spa.it\/fr\/wp-json\/wp\/v2\/product_tag?post=5694"}],"curies":[{"name":"wp","href":"https:\/\/api.w.org\/{rel}","templated":true}]}}