

{"id":5665,"date":"2020-05-03T05:00:36","date_gmt":"2020-05-03T04:00:36","guid":{"rendered":"https:\/\/www.eurosystems-spa.itprodotto\/euro-5-evo-21\/"},"modified":"2026-04-08T16:26:32","modified_gmt":"2026-04-08T15:26:32","slug":"euro-5-evo-21","status":"publish","type":"product","link":"https:\/\/www.eurosystems-spa.it\/fr\/produit\/euro-5-evo-21\/","title":{"rendered":"EURO 5 EVO 2+1"},"content":{"rendered":"","protected":false},"excerpt":{"rendered":"<p>Mod\u00e8le historique de la gamme Eurosystems dans sa version semi-professionnelle ; polyvalent et robuste, il pr\u00e9pare rapidement le lit de semailles en cassant la cro\u00fbte sup\u00e9rieure, en r\u00e9duisant la terre finement broy\u00e9e, bien a\u00e9r\u00e9e, souple et pr\u00eate \u00e0 la culture. \u00c9galement disponible dans la version Labour. Egalement disponible dans sa version Labor, Euro 5 Evo 2 + 1 convient aux surfaces de taille moyenne m\u00eame sur des sols durs et non labour\u00e9s auparavant.<\/p>\n<p>&nbsp;<\/p>\n<p><em>3 moteurs disponibles<\/em><br \/>\n<em>Utilisation: semi-professionnelle<\/em><br \/>\n<em>Utilisation recommand\u00e9e: sol moyen\/dur, jusqu&#8217;\u00e0 500 m\u00b2<\/em><\/p>\n","protected":false},"featured_media":10299,"template":"","meta":{"_acf_changed":false,"inline_featured_image":false},"product_brand":[],"product_cat":[1383],"product_tag":[],"class_list":{"0":"post-5665","1":"product","2":"type-product","3":"status-publish","4":"has-post-thumbnail","6":"product_cat-motobineuse","8":"first","9":"instock","10":"featured","11":"shipping-taxable","12":"product-type-simple"},"acf":[],"aioseo_notices":[],"_links":{"self":[{"href":"https:\/\/www.eurosystems-spa.it\/fr\/wp-json\/wp\/v2\/product\/5665","targetHints":{"allow":["GET"]}}],"collection":[{"href":"https:\/\/www.eurosystems-spa.it\/fr\/wp-json\/wp\/v2\/product"}],"about":[{"href":"https:\/\/www.eurosystems-spa.it\/fr\/wp-json\/wp\/v2\/types\/product"}],"wp:featuredmedia":[{"embeddable":true,"href":"https:\/\/www.eurosystems-spa.it\/fr\/wp-json\/wp\/v2\/media\/10299"}],"wp:attachment":[{"href":"https:\/\/www.eurosystems-spa.it\/fr\/wp-json\/wp\/v2\/media?parent=5665"}],"wp:term":[{"taxonomy":"product_brand","embeddable":true,"href":"https:\/\/www.eurosystems-spa.it\/fr\/wp-json\/wp\/v2\/product_brand?post=5665"},{"taxonomy":"product_cat","embeddable":true,"href":"https:\/\/www.eurosystems-spa.it\/fr\/wp-json\/wp\/v2\/product_cat?post=5665"},{"taxonomy":"product_tag","embeddable":true,"href":"https:\/\/www.eurosystems-spa.it\/fr\/wp-json\/wp\/v2\/product_tag?post=5665"}],"curies":[{"name":"wp","href":"https:\/\/api.w.org\/{rel}","templated":true}]}}