

{"id":5664,"date":"2020-05-03T06:00:25","date_gmt":"2020-05-03T05:00:25","guid":{"rendered":"https:\/\/www.eurosystems-spa.itprodotto\/euro-5-evo\/"},"modified":"2026-04-08T16:19:26","modified_gmt":"2026-04-08T15:19:26","slug":"euro-5-evo","status":"publish","type":"product","link":"https:\/\/www.eurosystems-spa.it\/fr\/produit\/euro-5-evo\/","title":{"rendered":"EURO 5 EVO"},"content":{"rendered":"","protected":false},"excerpt":{"rendered":"<p>Polyvalent et robuste, Euro 5 Evo pr\u00e9pare rapidement le lit de semence en cassant la cro\u00fbte sup\u00e9rieure, r\u00e9duisant la terre en terre finement broy\u00e9e, bien ventil\u00e9e, molle et pr\u00eate \u00e0 pousser. Par rapport \u00e0 la version semi-professionnelle 2 + 1, ce mod\u00e8le d\u00e9finit une transmission par courroie (vitesse unique ou avec marche arri\u00e8re) et est con\u00e7u pour \u00eatre l&#8217;instrument parfait pour les amateurs qui ont besoin de travailler rapidement sur des surfaces petites \/ moyennes m\u00eame sur moyennes \/ dures les sols.<\/p>\n<p>&nbsp;<\/p>\n<p><em>4 moteurs disponibles<\/em><br \/>\n<em>Utilisation: amateur <\/em><br \/>\n<em>Recommandation: sol moyen \/ dur, jusqu&#8217;\u00e0 400 m\u00b2<\/em><\/p>\n","protected":false},"featured_media":10287,"template":"","meta":{"_acf_changed":false,"inline_featured_image":false},"product_brand":[],"product_cat":[1383],"product_tag":[],"class_list":{"0":"post-5664","1":"product","2":"type-product","3":"status-publish","4":"has-post-thumbnail","6":"product_cat-motobineuse","8":"first","9":"instock","10":"featured","11":"shipping-taxable","12":"product-type-simple"},"acf":[],"aioseo_notices":[],"_links":{"self":[{"href":"https:\/\/www.eurosystems-spa.it\/fr\/wp-json\/wp\/v2\/product\/5664","targetHints":{"allow":["GET"]}}],"collection":[{"href":"https:\/\/www.eurosystems-spa.it\/fr\/wp-json\/wp\/v2\/product"}],"about":[{"href":"https:\/\/www.eurosystems-spa.it\/fr\/wp-json\/wp\/v2\/types\/product"}],"wp:featuredmedia":[{"embeddable":true,"href":"https:\/\/www.eurosystems-spa.it\/fr\/wp-json\/wp\/v2\/media\/10287"}],"wp:attachment":[{"href":"https:\/\/www.eurosystems-spa.it\/fr\/wp-json\/wp\/v2\/media?parent=5664"}],"wp:term":[{"taxonomy":"product_brand","embeddable":true,"href":"https:\/\/www.eurosystems-spa.it\/fr\/wp-json\/wp\/v2\/product_brand?post=5664"},{"taxonomy":"product_cat","embeddable":true,"href":"https:\/\/www.eurosystems-spa.it\/fr\/wp-json\/wp\/v2\/product_cat?post=5664"},{"taxonomy":"product_tag","embeddable":true,"href":"https:\/\/www.eurosystems-spa.it\/fr\/wp-json\/wp\/v2\/product_tag?post=5664"}],"curies":[{"name":"wp","href":"https:\/\/api.w.org\/{rel}","templated":true}]}}