

{"id":5657,"date":"2020-05-03T08:00:16","date_gmt":"2020-05-03T07:00:16","guid":{"rendered":"https:\/\/www.eurosystems-spa.itprodotto\/euro-3-evo\/"},"modified":"2026-04-08T15:57:45","modified_gmt":"2026-04-08T14:57:45","slug":"euro-3-evo","status":"publish","type":"product","link":"https:\/\/www.eurosystems-spa.it\/fr\/produit\/euro-3-evo\/","title":{"rendered":"EURO 3 EVO"},"content":{"rendered":"","protected":false},"excerpt":{"rendered":"<p>Compact, puissant et fiable, id\u00e9al pour travailler dans les potagers, les serres ou les petits jardins ; le parfait rapport poids\/puissance garantit une p\u00e9n\u00e9tration optimale du sol Euro 3 Evo, \u00e9vitant le ph\u00e9nom\u00e8ne de saut et rendant le travail de l&#8217;op\u00e9rateur plus efficace. Euro 3 Evo est parfait pour travailler les sols mous et moyennement compacts mais parvient \u00e0 bien performer m\u00eame si les sols n&#8217;ont jamais \u00e9t\u00e9 labour\u00e9s auparavant. Ergonomique et facile \u00e0 manipuler, gr\u00e2ce au guidon pliable, il peut \u00eatre transport\u00e9 en prenant tr\u00e8s peu de place.<\/p>\n<p>&nbsp;<\/p>\n<p><em>3 moteurs disponibles<\/em><br \/>\n<em>Utilisation: amateur <\/em><br \/>\n<em>Recommandation : sol moyen, jusqu&#8217;\u00e0 250 m\u00b2<\/em><\/p>\n","protected":false},"featured_media":10265,"template":"","meta":{"_acf_changed":false,"inline_featured_image":false},"product_brand":[],"product_cat":[1383],"product_tag":[],"class_list":{"0":"post-5657","1":"product","2":"type-product","3":"status-publish","4":"has-post-thumbnail","6":"product_cat-motobineuse","8":"first","9":"instock","10":"featured","11":"shipping-taxable","12":"product-type-simple"},"acf":[],"aioseo_notices":[],"_links":{"self":[{"href":"https:\/\/www.eurosystems-spa.it\/fr\/wp-json\/wp\/v2\/product\/5657","targetHints":{"allow":["GET"]}}],"collection":[{"href":"https:\/\/www.eurosystems-spa.it\/fr\/wp-json\/wp\/v2\/product"}],"about":[{"href":"https:\/\/www.eurosystems-spa.it\/fr\/wp-json\/wp\/v2\/types\/product"}],"wp:featuredmedia":[{"embeddable":true,"href":"https:\/\/www.eurosystems-spa.it\/fr\/wp-json\/wp\/v2\/media\/10265"}],"wp:attachment":[{"href":"https:\/\/www.eurosystems-spa.it\/fr\/wp-json\/wp\/v2\/media?parent=5657"}],"wp:term":[{"taxonomy":"product_brand","embeddable":true,"href":"https:\/\/www.eurosystems-spa.it\/fr\/wp-json\/wp\/v2\/product_brand?post=5657"},{"taxonomy":"product_cat","embeddable":true,"href":"https:\/\/www.eurosystems-spa.it\/fr\/wp-json\/wp\/v2\/product_cat?post=5657"},{"taxonomy":"product_tag","embeddable":true,"href":"https:\/\/www.eurosystems-spa.it\/fr\/wp-json\/wp\/v2\/product_tag?post=5657"}],"curies":[{"name":"wp","href":"https:\/\/api.w.org\/{rel}","templated":true}]}}