

{"id":5656,"date":"2020-05-03T07:00:15","date_gmt":"2020-05-03T06:00:15","guid":{"rendered":"https:\/\/www.eurosystems-spa.itprodotto\/euro-5-evo-one\/"},"modified":"2026-04-08T16:11:45","modified_gmt":"2026-04-08T15:11:45","slug":"euro-5-evo-one","status":"publish","type":"product","link":"https:\/\/www.eurosystems-spa.it\/fr\/produit\/euro-5-evo-one\/","title":{"rendered":"EURO 5 EVO ONE"},"content":{"rendered":"","protected":false},"excerpt":{"rendered":"<p>Version compacte du mod\u00e8le Euro 5 Evo. Cette motobineuse est un mod\u00e8le d&#8217;entr\u00e9e de gamme con\u00e7u pour les travaux allant du niveau hobby au semi-professionnel. Agile, maniable mais aussi puissant, le mod\u00e8le Euro 5 Evo One dispose d&#8217;un arbre horizontal \u00e0 faible cylindr\u00e9e et d&#8217;un petit rotavateur, des caract\u00e9ristiques id\u00e9ales pour travailler rapidement sur des surfaces moyennement compactes. Le rapport poids \/ puissance \u00e9quilibr\u00e9 garantit une p\u00e9n\u00e9tration optimale m\u00eame sur les sols durs. De plus, la r\u00e9duction de poids consid\u00e9rable permet un transport facile et une maniabilit\u00e9 exceptionnelle.<\/p>\n<p>&nbsp;<\/p>\n<p>Moteur \u00e0 arbre horizontal 80 cm\u00b3<br \/>\n<em>Utilisation: amateur <\/em><br \/>\n<em>Recommandation: sol moyen \/ dur, jusqu&#8217;\u00e0 300 m\u00b2<\/em><\/p>\n","protected":false},"featured_media":10273,"template":"","meta":{"_acf_changed":false,"inline_featured_image":false},"product_brand":[],"product_cat":[1383],"product_tag":[],"class_list":{"0":"post-5656","1":"product","2":"type-product","3":"status-publish","4":"has-post-thumbnail","6":"product_cat-motobineuse","8":"first","9":"instock","10":"shipping-taxable","11":"product-type-simple"},"acf":[],"aioseo_notices":[],"_links":{"self":[{"href":"https:\/\/www.eurosystems-spa.it\/fr\/wp-json\/wp\/v2\/product\/5656","targetHints":{"allow":["GET"]}}],"collection":[{"href":"https:\/\/www.eurosystems-spa.it\/fr\/wp-json\/wp\/v2\/product"}],"about":[{"href":"https:\/\/www.eurosystems-spa.it\/fr\/wp-json\/wp\/v2\/types\/product"}],"wp:featuredmedia":[{"embeddable":true,"href":"https:\/\/www.eurosystems-spa.it\/fr\/wp-json\/wp\/v2\/media\/10273"}],"wp:attachment":[{"href":"https:\/\/www.eurosystems-spa.it\/fr\/wp-json\/wp\/v2\/media?parent=5656"}],"wp:term":[{"taxonomy":"product_brand","embeddable":true,"href":"https:\/\/www.eurosystems-spa.it\/fr\/wp-json\/wp\/v2\/product_brand?post=5656"},{"taxonomy":"product_cat","embeddable":true,"href":"https:\/\/www.eurosystems-spa.it\/fr\/wp-json\/wp\/v2\/product_cat?post=5656"},{"taxonomy":"product_tag","embeddable":true,"href":"https:\/\/www.eurosystems-spa.it\/fr\/wp-json\/wp\/v2\/product_tag?post=5656"}],"curies":[{"name":"wp","href":"https:\/\/api.w.org\/{rel}","templated":true}]}}