

{"id":5649,"date":"2020-05-03T11:00:17","date_gmt":"2021-05-07T07:40:03","guid":{"rendered":"https:\/\/www.eurosystems-spa.itprodotto\/la-zappa\/"},"modified":"2025-07-03T09:49:10","modified_gmt":"2025-07-03T08:49:10","slug":"la-zappa","status":"publish","type":"product","link":"https:\/\/www.eurosystems-spa.it\/fr\/produit\/la-zappa\/","title":{"rendered":"LA ZAPPA"},"content":{"rendered":"","protected":false},"excerpt":{"rendered":"<p>Fraise historique produite depuis 1989, La Zappa a \u00e9tabli une norme de l&#8217;industrie sur le march\u00e9 mondial. Sans aucun doute le mod\u00e8le le plus imit\u00e9 et vendu, une premi\u00e8re gamme de prix con\u00e7ue pour \u00eatre extr\u00eamement robuste et facile \u00e0 utiliser. La Zappa est parfaite pour travailler les sols mous et moyennement compacts, mais elle se comporte \u00e9galement bien sur les sols durs et argileux. Egalement disponible dans sa version \u00e9lectrique.<\/p>\n<p>&nbsp;<\/p>\n<p><em>Moteur: essence ou \u00e9lectrique<\/em><br \/>\n<em>Utilisation: amateur <\/em><br \/>\n<em>Utilisation recommand\u00e9e: sol mou \/ moyen, jusqu&#8217;\u00e0 150 mq<\/em><\/p>\n","protected":false},"featured_media":10241,"template":"","meta":{"_acf_changed":false,"inline_featured_image":false},"product_brand":[],"product_cat":[1383],"product_tag":[],"class_list":{"0":"post-5649","1":"product","2":"type-product","3":"status-publish","4":"has-post-thumbnail","6":"product_cat-motobineuse","8":"first","9":"instock","10":"featured","11":"shipping-taxable","12":"product-type-simple"},"acf":[],"aioseo_notices":[],"_links":{"self":[{"href":"https:\/\/www.eurosystems-spa.it\/fr\/wp-json\/wp\/v2\/product\/5649","targetHints":{"allow":["GET"]}}],"collection":[{"href":"https:\/\/www.eurosystems-spa.it\/fr\/wp-json\/wp\/v2\/product"}],"about":[{"href":"https:\/\/www.eurosystems-spa.it\/fr\/wp-json\/wp\/v2\/types\/product"}],"wp:featuredmedia":[{"embeddable":true,"href":"https:\/\/www.eurosystems-spa.it\/fr\/wp-json\/wp\/v2\/media\/10241"}],"wp:attachment":[{"href":"https:\/\/www.eurosystems-spa.it\/fr\/wp-json\/wp\/v2\/media?parent=5649"}],"wp:term":[{"taxonomy":"product_brand","embeddable":true,"href":"https:\/\/www.eurosystems-spa.it\/fr\/wp-json\/wp\/v2\/product_brand?post=5649"},{"taxonomy":"product_cat","embeddable":true,"href":"https:\/\/www.eurosystems-spa.it\/fr\/wp-json\/wp\/v2\/product_cat?post=5649"},{"taxonomy":"product_tag","embeddable":true,"href":"https:\/\/www.eurosystems-spa.it\/fr\/wp-json\/wp\/v2\/product_tag?post=5649"}],"curies":[{"name":"wp","href":"https:\/\/api.w.org\/{rel}","templated":true}]}}