

{"id":5648,"date":"2020-05-03T10:00:35","date_gmt":"2021-05-07T07:27:04","guid":{"rendered":"https:\/\/www.eurosystems-spa.itprodotto\/z2\/"},"modified":"2025-05-13T09:16:59","modified_gmt":"2025-05-13T08:16:59","slug":"z-2","status":"publish","type":"product","link":"https:\/\/www.eurosystems-spa.it\/fr\/produit\/z-2\/","title":{"rendered":"Z2"},"content":{"rendered":"","protected":false},"excerpt":{"rendered":"<p>Le Z2 l\u00e9ger et compact est un motoculteur id\u00e9al pour travailler dans les jardins, les petites parcelles et pour les travaux de pr\u00e9cision dans les passages \u00e9troits. Le Z2 est simple d&#8217;utilisation, fiable et poss\u00e8de une bonne maniabilit\u00e9 surtout lorsqu&#8217;il est \u00e9quip\u00e9 de la marche arri\u00e8re ; ces caract\u00e9ristiques ont fait du Z2 l&#8217;un des mod\u00e8les les plus r\u00e9ussis sur le march\u00e9 de l&#8217;horticulture priv\u00e9e. Id\u00e9al pour les sols mous et moyennement compacts, il peut \u00e9galement \u00eatre utilis\u00e9 sur des sols argileux sans creusement pr\u00e9alable.<\/p>\n<p>&nbsp;<\/p>\n<p><em>3 moteurs<\/em><br \/>\n<em>Utilisation: amateur <\/em><br \/>\n<em>Utilisation recommand\u00e9e: sol mou \/ moyen, jusqu&#8217;\u00e0 150 mq<\/em><\/p>\n","protected":false},"featured_media":10249,"template":"","meta":{"_acf_changed":false,"inline_featured_image":false},"product_brand":[],"product_cat":[1383],"product_tag":[],"class_list":{"0":"post-5648","1":"product","2":"type-product","3":"status-publish","4":"has-post-thumbnail","6":"product_cat-motobineuse","8":"first","9":"instock","10":"featured","11":"shipping-taxable","12":"product-type-simple"},"acf":[],"aioseo_notices":[],"_links":{"self":[{"href":"https:\/\/www.eurosystems-spa.it\/fr\/wp-json\/wp\/v2\/product\/5648","targetHints":{"allow":["GET"]}}],"collection":[{"href":"https:\/\/www.eurosystems-spa.it\/fr\/wp-json\/wp\/v2\/product"}],"about":[{"href":"https:\/\/www.eurosystems-spa.it\/fr\/wp-json\/wp\/v2\/types\/product"}],"wp:featuredmedia":[{"embeddable":true,"href":"https:\/\/www.eurosystems-spa.it\/fr\/wp-json\/wp\/v2\/media\/10249"}],"wp:attachment":[{"href":"https:\/\/www.eurosystems-spa.it\/fr\/wp-json\/wp\/v2\/media?parent=5648"}],"wp:term":[{"taxonomy":"product_brand","embeddable":true,"href":"https:\/\/www.eurosystems-spa.it\/fr\/wp-json\/wp\/v2\/product_brand?post=5648"},{"taxonomy":"product_cat","embeddable":true,"href":"https:\/\/www.eurosystems-spa.it\/fr\/wp-json\/wp\/v2\/product_cat?post=5648"},{"taxonomy":"product_tag","embeddable":true,"href":"https:\/\/www.eurosystems-spa.it\/fr\/wp-json\/wp\/v2\/product_tag?post=5648"}],"curies":[{"name":"wp","href":"https:\/\/api.w.org\/{rel}","templated":true}]}}