

{"id":14490,"date":"2026-01-23T10:20:08","date_gmt":"2026-01-23T09:20:08","guid":{"rendered":"https:\/\/www.eurosystems-spa.it\/?post_type=product&#038;p=14490"},"modified":"2026-02-02T16:28:38","modified_gmt":"2026-02-02T15:28:38","slug":"m410","status":"publish","type":"product","link":"https:\/\/www.eurosystems-spa.it\/fr\/produit\/m410\/","title":{"rendered":"M410"},"content":{"rendered":"","protected":false},"excerpt":{"rendered":"<p data-start=\"100\" data-end=\"196\"><strong data-start=\"100\" data-end=\"196\">Encore plus puissante, encore plus performante : le nouveau fleuron de la gamme Eurosystems.<\/strong><\/p>\n<p data-start=\"198\" data-end=\"509\">Con\u00e7ue pour les utilisateurs les plus exigeants, cette motofaucheuse autotract\u00e9e repr\u00e9sente le plus haut niveau de performance de la gamme.<br data-start=\"337\" data-end=\"340\" \/>La barre de coupe de <strong data-start=\"361\" data-end=\"371\">140 cm<\/strong> permet un travail rapide m\u00eame sur de grandes surfaces, r\u00e9duisant consid\u00e9rablement les temps d\u2019intervention et augmentant la productivit\u00e9.<\/p>\n<p data-start=\"511\" data-end=\"744\">Le <strong data-start=\"514\" data-end=\"548\">syst\u00e8me de coupe \u00e0 double lame<\/strong>, avec lames sup\u00e9rieure et inf\u00e9rieure en mouvement, garantit une coupe nette, pr\u00e9cise et uniforme \u2014 id\u00e9ale pour favoriser une repousse saine du gazon, m\u00eame dans les conditions les plus exigeantes.\u00a0Robuste, fiable et pens\u00e9e pour un usage intensif, elle est \u00e9quip\u00e9e d\u2019un <strong data-start=\"818\" data-end=\"844\">moteur haute puissance<\/strong> qui assure un fonctionnement continu, une grande facilit\u00e9 d\u2019utilisation et une efficacit\u00e9 maximale, m\u00eame sur terrains difficiles.<\/p>\n<p data-start=\"976\" data-end=\"1075\">Le choix id\u00e9al pour ceux qui recherchent <strong data-start=\"1017\" data-end=\"1074\">des performances de tout premier plan, sans compromis<\/strong>.<\/p>\n<p data-start=\"1115\" data-end=\"1148\">Mouvement de coupe : <strong data-start=\"1136\" data-end=\"1146\">bilame<\/strong><\/p>\n<p data-start=\"1151\" data-end=\"1177\">Mod\u00e8le de moteur : <strong data-start=\"1170\" data-end=\"1175\">1<\/strong><\/p>\n<p data-start=\"1180\" data-end=\"1227\">Utilisation recommand\u00e9e : <strong data-start=\"1206\" data-end=\"1227\">jusqu\u2019\u00e0 10 000 m\u00b2<\/strong><\/p>\n","protected":false},"featured_media":14458,"template":"","meta":{"_acf_changed":false,"inline_featured_image":false},"product_brand":[],"product_cat":[1494],"product_tag":[],"class_list":{"0":"post-14490","1":"product","2":"type-product","3":"status-publish","4":"has-post-thumbnail","6":"product_cat-motofaucheuses","8":"first","9":"instock","10":"featured","11":"shipping-taxable","12":"product-type-simple"},"acf":[],"aioseo_notices":[],"_links":{"self":[{"href":"https:\/\/www.eurosystems-spa.it\/fr\/wp-json\/wp\/v2\/product\/14490","targetHints":{"allow":["GET"]}}],"collection":[{"href":"https:\/\/www.eurosystems-spa.it\/fr\/wp-json\/wp\/v2\/product"}],"about":[{"href":"https:\/\/www.eurosystems-spa.it\/fr\/wp-json\/wp\/v2\/types\/product"}],"wp:featuredmedia":[{"embeddable":true,"href":"https:\/\/www.eurosystems-spa.it\/fr\/wp-json\/wp\/v2\/media\/14458"}],"wp:attachment":[{"href":"https:\/\/www.eurosystems-spa.it\/fr\/wp-json\/wp\/v2\/media?parent=14490"}],"wp:term":[{"taxonomy":"product_brand","embeddable":true,"href":"https:\/\/www.eurosystems-spa.it\/fr\/wp-json\/wp\/v2\/product_brand?post=14490"},{"taxonomy":"product_cat","embeddable":true,"href":"https:\/\/www.eurosystems-spa.it\/fr\/wp-json\/wp\/v2\/product_cat?post=14490"},{"taxonomy":"product_tag","embeddable":true,"href":"https:\/\/www.eurosystems-spa.it\/fr\/wp-json\/wp\/v2\/product_tag?post=14490"}],"curies":[{"name":"wp","href":"https:\/\/api.w.org\/{rel}","templated":true}]}}