

{"id":12627,"date":"2025-02-03T16:07:59","date_gmt":"2025-02-03T15:07:59","guid":{"rendered":"https:\/\/www.eurosystems-spa.it\/prodotto\/tpm42\/"},"modified":"2026-03-03T09:44:25","modified_gmt":"2026-03-03T08:44:25","slug":"tpm42","status":"publish","type":"product","link":"https:\/\/www.eurosystems-spa.it\/fr\/produit\/tpm42\/","title":{"rendered":"TPM42"},"content":{"rendered":"","protected":false},"excerpt":{"rendered":"<p>TPM42 est un a\u00e9rateur \u00e0 ressorts d\u00e9velopp\u00e9 pour le nettoyage et l&#8217;entretien des terrains synth\u00e9tiques domestiques sans remplissage granulaire:<br \/>\nle rotor particulier compos\u00e9 de 56 ressorts en acier INOXYDABLE est con\u00e7u pour \u00e9liminer la mousse et les mauvaises herbes qui peuvent na\u00eetre et se m\u00e9langer \u00e0 la texture de la pelouse synth\u00e9tique.<br \/>\nLe sac de collecte de 45 litres est id\u00e9al pour collecter la salet\u00e9 et les r\u00e9sidus v\u00e9g\u00e9taux.<\/p>\n<p>&nbsp;<\/p>\n<p><em>Outil \u00e0 ressort<br \/>\n<\/em><em>2 moteurs disponibles<br \/>\n<\/em><em>Utilisation recommand\u00e9e : jusqu&#8217;\u00e0 1 200 m\u00b2<\/em><\/p>\n","protected":false},"featured_media":12465,"template":"","meta":{"_acf_changed":false,"inline_featured_image":false},"product_brand":[],"product_cat":[2405],"product_tag":[],"class_list":{"0":"post-12627","1":"product","2":"type-product","3":"status-publish","4":"has-post-thumbnail","6":"product_cat-aerateur","8":"first","9":"instock","10":"featured","11":"shipping-taxable","12":"product-type-simple"},"acf":[],"aioseo_notices":[],"_links":{"self":[{"href":"https:\/\/www.eurosystems-spa.it\/fr\/wp-json\/wp\/v2\/product\/12627","targetHints":{"allow":["GET"]}}],"collection":[{"href":"https:\/\/www.eurosystems-spa.it\/fr\/wp-json\/wp\/v2\/product"}],"about":[{"href":"https:\/\/www.eurosystems-spa.it\/fr\/wp-json\/wp\/v2\/types\/product"}],"wp:featuredmedia":[{"embeddable":true,"href":"https:\/\/www.eurosystems-spa.it\/fr\/wp-json\/wp\/v2\/media\/12465"}],"wp:attachment":[{"href":"https:\/\/www.eurosystems-spa.it\/fr\/wp-json\/wp\/v2\/media?parent=12627"}],"wp:term":[{"taxonomy":"product_brand","embeddable":true,"href":"https:\/\/www.eurosystems-spa.it\/fr\/wp-json\/wp\/v2\/product_brand?post=12627"},{"taxonomy":"product_cat","embeddable":true,"href":"https:\/\/www.eurosystems-spa.it\/fr\/wp-json\/wp\/v2\/product_cat?post=12627"},{"taxonomy":"product_tag","embeddable":true,"href":"https:\/\/www.eurosystems-spa.it\/fr\/wp-json\/wp\/v2\/product_tag?post=12627"}],"curies":[{"name":"wp","href":"https:\/\/api.w.org\/{rel}","templated":true}]}}