

{"id":11567,"date":"2024-10-03T07:32:16","date_gmt":"2024-10-03T06:32:16","guid":{"rendered":"https:\/\/www.eurosystems-spa.it\/prodotto\/m310\/"},"modified":"2025-05-12T15:49:57","modified_gmt":"2025-05-12T14:49:57","slug":"m310","status":"publish","type":"product","link":"https:\/\/www.eurosystems-spa.it\/fr\/produit\/m310\/","title":{"rendered":"M310"},"content":{"rendered":"","protected":false},"excerpt":{"rendered":"<p>Plus puissant, plus grand, plus performant\u00a0: M310\u00a0est la derni\u00e8re motofaucheuse semi-professionnelle con\u00e7ue et construite par Eurosystems.<\/p>\n<p>La barre de coupe de 127\u00a0cm permet de travailler sur de plus grandes \u00e9tendues de terrain, le mouvement \u00e0 double lame, o\u00f9 la lame sup\u00e9rieure et la lame inf\u00e9rieure oscillent, permet une coupe nette et propre permettant une repousse rapide de l&#8217;herbe \u00e0 couper.<\/p>\n<p>\u00c9quip\u00e9e de roues pneumatiques avec un demi diff\u00e9rentiel m\u00e9canique de 5&#215;6,00-6\u201d, la M310\u00a0est commercialis\u00e9e avec des moteurs puissants qui permettent une utilisation facile, continue et performante.<\/p>\n<p>&nbsp;<\/p>\n<p><em>Mouvement de coupe: bilama<br \/>\n2 moteurs disponibles<br \/>\nUtilisation recommend\u00e9e: jusqu\u2019\u00e0 10.000 m\u00b2<\/em><\/p>\n","protected":false},"featured_media":11551,"template":"","meta":{"_acf_changed":false,"inline_featured_image":false},"product_brand":[],"product_cat":[1494],"product_tag":[],"class_list":{"0":"post-11567","1":"product","2":"type-product","3":"status-publish","4":"has-post-thumbnail","6":"product_cat-motofaucheuses","8":"first","9":"instock","10":"featured","11":"shipping-taxable","12":"product-type-simple"},"acf":[],"aioseo_notices":[],"_links":{"self":[{"href":"https:\/\/www.eurosystems-spa.it\/fr\/wp-json\/wp\/v2\/product\/11567","targetHints":{"allow":["GET"]}}],"collection":[{"href":"https:\/\/www.eurosystems-spa.it\/fr\/wp-json\/wp\/v2\/product"}],"about":[{"href":"https:\/\/www.eurosystems-spa.it\/fr\/wp-json\/wp\/v2\/types\/product"}],"wp:featuredmedia":[{"embeddable":true,"href":"https:\/\/www.eurosystems-spa.it\/fr\/wp-json\/wp\/v2\/media\/11551"}],"wp:attachment":[{"href":"https:\/\/www.eurosystems-spa.it\/fr\/wp-json\/wp\/v2\/media?parent=11567"}],"wp:term":[{"taxonomy":"product_brand","embeddable":true,"href":"https:\/\/www.eurosystems-spa.it\/fr\/wp-json\/wp\/v2\/product_brand?post=11567"},{"taxonomy":"product_cat","embeddable":true,"href":"https:\/\/www.eurosystems-spa.it\/fr\/wp-json\/wp\/v2\/product_cat?post=11567"},{"taxonomy":"product_tag","embeddable":true,"href":"https:\/\/www.eurosystems-spa.it\/fr\/wp-json\/wp\/v2\/product_tag?post=11567"}],"curies":[{"name":"wp","href":"https:\/\/api.w.org\/{rel}","templated":true}]}}