

{"id":10564,"date":"2024-05-10T09:03:24","date_gmt":"2024-05-16T14:31:54","guid":{"rendered":"https:\/\/www.eurosystems-spa.itprodotto\/ecarry-battery\/"},"modified":"2025-05-13T08:57:27","modified_gmt":"2025-05-13T07:57:27","slug":"carry-copy","status":"publish","type":"product","link":"https:\/\/www.eurosystems-spa.it\/fr\/produit\/carry-copy\/","title":{"rendered":"eCARRY battery"},"content":{"rendered":"","protected":false},"excerpt":{"rendered":"<p>Brouette aliment\u00e9e par batterie id\u00e9ale pour d\u00e9placer des charges; pratique et simple, CARRY 24V est parfait pour le transport de petites plantes, bois, feuillage et r\u00e9sidus v\u00e9g\u00e9taux. The eco-friendly battery system allows you to work even in closed areas such as garages, greenhouses or warehouses. Les accessoires optionnels pratiques lui permettent \u00e9galement d&#8217;augmenter sa capacit\u00e9 de charge jusqu&#8217;\u00e0 un maximum de 160 litres.<\/p>\n<p>&nbsp;<\/p>\n<p><em>2 battery motors available<\/em><br \/>\n<em>Utilisation: ext\u00e9rieur et int\u00e9rieur<\/em><br \/>\n<em>Utilisation recommand\u00e9e: jusqu&#8217;\u00e0 100 Kg<\/em><\/p>\n","protected":false},"featured_media":10393,"template":"","meta":{"_acf_changed":false,"inline_featured_image":false},"product_brand":[],"product_cat":[1591],"product_tag":[],"class_list":{"0":"post-10564","1":"product","2":"type-product","3":"status-publish","4":"has-post-thumbnail","6":"product_cat-brouettes","8":"first","9":"instock","10":"featured","11":"shipping-taxable","12":"product-type-simple"},"acf":[],"aioseo_notices":[],"_links":{"self":[{"href":"https:\/\/www.eurosystems-spa.it\/fr\/wp-json\/wp\/v2\/product\/10564","targetHints":{"allow":["GET"]}}],"collection":[{"href":"https:\/\/www.eurosystems-spa.it\/fr\/wp-json\/wp\/v2\/product"}],"about":[{"href":"https:\/\/www.eurosystems-spa.it\/fr\/wp-json\/wp\/v2\/types\/product"}],"wp:featuredmedia":[{"embeddable":true,"href":"https:\/\/www.eurosystems-spa.it\/fr\/wp-json\/wp\/v2\/media\/10393"}],"wp:attachment":[{"href":"https:\/\/www.eurosystems-spa.it\/fr\/wp-json\/wp\/v2\/media?parent=10564"}],"wp:term":[{"taxonomy":"product_brand","embeddable":true,"href":"https:\/\/www.eurosystems-spa.it\/fr\/wp-json\/wp\/v2\/product_brand?post=10564"},{"taxonomy":"product_cat","embeddable":true,"href":"https:\/\/www.eurosystems-spa.it\/fr\/wp-json\/wp\/v2\/product_cat?post=10564"},{"taxonomy":"product_tag","embeddable":true,"href":"https:\/\/www.eurosystems-spa.it\/fr\/wp-json\/wp\/v2\/product_tag?post=10564"}],"curies":[{"name":"wp","href":"https:\/\/api.w.org\/{rel}","templated":true}]}}