

{"id":10561,"date":"2024-05-10T11:24:30","date_gmt":"2024-05-10T10:24:30","guid":{"rendered":"https:\/\/www.eurosystems-spa.itprodotto\/esweepy\/"},"modified":"2025-10-13T09:17:07","modified_gmt":"2025-10-13T08:17:07","slug":"sweepy-copy-3","status":"publish","type":"product","link":"https:\/\/www.eurosystems-spa.it\/fr\/produit\/sweepy-copy-3\/","title":{"rendered":"eSWEEPY"},"content":{"rendered":"","protected":false},"excerpt":{"rendered":"<p>Compacte et simple \u00e0 utiliser, Sandy est une brosse \u00e9lectrique con\u00e7ue pour l\u2019entretien de le gazon synth\u00e9tique; la brosse est con\u00e7ue pour niveler le fond du champ et pour soulever facilement les brins d\u2019herbe tout en gardant le gazon synth\u00e9tique beau et doux au fil du temp. Le sac de collecte est disponible en deux versions, une standard et une avec tamis, utile pour les champs avec des mat\u00e9riaux de remplissage comme du sable ou des granul\u00e9s de plastique.<\/p>\n","protected":false},"featured_media":10449,"template":"","meta":{"_acf_changed":false,"inline_featured_image":false},"product_brand":[],"product_cat":[1564],"product_tag":[],"class_list":{"0":"post-10561","1":"product","2":"type-product","3":"status-publish","4":"has-post-thumbnail","6":"product_cat-moto-balais","8":"first","9":"instock","10":"shipping-taxable","11":"product-type-simple"},"acf":[],"aioseo_notices":[],"_links":{"self":[{"href":"https:\/\/www.eurosystems-spa.it\/fr\/wp-json\/wp\/v2\/product\/10561","targetHints":{"allow":["GET"]}}],"collection":[{"href":"https:\/\/www.eurosystems-spa.it\/fr\/wp-json\/wp\/v2\/product"}],"about":[{"href":"https:\/\/www.eurosystems-spa.it\/fr\/wp-json\/wp\/v2\/types\/product"}],"wp:featuredmedia":[{"embeddable":true,"href":"https:\/\/www.eurosystems-spa.it\/fr\/wp-json\/wp\/v2\/media\/10449"}],"wp:attachment":[{"href":"https:\/\/www.eurosystems-spa.it\/fr\/wp-json\/wp\/v2\/media?parent=10561"}],"wp:term":[{"taxonomy":"product_brand","embeddable":true,"href":"https:\/\/www.eurosystems-spa.it\/fr\/wp-json\/wp\/v2\/product_brand?post=10561"},{"taxonomy":"product_cat","embeddable":true,"href":"https:\/\/www.eurosystems-spa.it\/fr\/wp-json\/wp\/v2\/product_cat?post=10561"},{"taxonomy":"product_tag","embeddable":true,"href":"https:\/\/www.eurosystems-spa.it\/fr\/wp-json\/wp\/v2\/product_tag?post=10561"}],"curies":[{"name":"wp","href":"https:\/\/api.w.org\/{rel}","templated":true}]}}