

{"id":6087,"date":"2021-05-24T14:10:47","date_gmt":"2021-05-24T13:10:47","guid":{"rendered":"https:\/\/www.eurosystems-spa.ittermes-et-conditions\/"},"modified":"2021-05-24T14:10:47","modified_gmt":"2021-05-24T13:10:47","slug":"termes-et-conditions","status":"publish","type":"page","link":"https:\/\/www.eurosystems-spa.it\/fr\/termes-et-conditions\/","title":{"rendered":"Termes et conditions"},"content":{"rendered":"<p>[vc_row][vc_column][vc_column_text]<strong>PR\u00c9MISSE<\/strong><\/p>\n<p>Ce site appartient \u00e0 Eurosystems S.p.A., Via G. Pastore, 8-42045 Luzzara (RE) Italie, num\u00e9ro de TVA IT00270140353<\/p>\n<p>L&#8217;ensemble du contenu de ce site Web est prot\u00e9g\u00e9 par le droit d&#8217;auteur (copyright \u00a9 d&#8217;Eurosystems S.p.A. ou de ses fournisseurs). Tous les droits sont r\u00e9serv\u00e9s aux propri\u00e9taires conform\u00e9ment \u00e0 la loi.<\/p>\n<p>&nbsp;<\/p>\n<p><strong>DROITS D&#8217;AUTEUR<\/strong><\/p>\n<p>Tous les textes, graphiques, logos, titres, illustrations, la marque \u00abEurosystems\u00bb sont la propri\u00e9t\u00e9 d&#8217;Eurosystems S.p.A.; les marques d\u00e9pos\u00e9es et toutes les autres marques pr\u00e9sentes sur ce site sont la propri\u00e9t\u00e9 exclusive de leurs propri\u00e9taires respectifs et prot\u00e9g\u00e9es par les lois sur les droits d&#8217;auteur, les brevets et celles relatives \u00e0 la propri\u00e9t\u00e9 intellectuelle.<\/p>\n<p>Tous les produits mentionn\u00e9s sur ce site sont des marques de commerce de leur propri\u00e9taire ou propri\u00e9taire respectif et peuvent \u00eatre prot\u00e9g\u00e9s par des brevets et\/ou des droits d&#8217;auteur accord\u00e9s ou enregistr\u00e9s par les autorit\u00e9s comp\u00e9tentes. Par cons\u00e9quent, ils ne peuvent pas \u00eatre t\u00e9l\u00e9charg\u00e9s ou utilis\u00e9s par l&#8217;utilisateur \u00e0 quelque fin que ce soit, personnelle ou commerciale, avec l&#8217;autorisation pr\u00e9alable d&#8217;Eurosystems S.p.A. ou le propri\u00e9taire\/revendeur.<\/p>\n<p>&nbsp;<\/p>\n<p><strong>EXCLUSION DE RESPONSABILIT\u00c9<\/strong><\/p>\n<p>En aucun cas, Eurosystems S.p.A. sera tenu responsable des dommages de toute nature caus\u00e9s directement ou indirectement par l&#8217;acc\u00e8s au site, par l&#8217;utilisation d&#8217;outils interactifs, par l&#8217;impossibilit\u00e9 ou l&#8217;impossibilit\u00e9 d&#8217;y acc\u00e9der, par l&#8217;utilisation des informations qui y sont contenues.<\/p>\n<p>Eurosystems S.p.A. se r\u00e9serve le droit de modifier le contenu du site \u00e0 tout moment et sans pr\u00e9avis.<\/p>\n<p>&nbsp;<\/p>\n<p><strong>RAPPORT D&#8217;ERREUR<\/strong><\/p>\n<p>L&#8217;objectif principal de ce site est de fournir, de la meilleure fa\u00e7on possible, des informations exactes, compl\u00e8tes et \u00e0 jour: nous invitons donc les utilisateurs \u00e0 signaler toute erreur ou dysfonctionnement, tant sur les pages d&#8217;informations que dans les services interactifs \u00e0 l&#8217;adresse e-mail. Info @ eurosystems-spa.com<\/p>\n<p>Eurosystems S.p.A. le corrigera dans les plus brefs d\u00e9lais.<\/p>\n<p>&nbsp;<\/p>\n<p><strong>ACC\u00c8S AUX SITES EXTERNES<\/strong><\/p>\n<p>Eurosystems S.p.A. n&#8217;est pas responsable des sites Web externes accessibles via des liens plac\u00e9s dans le site lui-m\u00eame.<\/p>\n<p>Eurosystems S.p.A. nous ne sommes pas responsables des informations obtenues par l&#8217;utilisateur en acc\u00e9dant \u00e0 des sites externes avec des liens hypertextes. Les liens vers d&#8217;autres sites Web n&#8217;ont d&#8217;autre but que d&#8217;attirer l&#8217;attention de ce site Web sur les sites Web li\u00e9s. Eurosystems S.p.A. n&#8217;exerce aucun contr\u00f4le sur les sites Web ainsi connect\u00e9s et la connexion avec d&#8217;autres sites Web n&#8217;implique pas qu&#8217;Eurosystems S.p.A. approuver leur contenu. Par cons\u00e9quent, l&#8217;utilisateur assume l&#8217;enti\u00e8re responsabilit\u00e9 de l&#8217;utilisation de liens avec des sites Web tiers.<\/p>\n<p>&nbsp;<\/p>\n<p><strong>DOWNLOAD<\/strong><\/p>\n<p>Chaque objet de ce site Web \u00e0 t\u00e9l\u00e9charger, tel que la documentation technique, les formulaires, les logiciels, etc., n&#8217;est disponible que dans les conditions \u00e9tablies par le propri\u00e9taire ou le propri\u00e9taire de celui-ci.<\/p>\n<p>&nbsp;<\/p>\n<p><strong>DEMANDES D&#8217;UTILISATION<\/strong><\/p>\n<p>Les demandes sp\u00e9cifiques d&#8217;utilisation de chaque produit ou document sur ce site doivent \u00eatre envoy\u00e9es \u00e0 l&#8217;adresse e-mail: info@eurosystems-spa.com<\/p>\n<p>&nbsp;<\/p>\n<p>Eurosystems S.p.A.[\/vc_column_text][\/vc_column][\/vc_row]<\/p>\n","protected":false},"excerpt":{"rendered":"<p>[vc_row][vc_column][vc_column_text]PR\u00c9MISSE Ce site appartient \u00e0 Eurosystems S.p.A., Via G. Pastore, 8-42045 Luzzara (RE) Italie, num\u00e9ro de TVA IT00270140353 L&#8217;ensemble du contenu de ce site Web est prot\u00e9g\u00e9 par le droit d&#8217;auteur (copyright \u00a9 d&#8217;Eurosystems S.p.A. ou de ses fournisseurs). Tous les droits sont r\u00e9serv\u00e9s aux propri\u00e9taires conform\u00e9ment \u00e0 la loi. &nbsp; DROITS D&#8217;AUTEUR Tous les [&hellip;]<\/p>\n","protected":false},"author":7,"featured_media":0,"parent":0,"menu_order":0,"comment_status":"closed","ping_status":"closed","template":"","meta":{"_acf_changed":false,"inline_featured_image":false,"footnotes":""},"class_list":["post-6087","page","type-page","status-publish","hentry"],"acf":[],"aioseo_notices":[],"_links":{"self":[{"href":"https:\/\/www.eurosystems-spa.it\/fr\/wp-json\/wp\/v2\/pages\/6087","targetHints":{"allow":["GET"]}}],"collection":[{"href":"https:\/\/www.eurosystems-spa.it\/fr\/wp-json\/wp\/v2\/pages"}],"about":[{"href":"https:\/\/www.eurosystems-spa.it\/fr\/wp-json\/wp\/v2\/types\/page"}],"author":[{"embeddable":true,"href":"https:\/\/www.eurosystems-spa.it\/fr\/wp-json\/wp\/v2\/users\/7"}],"replies":[{"embeddable":true,"href":"https:\/\/www.eurosystems-spa.it\/fr\/wp-json\/wp\/v2\/comments?post=6087"}],"version-history":[{"count":0,"href":"https:\/\/www.eurosystems-spa.it\/fr\/wp-json\/wp\/v2\/pages\/6087\/revisions"}],"wp:attachment":[{"href":"https:\/\/www.eurosystems-spa.it\/fr\/wp-json\/wp\/v2\/media?parent=6087"}],"curies":[{"name":"wp","href":"https:\/\/api.w.org\/{rel}","templated":true}]}}