

{"id":6043,"date":"2021-05-24T09:58:44","date_gmt":"2021-05-24T08:58:44","guid":{"rendered":"https:\/\/www.eurosystems-spa.itnotre-travail\/"},"modified":"2021-06-24T15:01:28","modified_gmt":"2021-06-24T14:01:28","slug":"notre-travail","status":"publish","type":"page","link":"https:\/\/www.eurosystems-spa.it\/fr\/notre-travail\/","title":{"rendered":"Notre travail"},"content":{"rendered":"<p>[vc_row el_class=&#8221;m-t-n-md p-t-md, giustifica&#8221;][vc_column][vc_column_text]Au d\u00e9but des ann\u00e9es 70, \u00e0 l&#8217;aube de ce voyage dans lequel nous nous sommes engag\u00e9s, nous nous sommes fix\u00e9 pour objectif d&#8217;aider les particuliers et les petits agriculteurs dans le soin et l&#8217;entretien quotidiens de leurs terres. En fait, \u00e0 cette \u00e9poque plus qu&#8217;aujourd&#8217;hui, chaque famille disposait d&#8217;un petit lopin de terre destin\u00e9 \u00e0 la culture des fruits et l\u00e9gumes.<\/p>\n<p>Au cours de ces ann\u00e9es de croissance et de d\u00e9veloppement, ce qui nous suffisait, c&#8217;\u00e9tait de proposer des solutions durables et peu co\u00fbteuses qui permettraient d&#8217;\u00e9liminer la fatigue physique quotidienne en facilitant les op\u00e9rations qui, jusque-l\u00e0, \u00e9taient effectu\u00e9es manuellement.<\/p>\n<p>Aujourd&#8217;hui, cela ne suffit plus. Dans un monde toujours plus rapide et dynamique, dans une soci\u00e9t\u00e9 o\u00f9 peu trouvent le temps de semer et de prendre soin de la terre, \u00e0 une \u00e9poque o\u00f9 l&#8217;on pr\u00e9f\u00e8re remplacer plut\u00f4t que r\u00e9parer, on choisit de s&#8217;arr\u00eater, de ralentir, on choisit d&#8217;insister sur le choix fait il y a de nombreuses ann\u00e9es, nous choisissons de croire au retour \u00e0 la terre, \u00e0 la valeur de l&#8217;effort, \u00e0 la territorialit\u00e9.<\/p>\n<p>Par notre travail, par notre passion, nous rapprochons les nouvelles g\u00e9n\u00e9rations du monde du jardinage et de l&#8217;horticulture:<\/p>\n<p>Le jardinage et l&#8217;horticulture augmentent la valeur du terrain, apportent de la verdure aux zones urbaines et suburbaines, contribuent \u00e0 augmenter les niveaux d&#8217;oxyg\u00e8ne, cr\u00e9ent un territoire plus harmonieux et serein; un environnement sain et luxuriant signifie \u00e9galement offrir un habitat id\u00e9al \u00e0 de nombreuses esp\u00e8ces d&#8217;insectes et d&#8217;animaux.<\/p>\n<p>Pour EUROSYSTEMS, faire des affaires, ce n&#8217;est pas d\u00e9centraliser les processus de production, c&#8217;est \u00eatre pr\u00e9sent sur son propre territoire, c&#8217;est maintenir une production de qualit\u00e9.[\/vc_column_text][\/vc_column][\/vc_row][vc_row equal_height=&#8221;yes&#8221; css=&#8221;.vc_custom_1553766555417{margin-bottom: 20px !important;}&#8221;][vc_column width=&#8221;1\/2&#8243;][vc_btn title=&#8221;NOTRE HISTOIRE&#8221; style=&#8221;custom&#8221; custom_background=&#8221;#af2b1f&#8221; custom_text=&#8221;#ffffff&#8221; shape=&#8221;square&#8221; size=&#8221;xl&#8221; align=&#8221;center&#8221; button_block=&#8221;true&#8221; link=&#8221;url:https%3A%2F%2Fwww.eurosystems-spa.it%2Ffr%2Fnotre-histoire%2F|title:Production%20Made%20in%20Italy|&#8221; css=&#8221;.vc_custom_1560935023438{margin-bottom: 0px !important;padding-top: 15px !important;padding-right: 20px !important;padding-bottom: 15px !important;padding-left: 20px !important;}&#8221;][\/vc_column][vc_column width=&#8221;1\/2&#8243;][vc_btn title=&#8221;PRODUCTION MADE IN ITALY&#8221; style=&#8221;custom&#8221; custom_background=&#8221;#af2b1f&#8221; custom_text=&#8221;#ffffff&#8221; shape=&#8221;square&#8221; size=&#8221;xl&#8221; align=&#8221;center&#8221; button_block=&#8221;true&#8221; link=&#8221;url:https%3A%2F%2Fwww.eurosystems-spa.it%2Fproduzione-made-in-italy%2F|title:Production%20Made%20in%20Italy|&#8221; css=&#8221;.vc_custom_1560935030559{margin-bottom: 0px !important;padding-top: 15px !important;padding-right: 20px !important;padding-bottom: 15px !important;padding-left: 20px !important;}&#8221;][\/vc_column][\/vc_row]<\/p>\n","protected":false},"excerpt":{"rendered":"<p>[vc_row el_class=&#8221;m-t-n-md p-t-md, giustifica&#8221;][vc_column][vc_column_text]Au d\u00e9but des ann\u00e9es 70, \u00e0 l&#8217;aube de ce voyage dans lequel nous nous sommes engag\u00e9s, nous nous sommes fix\u00e9 pour objectif d&#8217;aider les particuliers et les petits agriculteurs dans le soin et l&#8217;entretien quotidiens de leurs terres. En fait, \u00e0 cette \u00e9poque plus qu&#8217;aujourd&#8217;hui, chaque famille disposait d&#8217;un petit lopin de [&hellip;]<\/p>\n","protected":false},"author":7,"featured_media":0,"parent":0,"menu_order":0,"comment_status":"closed","ping_status":"closed","template":"","meta":{"_acf_changed":false,"inline_featured_image":false,"footnotes":""},"class_list":["post-6043","page","type-page","status-publish","hentry"],"acf":[],"aioseo_notices":[],"_links":{"self":[{"href":"https:\/\/www.eurosystems-spa.it\/fr\/wp-json\/wp\/v2\/pages\/6043","targetHints":{"allow":["GET"]}}],"collection":[{"href":"https:\/\/www.eurosystems-spa.it\/fr\/wp-json\/wp\/v2\/pages"}],"about":[{"href":"https:\/\/www.eurosystems-spa.it\/fr\/wp-json\/wp\/v2\/types\/page"}],"author":[{"embeddable":true,"href":"https:\/\/www.eurosystems-spa.it\/fr\/wp-json\/wp\/v2\/users\/7"}],"replies":[{"embeddable":true,"href":"https:\/\/www.eurosystems-spa.it\/fr\/wp-json\/wp\/v2\/comments?post=6043"}],"version-history":[{"count":0,"href":"https:\/\/www.eurosystems-spa.it\/fr\/wp-json\/wp\/v2\/pages\/6043\/revisions"}],"wp:attachment":[{"href":"https:\/\/www.eurosystems-spa.it\/fr\/wp-json\/wp\/v2\/media?parent=6043"}],"curies":[{"name":"wp","href":"https:\/\/api.w.org\/{rel}","templated":true}]}}