

{"id":5742,"date":"2021-05-13T08:18:41","date_gmt":"2021-05-13T07:18:41","guid":{"rendered":"https:\/\/www.eurosystems-spa.itchi-siamo\/"},"modified":"2025-09-12T10:26:32","modified_gmt":"2025-09-12T09:26:32","slug":"qui-nous-sommes","status":"publish","type":"page","link":"https:\/\/www.eurosystems-spa.it\/fr\/qui-nous-sommes\/","title":{"rendered":"Qui nous sommes"},"content":{"rendered":"<p>[vc_row][vc_column][vc_column_text]<\/p>\n<h3>L&#8217;AVENIR TERRE-\u00c0-TERRE<\/h3>\n<p data-renderer-start-pos=\"227\">Le n\u00f4tre est un travail artisanal en constante \u00e9volution.<\/p>\n<p data-renderer-start-pos=\"286\">Nous cr\u00e9ons des machines simples \u00e0 utiliser et durables dans le temps, con\u00e7ues pour rapprocher les diff\u00e9rentes g\u00e9n\u00e9rations du jardinage et de l&#8217;agriculture.<\/p>\n<p data-renderer-start-pos=\"444\">Nous voulons faciliter ces m\u00e9tiers pour les rendre accessibles \u00e0 tous, \u00e0 l&#8217;image de la nature.<\/p>\n<p data-renderer-start-pos=\"540\">Nos produits naissent en Italie et atteignent ensuite de nombreuses destinations : un morceau de notre histoire \u00e9milienne arrive ainsi dans le jardin ou en compagnie d&#8217;un client \u00e0 l&#8217;autre bout du monde, qui partage notre passion.<\/p>\n<p data-renderer-start-pos=\"771\">Tout a commenc\u00e9 il y a 50 ans \u00e0 Luzzara, dans la province de Reggio Emilia, o\u00f9 nous avons vu nos p\u00e8res travailler la terre et apprendre aussi. Notre histoire a commenc\u00e9 ici et \u00e0 partir de l\u00e0, elle continue et continuera de grandir.<\/p>\n<p>[\/vc_column_text][vc_empty_space][vc_separator color=&#8221;custom&#8221; accent_color=&#8221;#008a70&#8243;][\/vc_column][\/vc_row][vc_row full_width=&#8221;stretch_row_content_no_spaces&#8221; gap=&#8221;35&#8243; equal_height=&#8221;yes&#8221; content_placement=&#8221;middle&#8221; wrap_container=&#8221;yes&#8221; is_section=&#8221;yes&#8221; section_skin=&#8221;parallax&#8221; remove_margin_top=&#8221;yes&#8221; remove_margin_bottom=&#8221;yes&#8221; remove_padding_top=&#8221;yes&#8221; remove_padding_bottom=&#8221;yes&#8221; remove_border=&#8221;yes&#8221; css=&#8221;.vc_custom_1585645247710{padding-top: 40px !important;padding-bottom: 50px !important;}&#8221;][vc_column width=&#8221;1\/4&#8243; remove_margin_bottom=&#8221;yes&#8221; remove_padding_bottom=&#8221;yes&#8221;][vc_column_text css=&#8221;.vc_custom_1586856010250{margin-bottom: 0px !important;}&#8221;]<\/p>\n<h4 style=\"text-align: center; margin-bottom: 0px;\"><em><span style=\"color: #af2b1f;\">Depuis 1973<\/span><\/em><\/h4>\n<h3 style=\"text-align: center; margin-bottom: 0px;\"><em><span style=\"color: #af2b1f;\">1973<\/span><\/em><\/h3>\n<p>[\/vc_column_text][\/vc_column][vc_column width=&#8221;3\/4&#8243; css=&#8221;.vc_custom_1687852244832{border-left-width: 1px !important;padding-left: 30px !important;border-left-color: #008a70 !important;border-left-style: solid !important;}&#8221;][vc_column_text css=&#8221;.vc_custom_1585646203878{margin-bottom: 0px !important;}&#8221;]<\/p>\n<h3>CULTIVATEURS PASSIONNES<\/h3>\n<p>Nous sommes une entreprise n\u00e9e en 1973 \u00e0 Luzzara, dans la province de Reggio Emilia, un village c\u00f4tier de la vall\u00e9e du P\u00f4 o\u00f9 plusieurs g\u00e9n\u00e9rations d\u2019agriculteurs ont laiss\u00e9 sur la terre des traces ind\u00e9l\u00e9biles de fatigue, de faim et de pers\u00e9v\u00e9rance.<\/p>\n<p>Par notre travail, par notre passion, nous voulons rapprocher les nouvelles et anciennes g\u00e9n\u00e9rations du monde du jardinage et de l&#8217;horticulture en cr\u00e9ant des solutions et des machines qui facilitent le travail de l\u2019homme et qui sont con\u00e7ues pour durer longtemps.[\/vc_column_text][\/vc_column][\/vc_row][vc_row full_width=&#8221;stretch_row_content_no_spaces&#8221; gap=&#8221;35&#8243; equal_height=&#8221;yes&#8221; content_placement=&#8221;middle&#8221; wrap_container=&#8221;yes&#8221; is_section=&#8221;yes&#8221; section_skin=&#8221;parallax&#8221; remove_margin_top=&#8221;yes&#8221; remove_margin_bottom=&#8221;yes&#8221; remove_padding_top=&#8221;yes&#8221; remove_padding_bottom=&#8221;yes&#8221; remove_border=&#8221;yes&#8221; css=&#8221;.vc_custom_1585645247710{padding-top: 40px !important;padding-bottom: 50px !important;}&#8221;][vc_column width=&#8221;1\/4&#8243; remove_margin_bottom=&#8221;yes&#8221; remove_padding_bottom=&#8221;yes&#8221;][vc_column_text css=&#8221;.vc_custom_1586856015075{margin-bottom: 0px !important;}&#8221;]<\/p>\n<h4 style=\"text-align: center; margin-bottom: 0px;\"><em><span style=\"color: #af2b1f;\">Fabriqu\u00e9 en<\/span><\/em><\/h4>\n<h3 style=\"text-align: center; margin-bottom: 0px;\"><em><span style=\"color: #af2b1f;\">ITALIE<\/span><\/em><\/h3>\n<p>[\/vc_column_text][\/vc_column][vc_column width=&#8221;3\/4&#8243; css=&#8221;.vc_custom_1687852253931{border-left-width: 1px !important;padding-left: 30px !important;border-left-color: #008a70 !important;border-left-style: solid !important;}&#8221;][vc_column_text css=&#8221;.vc_custom_1585646214978{margin-bottom: 0px !important;}&#8221;]<\/p>\n<h3>PRODUCTION ITALIENNE<\/h3>\n<p>Dans un monde toujours plus globalis\u00e9 et comp\u00e9titif, Eurosystems a d\u00e9cid\u00e9 de ne pas d\u00e9localiser, conservant ainsi une production territoriale et appliquant des processus et des syst\u00e8mes industriels \u00e0 un travail dont la minutie et l&#8217;attention restent artisanales.<\/p>\n<p>En plus de s&#8217;appuyer le plus possible sur des fournisseurs locaux, Eurosystems est dot\u00e9e d&#8217;un d\u00e9partement de soudure robotis\u00e9e et d&#8217;une installation de peinture \u00e0 poudre \u00e9poxy qui lui garantissent des mati\u00e8res premi\u00e8res uniformes d&#8217;une excellente qualit\u00e9.<\/p>\n<p>Au fil des ann\u00e9es, nous avons internalis\u00e9 les proc\u00e9d\u00e9s de peinture et de soudage afin d&#8217;avoir un meilleur contr\u00f4le sur la qualit\u00e9 des structures de nos machines.[\/vc_column_text][\/vc_column][\/vc_row][vc_row full_width=&#8221;stretch_row_content_no_spaces&#8221; gap=&#8221;35&#8243; equal_height=&#8221;yes&#8221; content_placement=&#8221;middle&#8221; wrap_container=&#8221;yes&#8221; is_section=&#8221;yes&#8221; section_skin=&#8221;parallax&#8221; remove_margin_top=&#8221;yes&#8221; remove_margin_bottom=&#8221;yes&#8221; remove_padding_top=&#8221;yes&#8221; remove_padding_bottom=&#8221;yes&#8221; remove_border=&#8221;yes&#8221; css=&#8221;.vc_custom_1585645247710{padding-top: 40px !important;padding-bottom: 50px !important;}&#8221;][vc_column width=&#8221;1\/4&#8243; remove_margin_bottom=&#8221;yes&#8221; remove_padding_bottom=&#8221;yes&#8221;][vc_column_text css=&#8221;.vc_custom_1586856020245{margin-bottom: 0px !important;}&#8221;]<\/p>\n<h4 style=\"text-align: center; margin-bottom: 0px;\"><em><span style=\"color: #af2b1f;\">Label<\/span><\/em><\/h4>\n<h3 style=\"text-align: center; margin-bottom: 0px;\"><em><span style=\"color: #af2b1f;\">Priv\u00e9<\/span><\/em><\/h3>\n<p>[\/vc_column_text][\/vc_column][vc_column width=&#8221;3\/4&#8243; css=&#8221;.vc_custom_1687852262299{border-left-width: 1px !important;padding-left: 30px !important;border-left-color: #008a70 !important;border-left-style: solid !important;}&#8221;][vc_column_text css=&#8221;.vc_custom_1585646233405{margin-bottom: 0px !important;}&#8221;]<\/p>\n<h3>PRODUITS D\u00c9DI\u00c9S<\/h3>\n<p>Depuis les ann\u00e9es 1980, nous nous sommes sp\u00e9cialis\u00e9s dans la personnalisation des produits, devenant un partenaire mondial de nombreuses marques internationales.<\/p>\n<p>La possibilit\u00e9 de produire de petits lots d\u00e9di\u00e9s a \u00e9galement permis \u00e0 de nombreuses marques locales et nationales d&#8217;\u00e9largir leur gamme de produits sans \u00eatre oblig\u00e9 \u00e0 faire d&#8217;\u00e9normes investissements en termes de recherche, d\u00e9veloppement et production.<\/p>\n<p>Cette flexibilit\u00e9 de production, nous a permis dans les ann\u00e9es, d\u2019augmenter rapidement notre \u00ab know how \u00bb gr\u00e2ce \u00e0 la comparaison continue avec des producteurs internationaux et avec des segments de march\u00e9 diversifi\u00e9s.[\/vc_column_text][\/vc_column][\/vc_row]<\/p>\n","protected":false},"excerpt":{"rendered":"<p>[vc_row][vc_column][vc_column_text] L&#8217;AVENIR TERRE-\u00c0-TERRE Le n\u00f4tre est un travail artisanal en constante \u00e9volution. Nous cr\u00e9ons des machines simples \u00e0 utiliser et durables dans le temps, con\u00e7ues pour rapprocher les diff\u00e9rentes g\u00e9n\u00e9rations du jardinage et de l&#8217;agriculture. Nous voulons faciliter ces m\u00e9tiers pour les rendre accessibles \u00e0 tous, \u00e0 l&#8217;image de la nature. Nos produits naissent en [&hellip;]<\/p>\n","protected":false},"author":7,"featured_media":0,"parent":0,"menu_order":0,"comment_status":"closed","ping_status":"closed","template":"","meta":{"_acf_changed":false,"inline_featured_image":false,"footnotes":""},"class_list":["post-5742","page","type-page","status-publish","hentry"],"acf":[],"aioseo_notices":[],"_links":{"self":[{"href":"https:\/\/www.eurosystems-spa.it\/fr\/wp-json\/wp\/v2\/pages\/5742","targetHints":{"allow":["GET"]}}],"collection":[{"href":"https:\/\/www.eurosystems-spa.it\/fr\/wp-json\/wp\/v2\/pages"}],"about":[{"href":"https:\/\/www.eurosystems-spa.it\/fr\/wp-json\/wp\/v2\/types\/page"}],"author":[{"embeddable":true,"href":"https:\/\/www.eurosystems-spa.it\/fr\/wp-json\/wp\/v2\/users\/7"}],"replies":[{"embeddable":true,"href":"https:\/\/www.eurosystems-spa.it\/fr\/wp-json\/wp\/v2\/comments?post=5742"}],"version-history":[{"count":1,"href":"https:\/\/www.eurosystems-spa.it\/fr\/wp-json\/wp\/v2\/pages\/5742\/revisions"}],"predecessor-version":[{"id":13427,"href":"https:\/\/www.eurosystems-spa.it\/fr\/wp-json\/wp\/v2\/pages\/5742\/revisions\/13427"}],"wp:attachment":[{"href":"https:\/\/www.eurosystems-spa.it\/fr\/wp-json\/wp\/v2\/media?parent=5742"}],"curies":[{"name":"wp","href":"https:\/\/api.w.org\/{rel}","templated":true}]}}