

{"id":6049,"date":"2021-05-24T10:04:54","date_gmt":"2021-05-24T09:04:54","guid":{"rendered":"https:\/\/www.eurosystems-spa.itour-history\/"},"modified":"2021-05-24T10:04:54","modified_gmt":"2021-05-24T09:04:54","slug":"our-history","status":"publish","type":"page","link":"https:\/\/www.eurosystems-spa.it\/en\/our-history\/","title":{"rendered":"Our History"},"content":{"rendered":"<p>[vc_row el_id=&#8221;who-we-are&#8221; el_class=&#8221;m-t-n-md p-t-md, giustifica&#8221;][vc_column][vc_column_text]We are fathers, sons, brothers, nephews, cousins. We are a family business born from the desire for revenge of a generation that, having emerged from the depression of the Second World War, had lost everything.<\/p>\n<p>EUROSYSTEMS SPA was founded in 1973 in Luzzara, a coastal village in the Po Valley, where generations of peasants and small farmers have left the land the indelible signs of fatigue, hunger, perseverance.<\/p>\n<p>After the Second World War, many of what were the factories of the time, producing weapons and military vehicles, were closed and abandoned. The engineers, the mechanics, the employees of these companies flowed into the Po Valley and contributed to the development of many small businesses that in the years of the &#8220;Italian miracle&#8221; became industry leaders in international markets.<\/p>\n<p>It is here, on the banks of the Po river, that Carlo Bovi together with his brothers Aldo and Giorgio and the partners of the company BIEFFE Ilio and Gianni Ferrari, founded in 1973 what is now one of the last small independent bulwarks of artisanal and industrial production in the sector of gardening and horticulture <em>made in Italy<\/em>.[\/vc_column_text]<section class=\"timeline\"><div class=\"timeline-body\"><article class=\"timeline-box left\"><div><img decoding=\"async\" src=\"\/\/www.eurosystems-spa.it\/wp-content\/uploads\/2019\/06\/A-2.jpg\" class=\"img-responsive\" alt=\"Anno 1973\"><h4 class=\"timeline-item-title\">Anno 1973<\/h4><div class=\"timeline-item-content\">Nasce EUROSYSTEMS S.P.A i cui soci fondatori furono i fratelli Carlo, Aldo, Giorgio Bovi, Ilio e Gianni Ferrari.<\/div><\/div><\/article><article class=\"timeline-box right\"><div><img decoding=\"async\" src=\"\/\/www.eurosystems-spa.it\/wp-content\/uploads\/2019\/06\/F7.jpg\" class=\"img-responsive\" alt=\"Anno 1974\"><h4 class=\"timeline-item-title\">Anno 1974<\/h4><div class=\"timeline-item-content\">Sul mercato viene lanciato il primo modello di motozappa professionale, la EURO 102, ancora oggi commercializzata in pi\u00f9 di 40 paesi al mondo.<\/div><\/div><\/article><article class=\"timeline-box left\"><div><img decoding=\"async\" src=\"\/\/www.eurosystems-spa.it\/wp-content\/uploads\/2019\/06\/euro3.-1.jpg\" class=\"img-responsive\" alt=\"Anno 1976\"><h4 class=\"timeline-item-title\">Anno 1976<\/h4><div class=\"timeline-item-content\">Viene lanciata EURO 3, la prima motozappa con piede in lamiera saldata, vite senza fine in bagno d\u2019olio e trasmissione a cinghia. Questa innovazione, dapprima percepita come problematica, si afferma ben presto come standard di settore nel mercato hobbistico e semiprofessionale.<\/div><\/div><\/article><article class=\"timeline-box right\"><div><img decoding=\"async\" src=\"\/\/www.eurosystems-spa.it\/wp-content\/uploads\/2019\/06\/F.jpg\" class=\"img-responsive\" alt=\"Anno 1982\"><h4 class=\"timeline-item-title\">Anno 1982<\/h4><div class=\"timeline-item-content\">Ilio e Gianni Ferrari lasciano EUROSYSTEMS, Gianni creer\u00e0 nel 1989 la Gianni Ferrari s.r.l.<\/div><\/div><\/article><article class=\"timeline-box left\"><div><img decoding=\"async\" src=\"\/\/www.eurosystems-spa.it\/wp-content\/uploads\/2019\/07\/Euro_61-1.jpg\" class=\"img-responsive\" alt=\"Anno 1983\"><h4 class=\"timeline-item-title\">Anno 1983<\/h4><div class=\"timeline-item-content\">Viene lanciato il modello EURO 61, il primo motocoltivatore multi-attrezzo di EUROSYSTEMS, questo prodotto sar\u00e0 un punto di svolta nel modo di pensare dell\u2019azienda e si evolver\u00e0 successivamente nelle versioni P55, P70 e P130.<\/div><\/div><\/article><article class=\"timeline-box right\"><div><img decoding=\"async\" src=\"\/\/www.eurosystems-spa.it\/wp-content\/uploads\/2019\/07\/Minieffe_722.jpg\" class=\"img-responsive\" alt=\"Anno 1985\"><h4 class=\"timeline-item-title\">Anno 1985<\/h4><div class=\"timeline-item-content\">Nasce MINIEFFE, motofalciatrice multi-attrezzo hobbistica che rappresenta ancora oggi uno dei prodotti di punta della gamma EUROSYSTEMS.<\/div><\/div><\/article><article class=\"timeline-box left\"><div><img decoding=\"async\" src=\"\/\/www.eurosystems-spa.it\/wp-content\/uploads\/2019\/06\/AL-KO_logo.svg_-1.jpg\" class=\"img-responsive\" alt=\"Anno 1986\"><h4 class=\"timeline-item-title\">Anno 1986<\/h4><div class=\"timeline-item-content\">Inizia la collaborazione come fornitori di AL-KO alla quale EUROSYSTEMS vende motozappe e motofalciatrici customizzate.<\/div><\/div><\/article><article class=\"timeline-box right\"><div><img decoding=\"async\" src=\"\/\/www.eurosystems-spa.it\/wp-content\/uploads\/2019\/06\/P55.jpg\" class=\"img-responsive\" alt=\"Anno 1993\"><h4 class=\"timeline-item-title\">Anno 1993<\/h4><div class=\"timeline-item-content\">Viene lanciato sul mercato il primo modello di P55, macchina multi-funzione alla quale \u00e8 possibile collegare ben pi\u00f9 di 10 diversi tipi di accessorio che comprendono, tra gli altri, accessori per il taglio e pulizia dell\u2019erba (barre falcianti, piatti falcia tutto), per la pulizia stradale (spazzole, lame neve), per la lavorazione della terra (frese, aratri), per l\u2019irrorazione (pompe sprayer) e per il trasporto (carriole).<\/div><\/div><\/article><article class=\"timeline-box left\"><div><img decoding=\"async\" src=\"\/\/www.eurosystems-spa.it\/wp-content\/uploads\/2019\/06\/Castelgarden_logo.jpg\" class=\"img-responsive\" alt=\"Anno 1994\"><h4 class=\"timeline-item-title\">Anno 1994<\/h4><div class=\"timeline-item-content\">Inizia la collaborazione come fornitori di GGP alla quale EUROSYSTEMS vende motozappe e motofalciatrici customizzate.<\/div><\/div><\/article><article class=\"timeline-box right\"><div><img decoding=\"async\" src=\"\/\/www.eurosystems-spa.it\/wp-content\/uploads\/2019\/06\/PA190045.jpg\" class=\"img-responsive\" alt=\"Anno 1997\"><h4 class=\"timeline-item-title\">Anno 1997<\/h4><div class=\"timeline-item-content\">Viene costituita EUROSYSTEMS DE con sede a Rudersberg (Germania).<\/div><\/div><\/article><article class=\"timeline-box left\"><div><img decoding=\"async\" src=\"\/\/www.eurosystems-spa.it\/wp-content\/uploads\/2019\/06\/Rtt2-Rtt3.jpg\" class=\"img-responsive\" alt=\"Anno 2001\"><h4 class=\"timeline-item-title\">Anno 2001<\/h4><div class=\"timeline-item-content\">Viene lanciata la gamma motocoltivatori hobbistici e semiprofessionali (RTT) con trasmissione a cinghia.<\/div><\/div><\/article><article class=\"timeline-box right\"><div><img decoding=\"async\" src=\"\/\/www.eurosystems-spa.it\/wp-content\/uploads\/2019\/06\/P70_2.jpg\" class=\"img-responsive\" alt=\"Anno 2009\"><h4 class=\"timeline-item-title\">Anno 2009<\/h4><div class=\"timeline-item-content\">Viene lanciato sul mercato il modello P70, uno dei modelli di maggior successo della gamma EUROSYSTEMS; questa macchina semiprofessionale \u00e8 l\u2019evoluzione naturale di P55 e presenta un maggior numero di accessori che \u00e8 destinato a crescere anno dopo anno.<\/div><\/div><\/article><article class=\"timeline-box left\"><div><img decoding=\"async\" src=\"\/\/www.eurosystems-spa.it\/wp-content\/uploads\/2019\/06\/P130.jpg\" class=\"img-responsive\" alt=\"Anno 2017\"><h4 class=\"timeline-item-title\">Anno 2017<\/h4><div class=\"timeline-item-content\">Viene commercializzato P130, macchina professionale idrostatica dedicata ai lavori pi\u00f9 duri e difficili in situazioni e terreni a forte pendenza. P130 \u00e8 rivoluzionaria nel suo genere ed \u00e8 forse l\u2019unica macchina sul mercato con un sistema di cambio accessorio rapido-5sec. Questo sistema rende la polifunzionalit\u00e0 di questa macchina un vantaggio competitivo rivoluzionario.<\/div><\/div><\/article><\/div><\/section>[\/vc_column][\/vc_row][vc_row equal_height=&#8221;yes&#8221; css=&#8221;.vc_custom_1553786221116{margin-bottom: 20px !important;}&#8221;][vc_column width=&#8221;1\/2&#8243;][vc_btn title=&#8221;OUR WORK&#8221; style=&#8221;custom&#8221; custom_background=&#8221;#af2b1f&#8221; custom_text=&#8221;#ffffff&#8221; shape=&#8221;square&#8221; size=&#8221;xl&#8221; align=&#8221;center&#8221; button_block=&#8221;true&#8221; link=&#8221;url:https%3A%2F%2Fwww.quantikweb.it%2Feurosystem%2Fmission%2F|title:OUR%20WORK|&#8221; css=&#8221;.vc_custom_1561646934069{margin-bottom: 0px !important;padding-top: 15px !important;padding-right: 20px !important;padding-bottom: 15px !important;padding-left: 20px !important;}&#8221;][\/vc_column][vc_column width=&#8221;1\/2&#8243;][vc_btn title=&#8221;MADE IN ITALY PRODUCTION&#8221; style=&#8221;custom&#8221; custom_background=&#8221;#af2b1f&#8221; custom_text=&#8221;#ffffff&#8221; shape=&#8221;square&#8221; size=&#8221;xl&#8221; align=&#8221;center&#8221; button_block=&#8221;true&#8221; link=&#8221;url:https%3A%2F%2Fwww.quantikweb.it%2Feurosystem%2Fproduzione-made-in-italy%2F|title:Made%20in%20Italy%20Production|&#8221; css=&#8221;.vc_custom_1560934999383{margin-bottom: 0px !important;padding-top: 15px !important;padding-right: 20px !important;padding-bottom: 15px !important;padding-left: 20px !important;}&#8221;][\/vc_column][\/vc_row]<\/p>\n","protected":false},"excerpt":{"rendered":"<p>[vc_row el_id=&#8221;who-we-are&#8221; el_class=&#8221;m-t-n-md p-t-md, giustifica&#8221;][vc_column][vc_column_text]We are fathers, sons, brothers, nephews, cousins. We are a family business born from the desire for revenge of a generation that, having emerged from the depression of the Second World War, had lost everything. EUROSYSTEMS SPA was founded in 1973 in Luzzara, a coastal village in the Po Valley, where [&hellip;]<\/p>\n","protected":false},"author":7,"featured_media":0,"parent":0,"menu_order":0,"comment_status":"closed","ping_status":"closed","template":"","meta":{"_acf_changed":false,"inline_featured_image":false,"footnotes":""},"class_list":["post-6049","page","type-page","status-publish","hentry"],"acf":[],"aioseo_notices":[],"_links":{"self":[{"href":"https:\/\/www.eurosystems-spa.it\/en\/wp-json\/wp\/v2\/pages\/6049","targetHints":{"allow":["GET"]}}],"collection":[{"href":"https:\/\/www.eurosystems-spa.it\/en\/wp-json\/wp\/v2\/pages"}],"about":[{"href":"https:\/\/www.eurosystems-spa.it\/en\/wp-json\/wp\/v2\/types\/page"}],"author":[{"embeddable":true,"href":"https:\/\/www.eurosystems-spa.it\/en\/wp-json\/wp\/v2\/users\/7"}],"replies":[{"embeddable":true,"href":"https:\/\/www.eurosystems-spa.it\/en\/wp-json\/wp\/v2\/comments?post=6049"}],"version-history":[{"count":0,"href":"https:\/\/www.eurosystems-spa.it\/en\/wp-json\/wp\/v2\/pages\/6049\/revisions"}],"wp:attachment":[{"href":"https:\/\/www.eurosystems-spa.it\/en\/wp-json\/wp\/v2\/media?parent=6049"}],"curies":[{"name":"wp","href":"https:\/\/api.w.org\/{rel}","templated":true}]}}