

{"id":5927,"date":"2021-05-21T10:49:33","date_gmt":"2021-05-21T09:49:33","guid":{"rendered":"https:\/\/www.eurosystems-spa.itnews\/"},"modified":"2021-06-15T15:45:52","modified_gmt":"2021-06-15T14:45:52","slug":"news","status":"publish","type":"page","link":"https:\/\/www.eurosystems-spa.it\/en\/news\/","title":{"rendered":"News"},"content":{"rendered":"<p>[vc_row css=&#8221;.vc_custom_1552663915559{margin-top: 45px !important;}&#8221;][vc_column]<div class=\"porto-blog wpb_content_element \">\n\t\t<div class=\"blog-posts posts-grid blog-posts-related\">\n\t\t\t<div class=\"posts-container row\">\n\n\t\n\t\n<article class=\"post post-grid col-md-6 col-lg-4 post-title-simple post-14727 post type-post status-publish format-standard has-post-thumbnail hentry category-news-en tag-green-area-maintenance tag-green-industry tag-professional-equipment tag-professional-equipment-for-green-areas tag-solutions-for-professionals\">\n<div class=\"post-item post-title-simple\">\n\t\t<a href=\"https:\/\/www.eurosystems-spa.it\/en\/news-en\/m410-eurosystems-new-flagship-model\/\"> <span class=\"post-image thumb-info thumb-info-hide-wrapper-bg m-b-md\"> <span class=\"thumb-info-wrapper\"> <img loading=\"lazy\" decoding=\"async\" class=\"img-responsive\" width=\"450\" height=\"350\" src=\"https:\/\/www.eurosystems-spa.it\/wp-content\/uploads\/2026\/01\/B_M410_L224_sx-450x350.jpg\" alt=\"\" \/>\n\t\t\t<span class=\"zoom\" data-src=\"https:\/\/www.eurosystems-spa.it\/wp-content\/uploads\/2026\/01\/B_M410_L224_sx.jpg\" data-title=\"\"><i class=\"fa fa-search\"><\/i><\/span>\n\t\t<\/span> <\/span> <\/a>\n\t\t\t<div class=\"post-date\">\n\t\t\t\t<span class=\"day\">17<\/span>\n\t\t<span class=\"month\">Apr<\/span>\n\t\t\t<\/div>\n\t\t\t<h4><a href=\"https:\/\/www.eurosystems-spa.it\/en\/news-en\/m410-eurosystems-new-flagship-model\/\">\n\t\tM410: Eurosystems\u2019 new flagship model\t<\/a><\/h4>\n\t\t<p>&nbsp;<br \/>\nEurosystems presents the M410, the most powerful and high-performance Scythe mower in the range.Designed for the most demanding users,... <\/p>\n <a class=\"read-more\" href=\"https:\/\/www.eurosystems-spa.it\/en\/news-en\/m410-eurosystems-new-flagship-model\/\">read more <i class=\"fa fa-angle-right\"><\/i><\/a> <\/div>\n<\/article>\n\n<article class=\"post post-grid col-md-6 col-lg-4 post-title-simple post-14537 post type-post status-publish format-standard has-post-thumbnail hentry category-news-en tag-green-area-maintenance tag-green-industry tag-multi-tools tag-professional-equipment tag-professional-equipment-for-green-areas tag-solutions-for-professionals tag-track-widening-kit\">\n<div class=\"post-item post-title-simple\">\n\t\t<a href=\"https:\/\/www.eurosystems-spa.it\/en\/news-en\/more-stability-more-safety-the-new-track-widening-kit-for-p70evo-is-here\/\"> <span class=\"post-image thumb-info thumb-info-hide-wrapper-bg m-b-md\"> <span class=\"thumb-info-wrapper\"> <img loading=\"lazy\" decoding=\"async\" class=\"img-responsive\" width=\"450\" height=\"350\" src=\"https:\/\/www.eurosystems-spa.it\/wp-content\/uploads\/2026\/03\/B_OPT_P70evo_allargamentocarreggiata-450x350.jpg\" alt=\"\" \/>\n\t\t\t<span class=\"zoom\" data-src=\"https:\/\/www.eurosystems-spa.it\/wp-content\/uploads\/2026\/03\/B_OPT_P70evo_allargamentocarreggiata.jpg\" data-title=\"\"><i class=\"fa fa-search\"><\/i><\/span>\n\t\t<\/span> <\/span> <\/a>\n\t\t\t<div class=\"post-date\">\n\t\t\t\t<span class=\"day\">09<\/span>\n\t\t<span class=\"month\">Mar<\/span>\n\t\t\t<\/div>\n\t\t\t<h4><a href=\"https:\/\/www.eurosystems-spa.it\/en\/news-en\/more-stability-more-safety-the-new-track-widening-kit-for-p70evo-is-here\/\">\n\t\tMore stability, more safety: the new track widening kit for P70evo is here\t<\/a><\/h4>\n\t\t<p>&nbsp;<br \/>\nA solution designed to improve the stability of the P70evo with Grassland Mower and Brush Cutter when working on... <\/p>\n <a class=\"read-more\" href=\"https:\/\/www.eurosystems-spa.it\/en\/news-en\/more-stability-more-safety-the-new-track-widening-kit-for-p70evo-is-here\/\">read more <i class=\"fa fa-angle-right\"><\/i><\/a> <\/div>\n<\/article>\n\n<article class=\"post post-grid col-md-6 col-lg-4 post-title-simple post-14536 post type-post status-publish format-standard has-post-thumbnail hentry category-uncategorized\">\n<div class=\"post-item post-title-simple\">\n\t\t<a href=\"https:\/\/www.eurosystems-spa.it\/en\/uncategorized\/kit_allargamento_carreggiata\/\"> <span class=\"post-image thumb-info thumb-info-hide-wrapper-bg m-b-md\"> <span class=\"thumb-info-wrapper\"> <img loading=\"lazy\" decoding=\"async\" class=\"img-responsive\" width=\"450\" height=\"350\" src=\"https:\/\/www.eurosystems-spa.it\/wp-content\/uploads\/2026\/03\/B_OPT_P70evo_allargamentocarreggiata-450x350.jpg\" alt=\"\" \/>\n\t\t\t<span class=\"zoom\" data-src=\"https:\/\/www.eurosystems-spa.it\/wp-content\/uploads\/2026\/03\/B_OPT_P70evo_allargamentocarreggiata.jpg\" data-title=\"\"><i class=\"fa fa-search\"><\/i><\/span>\n\t\t<\/span> <\/span> <\/a>\n\t\t\t<div class=\"post-date\">\n\t\t\t\t<span class=\"day\">09<\/span>\n\t\t<span class=\"month\">Mar<\/span>\n\t\t\t<\/div>\n\t\t\t<h4><a href=\"https:\/\/www.eurosystems-spa.it\/en\/uncategorized\/kit_allargamento_carreggiata\/\">\n\t\tPi\u00f9 stabilit\u00e0, pi\u00f9 sicurezza: arriva il nuovo kit allargamento carreggiata per P70evo\t<\/a><\/h4>\n\t\t<p>&nbsp;<br \/>\nUna soluzione progettata per migliorare la tenuta del P70evo con Falciatutto e Decespugliatore durante il lavoro su terreni in... <\/p>\n <a class=\"read-more\" href=\"https:\/\/www.eurosystems-spa.it\/en\/uncategorized\/kit_allargamento_carreggiata\/\">read more <i class=\"fa fa-angle-right\"><\/i><\/a> <\/div>\n<\/article>\n\n<article class=\"post post-grid col-md-6 col-lg-4 post-title-simple post-14513 post type-post status-publish format-standard has-post-thumbnail hentry category-news-en tag-green-area-maintenance tag-green-industry tag-horticulture-and-floriculture tag-innovation-in-the-green-sector tag-myplant-garden-2026-en tag-professional-equipment-for-green-areas tag-solutions-for-professionals tag-synthetic-turf\">\n<div class=\"post-item post-title-simple\">\n\t\t<a href=\"https:\/\/www.eurosystems-spa.it\/en\/news-en\/myplant-garden-2026-meeting-in-milan-for-green-industry-professionals\/\"> <span class=\"post-image thumb-info thumb-info-hide-wrapper-bg m-b-md\"> <span class=\"thumb-info-wrapper\"> <img loading=\"lazy\" decoding=\"async\" class=\"img-responsive\" width=\"450\" height=\"350\" src=\"https:\/\/www.eurosystems-spa.it\/wp-content\/uploads\/2026\/02\/800x800-ITA-450x350.jpg\" alt=\"\" \/>\n\t\t\t<span class=\"zoom\" data-src=\"https:\/\/www.eurosystems-spa.it\/wp-content\/uploads\/2026\/02\/800x800-ITA.jpg\" data-title=\"\"><i class=\"fa fa-search\"><\/i><\/span>\n\t\t<\/span> <\/span> <\/a>\n\t\t\t<div class=\"post-date\">\n\t\t\t\t<span class=\"day\">03<\/span>\n\t\t<span class=\"month\">Feb<\/span>\n\t\t\t<\/div>\n\t\t\t<h4><a href=\"https:\/\/www.eurosystems-spa.it\/en\/news-en\/myplant-garden-2026-meeting-in-milan-for-green-industry-professionals\/\">\n\t\tMyplant &amp; Garden 2026: meeting in Milan for green industry professionals\t<\/a><\/h4>\n\t\t<p>Myplant &amp; Garden represents a key annual reference point for the professional green sector, a setting where innovation, expertise... <\/p>\n <a class=\"read-more\" href=\"https:\/\/www.eurosystems-spa.it\/en\/news-en\/myplant-garden-2026-meeting-in-milan-for-green-industry-professionals\/\">read more <i class=\"fa fa-angle-right\"><\/i><\/a> <\/div>\n<\/article>\n\n<article class=\"post post-grid col-md-6 col-lg-4 post-title-simple post-13214 post type-post status-publish format-standard has-post-thumbnail hentry category-news-en tag-greenlife-en tag-ilfuturoconipiediperterra-en tag-thefuturedowntoearth-en\">\n<div class=\"post-item post-title-simple\">\n\t\t<a href=\"https:\/\/www.eurosystems-spa.it\/en\/news-en\/small-actions-helping-the-environment\/\"> <span class=\"post-image thumb-info thumb-info-hide-wrapper-bg m-b-md\"> <span class=\"thumb-info-wrapper\"> <img loading=\"lazy\" decoding=\"async\" class=\"img-responsive\" width=\"450\" height=\"350\" src=\"https:\/\/www.eurosystems-spa.it\/wp-content\/uploads\/2025\/07\/bosco-2-450x350.jpg\" alt=\"\" \/>\n\t\t\t<span class=\"zoom\" data-src=\"https:\/\/www.eurosystems-spa.it\/wp-content\/uploads\/2025\/07\/bosco-2-scaled.jpg\" data-title=\"Beautiful wild forest. Summer landscape clear panorama\"><i class=\"fa fa-search\"><\/i><\/span>\n\t\t<\/span> <\/span> <\/a>\n\t\t\t<div class=\"post-date\">\n\t\t\t\t<span class=\"day\">28<\/span>\n\t\t<span class=\"month\">Jul<\/span>\n\t\t\t<\/div>\n\t\t\t<h4><a href=\"https:\/\/www.eurosystems-spa.it\/en\/news-en\/small-actions-helping-the-environment\/\">\n\t\tSmall actions helping the environment\t<\/a><\/h4>\n\t\t<p>&nbsp;<\/p>\n<p>We always strive to understand and, when possible, to anticipate the needs of those who use our machinery every... <\/p>\n <a class=\"read-more\" href=\"https:\/\/www.eurosystems-spa.it\/en\/news-en\/small-actions-helping-the-environment\/\">read more <i class=\"fa fa-angle-right\"><\/i><\/a> <\/div>\n<\/article>\n\n<article class=\"post post-grid col-md-6 col-lg-4 post-title-simple post-10629 post type-post status-publish format-standard has-post-thumbnail hentry category-uncategorized\">\n<div class=\"post-item post-title-simple\">\n\t\t<a href=\"https:\/\/www.eurosystems-spa.it\/en\/uncategorized\/the-art-of-improving-a-new-range-of-all-purpose-lawnmowers\/\"> <span class=\"post-image thumb-info thumb-info-hide-wrapper-bg m-b-md\"> <span class=\"thumb-info-wrapper\"> <img loading=\"lazy\" decoding=\"async\" class=\"img-responsive\" width=\"1\" height=\"1\" src=\"https:\/\/www.eurosystems-spa.it\/wp-content\/uploads\/2024\/08\/Flyer-Falciatutto_cover-9.jpg\" alt=\"\" \/>\n\t\t\t<span class=\"zoom\" data-src=\"https:\/\/www.eurosystems-spa.it\/wp-content\/uploads\/2024\/08\/Flyer-Falciatutto_cover-9.jpg\" data-title=\"\"><i class=\"fa fa-search\"><\/i><\/span>\n\t\t<\/span> <\/span> <\/a>\n\t\t\t<div class=\"post-date\">\n\t\t\t\t<span class=\"day\">04<\/span>\n\t\t<span class=\"month\">Jun<\/span>\n\t\t\t<\/div>\n\t\t\t<h4><a href=\"https:\/\/www.eurosystems-spa.it\/en\/uncategorized\/the-art-of-improving-a-new-range-of-all-purpose-lawnmowers\/\">\n\t\tThe art of improving! A new range of all-purpose lawnmowers\t<\/a><\/h4>\n\t\t <a class=\"read-more\" href=\"https:\/\/www.eurosystems-spa.it\/en\/uncategorized\/the-art-of-improving-a-new-range-of-all-purpose-lawnmowers\/\">read more <i class=\"fa fa-angle-right\"><\/i><\/a> <\/div>\n<\/article>\n\n<article class=\"post post-grid col-md-6 col-lg-4 post-title-simple post-9897 post type-post status-publish format-standard has-post-thumbnail hentry category-uncategorized\">\n<div class=\"post-item post-title-simple\">\n\t\t<a href=\"https:\/\/www.eurosystems-spa.it\/en\/uncategorized\/products-catalogue-2024\/\"> <span class=\"post-image thumb-info thumb-info-hide-wrapper-bg m-b-md\"> <span class=\"thumb-info-wrapper\"> <img loading=\"lazy\" decoding=\"async\" class=\"img-responsive\" width=\"450\" height=\"350\" src=\"https:\/\/www.eurosystems-spa.it\/wp-content\/uploads\/2023\/12\/CatalogoITA2024_copertina-450x350.jpg\" alt=\"\" \/>\n\t\t\t<span class=\"zoom\" data-src=\"https:\/\/www.eurosystems-spa.it\/wp-content\/uploads\/2023\/12\/CatalogoITA2024_copertina.jpg\" data-title=\"\"><i class=\"fa fa-search\"><\/i><\/span>\n\t\t<\/span> <\/span> <\/a>\n\t\t\t<div class=\"post-date\">\n\t\t\t\t<span class=\"day\">12<\/span>\n\t\t<span class=\"month\">Dec<\/span>\n\t\t\t<\/div>\n\t\t\t<h4><a href=\"https:\/\/www.eurosystems-spa.it\/en\/uncategorized\/products-catalogue-2024\/\">\n\t\tPRODUCTS CATALOGUE 2024\t<\/a><\/h4>\n\t\t<p>[vc_row][vc_column][vc_column_text]<br \/>\n50 years of innovation, projects and products.<br \/>\nThis is the background to the new Eurosystems catalogue.<br \/>\nSince 1973, the work of... <\/p>\n <a class=\"read-more\" href=\"https:\/\/www.eurosystems-spa.it\/en\/uncategorized\/products-catalogue-2024\/\">read more <i class=\"fa fa-angle-right\"><\/i><\/a> <\/div>\n<\/article>\n\n<article class=\"post post-grid col-md-6 col-lg-4 post-title-simple post-9209 post type-post status-publish format-standard has-post-thumbnail hentry category-uncategorized\">\n<div class=\"post-item post-title-simple\">\n\t\t<a href=\"https:\/\/www.eurosystems-spa.it\/en\/uncategorized\/simplicity-in-evolution-the-future-down-to-earth\/\"> <span class=\"post-image thumb-info thumb-info-hide-wrapper-bg m-b-md\"> <span class=\"thumb-info-wrapper\"> <img loading=\"lazy\" decoding=\"async\" class=\"img-responsive\" width=\"450\" height=\"350\" src=\"https:\/\/www.eurosystems-spa.it\/wp-content\/uploads\/2023\/07\/Eurosystems_new_logo2-450x350.jpg\" alt=\"\" \/>\n\t\t\t<span class=\"zoom\" data-src=\"https:\/\/www.eurosystems-spa.it\/wp-content\/uploads\/2023\/07\/Eurosystems_new_logo2.jpg\" data-title=\"\"><i class=\"fa fa-search\"><\/i><\/span>\n\t\t<\/span> <\/span> <\/a>\n\t\t\t<div class=\"post-date\">\n\t\t\t\t<span class=\"day\">24<\/span>\n\t\t<span class=\"month\">Jul<\/span>\n\t\t\t<\/div>\n\t\t\t<h4><a href=\"https:\/\/www.eurosystems-spa.it\/en\/uncategorized\/simplicity-in-evolution-the-future-down-to-earth\/\">\n\t\tSimplicity in evolution: the future down to earth!\t<\/a><\/h4>\n\t\t<p>Innovation and progression ensure our products exceed the demands of the modern market. The new Eurosystems logo reflects that... <\/p>\n <a class=\"read-more\" href=\"https:\/\/www.eurosystems-spa.it\/en\/uncategorized\/simplicity-in-evolution-the-future-down-to-earth\/\">read more <i class=\"fa fa-angle-right\"><\/i><\/a> <\/div>\n<\/article>\n\n<article class=\"post post-grid col-md-6 col-lg-4 post-title-simple post-9145 post type-post status-publish format-standard has-post-thumbnail hentry category-news-en category-uncategorized\">\n<div class=\"post-item post-title-simple\">\n\t\t<a href=\"https:\/\/www.eurosystems-spa.it\/en\/uncategorized\/eurosystems-july-2023-2-days-for-our-golden-anniversary\/\"> <span class=\"post-image thumb-info thumb-info-hide-wrapper-bg m-b-md\"> <span class=\"thumb-info-wrapper\"> <img loading=\"lazy\" decoding=\"async\" class=\"img-responsive\" width=\"450\" height=\"350\" src=\"https:\/\/www.eurosystems-spa.it\/wp-content\/uploads\/2023\/07\/5-450x350.jpg\" alt=\"\" \/>\n\t\t\t<span class=\"zoom\" data-src=\"https:\/\/www.eurosystems-spa.it\/wp-content\/uploads\/2023\/07\/5.jpg\" data-title=\"\"><i class=\"fa fa-search\"><\/i><\/span>\n\t\t<\/span> <\/span> <\/a>\n\t\t\t<div class=\"post-date\">\n\t\t\t\t<span class=\"day\">10<\/span>\n\t\t<span class=\"month\">Jul<\/span>\n\t\t\t<\/div>\n\t\t\t<h4><a href=\"https:\/\/www.eurosystems-spa.it\/en\/uncategorized\/eurosystems-july-2023-2-days-for-our-golden-anniversary\/\">\n\t\tEurosystems July 2023 \u2013 2 days for our Golden Anniversary\t<\/a><\/h4>\n\t\t<p>It was a real pleasure to celebrate our first 50 years with our international partners, importers, dealers, agents and... <\/p>\n <a class=\"read-more\" href=\"https:\/\/www.eurosystems-spa.it\/en\/uncategorized\/eurosystems-july-2023-2-days-for-our-golden-anniversary\/\">read more <i class=\"fa fa-angle-right\"><\/i><\/a> <\/div>\n<\/article>\n\n\t\n\t\t\t<\/div>\n\t\t<\/div>\n\n\t\n\t\t\t\t\t\t<div class=\"clearfix\"><\/div>\n\t\t\t<div class=\"pagination-wrap\">\n\t\t\t\t\t\t\t\t<div class=\"pagination\" role=\"navigation\">\n\t\t\t\t\t<span aria-label=\"Page 1\" aria-current=\"page\" class=\"page-numbers current\">1<\/span><a aria-label=\"Page 2\" class=\"page-numbers\" href=\"https:\/\/www.eurosystems-spa.it\/en\/wp-json\/wp\/v2\/pages\/5927\/page\/2\/\">2<\/a><a class=\"next page-numbers\" href=\"https:\/\/www.eurosystems-spa.it\/en\/wp-json\/wp\/v2\/pages\/5927\/page\/2\/\">Next&nbsp;&nbsp;<i class=\"fa fa-long-arrow-right\"><\/i><\/a>\t\t\t\t<\/div>\n\t\t\t<\/div>\n\t\t\t\t\n\t<\/div>[\/vc_column][\/vc_row]<\/p>\n","protected":false},"excerpt":{"rendered":"<p>[vc_row css=&#8221;.vc_custom_1552663915559{margin-top: 45px !important;}&#8221;][vc_column][\/vc_column][\/vc_row]<\/p>\n","protected":false},"author":7,"featured_media":0,"parent":0,"menu_order":0,"comment_status":"closed","ping_status":"closed","template":"","meta":{"_acf_changed":false,"inline_featured_image":false,"footnotes":""},"class_list":["post-5927","page","type-page","status-publish","hentry"],"acf":[],"aioseo_notices":[],"_links":{"self":[{"href":"https:\/\/www.eurosystems-spa.it\/en\/wp-json\/wp\/v2\/pages\/5927","targetHints":{"allow":["GET"]}}],"collection":[{"href":"https:\/\/www.eurosystems-spa.it\/en\/wp-json\/wp\/v2\/pages"}],"about":[{"href":"https:\/\/www.eurosystems-spa.it\/en\/wp-json\/wp\/v2\/types\/page"}],"author":[{"embeddable":true,"href":"https:\/\/www.eurosystems-spa.it\/en\/wp-json\/wp\/v2\/users\/7"}],"replies":[{"embeddable":true,"href":"https:\/\/www.eurosystems-spa.it\/en\/wp-json\/wp\/v2\/comments?post=5927"}],"version-history":[{"count":0,"href":"https:\/\/www.eurosystems-spa.it\/en\/wp-json\/wp\/v2\/pages\/5927\/revisions"}],"wp:attachment":[{"href":"https:\/\/www.eurosystems-spa.it\/en\/wp-json\/wp\/v2\/media?parent=5927"}],"curies":[{"name":"wp","href":"https:\/\/api.w.org\/{rel}","templated":true}]}}