

{"id":9990,"date":"2023-06-22T14:24:28","date_gmt":"2024-08-09T12:41:06","guid":{"rendered":"https:\/\/www.eurosystems-spa.it?post_type=product&#038;p=9990"},"modified":"2024-08-09T13:41:07","modified_gmt":"2024-08-09T12:41:07","slug":"sweepy-copy","status":"publish","type":"product","link":"https:\/\/www.eurosystems-spa.it\/de\/prodotto\/sweepy-copy\/","title":{"rendered":"DECO90"},"content":{"rendered":"","protected":false},"excerpt":{"rendered":"<p>Deco90 ist eine Maschine zum B\u00fcrsten und Verdichten von Kunstrasen.<\/p>\n<p>Der Rotor, der mit nicht weniger als 156 Federn ausgestattet ist, holt die durch das Zertrampeln zerkleinerten oder durch die sommerlichen Temperaturen verklumpten K\u00f6rner zur\u00fcck und k\u00e4mmt die synthetischen Fasern des Rasens<\/p>\n<p>Das Finishing wird den beiden hinteren B\u00fcrsten anvertraut, von denen die erste oszillierend und h\u00f6henverstellbar ist und die zweite durch die Schwerkraft angetrieben wird, um das verstopfte Material auf dem Rasen zu verteilen und Fremdk\u00f6rper nach au\u00dfen zu ziehen.<\/p>\n<p>Das Ger\u00e4t ist ideal f\u00fcr trockene Bedingungen, kann aber auch auf nassem Rasen eingesetzt werden. Es kann schnell gro\u00dfe Fl\u00e4chen bearbeiten, da es eine Arbeitsbreite von 80 Zentimetern bei der Verdichtung und 90 Zentimetern beim B\u00fcrsten hat Die beiden Funktionen sind unabh\u00e4ngig voneinander und lassen sich unterschiedlich einstellen. Dadurch wird Deco 90 zu einem unverzichtbaren Ger\u00e4t f\u00fcr die Pflege von G\u00e4rten und Sportpl\u00e4tzen, mit dem Sie dem Kunstrasen neues Leben einhauchen und das bestm\u00f6gliche Zusammenspiel von Gehen und Laufen sowie den gleichm\u00e4\u00dfigen R\u00fcckprall des Balls wiederherstellen k\u00f6nnen.<\/p>\n","protected":false},"featured_media":10210,"template":"","meta":{"_acf_changed":false,"inline_featured_image":false},"product_brand":[],"product_cat":[2020],"product_tag":[],"class_list":{"0":"post-9990","1":"product","2":"type-product","3":"status-publish","4":"has-post-thumbnail","6":"product_cat-decompattatori-de","8":"first","9":"instock","10":"shipping-taxable","11":"product-type-simple"},"acf":[],"aioseo_notices":[],"_links":{"self":[{"href":"https:\/\/www.eurosystems-spa.it\/de\/wp-json\/wp\/v2\/product\/9990","targetHints":{"allow":["GET"]}}],"collection":[{"href":"https:\/\/www.eurosystems-spa.it\/de\/wp-json\/wp\/v2\/product"}],"about":[{"href":"https:\/\/www.eurosystems-spa.it\/de\/wp-json\/wp\/v2\/types\/product"}],"wp:featuredmedia":[{"embeddable":true,"href":"https:\/\/www.eurosystems-spa.it\/de\/wp-json\/wp\/v2\/media\/10210"}],"wp:attachment":[{"href":"https:\/\/www.eurosystems-spa.it\/de\/wp-json\/wp\/v2\/media?parent=9990"}],"wp:term":[{"taxonomy":"product_brand","embeddable":true,"href":"https:\/\/www.eurosystems-spa.it\/de\/wp-json\/wp\/v2\/product_brand?post=9990"},{"taxonomy":"product_cat","embeddable":true,"href":"https:\/\/www.eurosystems-spa.it\/de\/wp-json\/wp\/v2\/product_cat?post=9990"},{"taxonomy":"product_tag","embeddable":true,"href":"https:\/\/www.eurosystems-spa.it\/de\/wp-json\/wp\/v2\/product_tag?post=9990"}],"curies":[{"name":"wp","href":"https:\/\/api.w.org\/{rel}","templated":true}]}}