

{"id":14732,"date":"2026-01-23T10:20:08","date_gmt":"2026-01-23T09:20:08","guid":{"rendered":"https:\/\/www.eurosystems-spa.it\/?post_type=product&#038;p=14732"},"modified":"2026-04-21T11:01:33","modified_gmt":"2026-04-21T10:01:33","slug":"m410","status":"publish","type":"product","link":"https:\/\/www.eurosystems-spa.it\/de\/prodotto\/m410\/","title":{"rendered":"M410"},"content":{"rendered":"","protected":false},"excerpt":{"rendered":"<p>Noch leistungsst\u00e4rker, noch leistungsf\u00e4higer: das neue Flaggschiff der Eurosystems-Reihe. Dieser Motorm\u00e4her wurde f\u00fcr besonders anspruchsvolle Anwender entwickelt und steht f\u00fcr das h\u00f6chste Leistungsniveau der Produktreihe. Der 140 cm breite M\u00e4hbalken erm\u00f6glicht ein z\u00fcgiges Arbeiten auch auf gro\u00dfen Fl\u00e4chen, wodurch die Arbeitszeiten verk\u00fcrzt und die Produktivit\u00e4t gesteigert werden. Das Doppelmessersystem, bei dem sowohl das obere als auch das untere Messer in Bewegung sind, garantiert einen sauberen, pr\u00e4zisen und gleichm\u00e4\u00dfigen Schnitt, ideal f\u00fcr ein gesundes Nachwachsen des Grases auch unter anspruchsvollsten Bedingungen. Robust, zuverl\u00e4ssig und f\u00fcr den intensiven Einsatz konzipiert, ist er mit einem leistungsstarken Motor ausgestattet, der einen unterbrechungsfreien Betrieb, einfache Handhabung und maximale Arbeitsleistung auch auf schwierigem Gel\u00e4nde gew\u00e4hrleistet. Die ideale Wahl f\u00fcr alle, die kompromisslose H\u00f6chstleistung suchen.<\/p>\n<p>&nbsp;<\/p>\n<p><em>Schnittbewegung: Doppelmesser, <\/em><\/p>\n<p><em>1 Motor verf\u00fcgbar <\/em><\/p>\n<p><em>Empfohlene Einsatzfl\u00e4che: bis zu 10.000 m\u00b2<\/em><\/p>\n","protected":false},"featured_media":14459,"template":"","meta":{"_acf_changed":false,"inline_featured_image":false},"product_brand":[],"product_cat":[2021],"product_tag":[],"class_list":{"0":"post-14732","1":"product","2":"type-product","3":"status-publish","4":"has-post-thumbnail","6":"product_cat-motormaeher","8":"first","9":"instock","10":"featured","11":"shipping-taxable","12":"product-type-simple"},"acf":[],"aioseo_notices":[],"_links":{"self":[{"href":"https:\/\/www.eurosystems-spa.it\/de\/wp-json\/wp\/v2\/product\/14732","targetHints":{"allow":["GET"]}}],"collection":[{"href":"https:\/\/www.eurosystems-spa.it\/de\/wp-json\/wp\/v2\/product"}],"about":[{"href":"https:\/\/www.eurosystems-spa.it\/de\/wp-json\/wp\/v2\/types\/product"}],"wp:featuredmedia":[{"embeddable":true,"href":"https:\/\/www.eurosystems-spa.it\/de\/wp-json\/wp\/v2\/media\/14459"}],"wp:attachment":[{"href":"https:\/\/www.eurosystems-spa.it\/de\/wp-json\/wp\/v2\/media?parent=14732"}],"wp:term":[{"taxonomy":"product_brand","embeddable":true,"href":"https:\/\/www.eurosystems-spa.it\/de\/wp-json\/wp\/v2\/product_brand?post=14732"},{"taxonomy":"product_cat","embeddable":true,"href":"https:\/\/www.eurosystems-spa.it\/de\/wp-json\/wp\/v2\/product_cat?post=14732"},{"taxonomy":"product_tag","embeddable":true,"href":"https:\/\/www.eurosystems-spa.it\/de\/wp-json\/wp\/v2\/product_tag?post=14732"}],"curies":[{"name":"wp","href":"https:\/\/api.w.org\/{rel}","templated":true}]}}