

{"id":10734,"date":"2024-07-19T10:31:22","date_gmt":"2024-07-19T09:31:22","guid":{"rendered":"https:\/\/www.eurosystems-spa.itprodotto\/p55-evo-copy\/"},"modified":"2024-07-23T16:38:00","modified_gmt":"2024-07-23T15:38:00","slug":"e450","status":"publish","type":"product","link":"https:\/\/www.eurosystems-spa.it\/de\/prodotto\/e450\/","title":{"rendered":"E450"},"content":{"rendered":"<p>[vc_row][vc_column][vc_tta_tour style=&#8221;modern&#8221; shape=&#8221;square&#8221; color=&#8221;white&#8221; active_section=&#8221;&#8221;][vc_tta_section title=&#8221;M\u00c4HBALKEN MIT SCHWINGEN-M\u00c4HSYSTEM&#8221; tab_id=&#8221;1608710880666-cdb5d6bd-d9910aba-8202&#8243;][vc_row_inner equal_height=&#8221;yes&#8221; content_placement=&#8221;middle&#8221; css=&#8221;.vc_custom_1608711862563{margin-bottom: 20px !important;}&#8221;][vc_column_inner width=&#8221;1\/2&#8243;][vc_images_carousel images=&#8221;4358&#8243; img_size=&#8221;full&#8221; onclick=&#8221;link_no&#8221; autoplay=&#8221;yes&#8221; hide_pagination_control=&#8221;yes&#8221; wrap=&#8221;yes&#8221;][\/vc_column_inner][vc_column_inner width=&#8221;1\/2&#8243;][vc_column_text]Der M\u00e4hbalken E 450 ist ein semiprofessionelles Arbeitsger\u00e4t, das einen sauberen Schnitt erm\u00f6glicht, indem es das volle Potenzial des Motors aussch\u00f6pft. Die gro\u00dfe Schnittfl\u00e4che und die Qualit\u00e4t der Klingen erm\u00f6glichen ein einfaches und schnelles Arbeiten auch auf gro\u00dfen Fl\u00e4chen.[\/vc_column_text][\/vc_column_inner][\/vc_row_inner][vc_row_inner equal_height=&#8221;yes&#8221; content_placement=&#8221;middle&#8221;][vc_column_inner][vc_column_text]<\/p>\n<table style=\"border-collapse: collapse; width: 100%; height: 216px;\">\n<tbody>\n<tr style=\"height: 24px;\">\n<td style=\"width: 50%; height: 24px;\"><strong>Funktion<\/strong>:<\/td>\n<td style=\"width: 50%; height: 24px;\">Obermesserantrieb<\/td>\n<\/tr>\n<tr style=\"height: 24px;\">\n<td style=\"width: 50%; height: 24px;\"><strong>Rahmen<\/strong>:<\/td>\n<td style=\"width: 50%; height: 24px;\">Stahlguss, Kunststoffhaube<\/td>\n<\/tr>\n<tr style=\"height: 24px;\">\n<td style=\"width: 50%; height: 24px;\"><strong>Arbeitsbreite<\/strong>:<\/td>\n<td style=\"width: 50%; height: 24px;\">117cm, 137cm<\/td>\n<\/tr>\n<tr style=\"height: 24px;\">\n<td style=\"width: 50%; height: 24px;\"><strong>Einstellungen<\/strong>:<\/td>\n<td style=\"width: 50%; height: 24px;\">Schnitth\u00f6he 3,0 cm<\/td>\n<\/tr>\n<tr style=\"height: 24px;\">\n<td style=\"width: 50%; height: 24px;\"><strong>Zapfwellendrehzahl<\/strong>:<\/td>\n<td style=\"width: 50%; height: 24px;\">965 U\/min<\/td>\n<\/tr>\n<tr style=\"height: 24px;\">\n<td style=\"width: 50%; height: 24px;\"><strong>Sonstiges<\/strong>:<\/td>\n<td style=\"width: 50%; height: 24px;\">verstellbare Gleitsohlen inklusive<\/td>\n<\/tr>\n<tr style=\"height: 24px;\">\n<td style=\"width: 50%; height: 24px;\"><strong>Nettogewicht<\/strong>:<\/td>\n<td style=\"width: 50%; height: 24px;\">52 Kg<\/td>\n<\/tr>\n<\/tbody>\n<\/table>\n<p>[\/vc_column_text][\/vc_column_inner][\/vc_row_inner][\/vc_tta_section][vc_tta_section title=&#8221;M\u00c4HBALKEN MIT DOPPELMESSER-M\u00c4HSYSTEM&#8221; tab_id=&#8221;1610460903661-0954e7be-7c240aba-8202&#8243;][vc_row_inner equal_height=&#8221;yes&#8221; content_placement=&#8221;middle&#8221; css=&#8221;.vc_custom_1608711862563{margin-bottom: 20px !important;}&#8221;][vc_column_inner width=&#8221;1\/2&#8243;][vc_images_carousel images=&#8221;7998,8002,8006,8010&#8243; img_size=&#8221;full&#8221; onclick=&#8221;link_no&#8221; autoplay=&#8221;yes&#8221; hide_pagination_control=&#8221;yes&#8221; wrap=&#8221;yes&#8221;][\/vc_column_inner][vc_column_inner width=&#8221;1\/2&#8243;][vc_column_text]Extrem vielseitiges Ger\u00e4t zum M\u00e4hen von Gras in allen Kontexten und zum Trimmen von R\u00e4ndern, Blumenbeeten und Gehwegen.[\/vc_column_text][\/vc_column_inner][\/vc_row_inner][vc_row_inner equal_height=&#8221;yes&#8221; content_placement=&#8221;middle&#8221;][vc_column_inner width=&#8221;1\/2&#8243;][vc_column_text]Der patentierte Antrieb erm\u00f6glicht die seitliche Verschiebung des Werkzeugarms in 4 Positionen, w\u00e4hrend der M\u00e4hteller um 6 Grad gedreht werden kann, wodurch jeder Rand perfekt ges\u00e4ubert werden kann.[\/vc_column_text][\/vc_column_inner][vc_column_inner width=&#8221;1\/2&#8243;][vc_single_image image=&#8221;8014&#8243; img_size=&#8221;full&#8221; onclick=&#8221;link_image&#8221; css=&#8221;.vc_custom_1654591014525{padding-bottom: 35px !important;}&#8221;][\/vc_column_inner][\/vc_row_inner][vc_row_inner equal_height=&#8221;yes&#8221; content_placement=&#8221;middle&#8221;][vc_column_inner width=&#8221;1\/2&#8243;][vc_single_image image=&#8221;8018&#8243; img_size=&#8221;full&#8221; onclick=&#8221;link_image&#8221; css=&#8221;.vc_custom_1654591114823{padding-bottom: 35px !important;}&#8221;][\/vc_column_inner][vc_column_inner width=&#8221;1\/2&#8243;][vc_column_text]Die einzigartige Kabelverl\u00e4ngerungssteuerung, die sich direkt am Lenker befindet, tr\u00e4gt zu einem komfortablen und schnellen Arbeiten bei.[\/vc_column_text][\/vc_column_inner][\/vc_row_inner][vc_row_inner equal_height=&#8221;yes&#8221; content_placement=&#8221;middle&#8221;][vc_column_inner][vc_column_text]<\/p>\n<table style=\"border-collapse: collapse; width: 100%; height: 312px;\">\n<tbody>\n<tr style=\"height: 24px;\">\n<td style=\"width: 50%; height: 24px;\"><strong>Funktion<\/strong>:<\/td>\n<td style=\"width: 50%; height: 24px;\">b\u00fcndig aufrollbarer Schneidkopf<\/td>\n<\/tr>\n<tr style=\"height: 24px;\">\n<td style=\"width: 50%; height: 24px;\"><strong>Werkzeuge:<\/strong><\/td>\n<td style=\"width: 50%; height: 24px;\">Kabel \u00d83mm, Kabelkapazit\u00e4t im Sitz ca. 7,5 Meter<\/td>\n<\/tr>\n<tr style=\"height: 24px;\">\n<td style=\"width: 50%; height: 24px;\"><strong>Arbeitsbreite<\/strong>:<\/td>\n<td style=\"width: 50%; height: 24px;\">60 cm<\/td>\n<\/tr>\n<tr style=\"height: 24px;\">\n<td style=\"width: 50%; height: 24px;\"><strong>Schnitth\u00f6he<\/strong>:<\/td>\n<td style=\"width: 50%; height: 24px;\">20 und 40 mm<\/td>\n<\/tr>\n<tr style=\"height: 96px;\">\n<td style=\"width: 50%; height: 96px;\"><strong>Einstellungen:<\/strong><\/td>\n<td style=\"width: 50%; height: 96px;\">Seitliche Neigung des Tellers in zwei Positionen : 0 und 6.<\/p>\n<p>Neigung des Schneidarms in 4 Positionen : 0, 15 , 30 und 45\u00b0<\/td>\n<\/tr>\n<tr style=\"height: 24px;\">\n<td style=\"width: 50%; height: 24px;\"><strong>Transportr\u00e4der<\/strong>:<\/td>\n<td style=\"width: 50%; height: 24px;\">&#8211;<\/td>\n<\/tr>\n<tr style=\"height: 24px;\">\n<td style=\"width: 50%; height: 24px;\"><strong>Sonstiges<\/strong>:<\/td>\n<td style=\"width: 50%; height: 24px;\">manuelle Lenkerbedienung zur Kabelverl\u00e4ngerung des Kopfes<\/p>\n<p>St\u00fctzgegenablage mit Losdrehlager<\/p>\n<p>Blechschutzschotte<\/p>\n<p>Kabelschneidemesser<\/td>\n<\/tr>\n<tr style=\"height: 24px;\">\n<td style=\"width: 50%; height: 24px;\"><strong>Nettogewicht<\/strong>:<\/td>\n<td style=\"width: 50%; height: 24px;\">20 Kg<\/td>\n<\/tr>\n<tr style=\"height: 24px;\">\n<td style=\"width: 50%; height: 24px;\"><strong>Abmessungen<\/strong>:<\/td>\n<td style=\"width: 50%; height: 24px;\">88x62x41(h) cm<\/td>\n<\/tr>\n<\/tbody>\n<\/table>\n<p>[\/vc_column_text][\/vc_column_inner][\/vc_row_inner][\/vc_tta_section][vc_tta_section title=&#8221;WINKELDREHPFLUG MIT VORSCH\u00c4LER&#8221; tab_id=&#8221;1654589731285-ce223161-1e9a&#8221;][vc_row_inner equal_height=&#8221;yes&#8221; content_placement=&#8221;middle&#8221; css=&#8221;.vc_custom_1608711862563{margin-bottom: 20px !important;}&#8221;][vc_column_inner width=&#8221;1\/2&#8243;][vc_images_carousel images=&#8221;4358&#8243; img_size=&#8221;full&#8221; onclick=&#8221;link_no&#8221; autoplay=&#8221;yes&#8221; hide_pagination_control=&#8221;yes&#8221; wrap=&#8221;yes&#8221;][\/vc_column_inner][vc_column_inner width=&#8221;1\/2&#8243;][vc_column_text]Der Winkeldrehpflug dient um D\u00fcngepflanzen oder Dung einzulegen und den Boden umzugraben.[\/vc_column_text][\/vc_column_inner][\/vc_row_inner][vc_row_inner equal_height=&#8221;yes&#8221; content_placement=&#8221;middle&#8221;][vc_column_inner][vc_column_text]<\/p>\n<table style=\"border-collapse: collapse; width: 100%; height: 216px;\">\n<tbody>\n<tr style=\"height: 24px;\">\n<td style=\"width: 50%; height: 24px;\"><strong>Funktion<\/strong>:<\/td>\n<td style=\"width: 50%; height: 24px;\">Boden umgraben und N\u00e4hrstoffe einarbeiten<\/td>\n<\/tr>\n<tr style=\"height: 24px;\">\n<td style=\"width: 50%; height: 24px;\"><strong>Rahmen<\/strong>:<\/td>\n<td style=\"width: 50%; height: 24px;\">Stahl geschwei\u00dft<\/td>\n<\/tr>\n<tr style=\"height: 24px;\">\n<td style=\"width: 50%; height: 24px;\"><strong>Arbeitsbreite<\/strong>:<\/td>\n<td style=\"width: 50%; height: 24px;\">Scharbreite 14cm<\/td>\n<\/tr>\n<tr style=\"height: 24px;\">\n<td style=\"width: 50%; height: 24px;\"><strong>Einstellungen<\/strong>:<\/td>\n<td style=\"width: 50%; height: 24px;\">Winkelverstellung mit Pedalverriegelung<\/td>\n<\/tr>\n<tr style=\"height: 24px;\">\n<td style=\"width: 50%; height: 24px;\"><strong>Sonstiges<\/strong>:<\/td>\n<td style=\"width: 50%; height: 24px;\">f\u00fcr den Anbau wird ben\u00f6tigt: 1x Ger\u00e4teanschlussst\u00fcck 1901-25<\/td>\n<\/tr>\n<tr style=\"height: 24px;\">\n<td style=\"width: 50%; height: 24px;\"><strong>Nettogewicht<\/strong>:<\/td>\n<td style=\"width: 50%; height: 24px;\">23 Kg<\/td>\n<\/tr>\n<\/tbody>\n<\/table>\n<p>[\/vc_column_text][\/vc_column_inner][\/vc_row_inner][\/vc_tta_section][vc_tta_section title=&#8221;H\u00c4UFELEINRICHTUNG 2-REIHIG&#8221; tab_id=&#8221;1610446832409-2e2cf4c2-ce570aba-8202&#8243;][vc_row_inner equal_height=&#8221;yes&#8221; content_placement=&#8221;middle&#8221; css=&#8221;.vc_custom_1608711862563{margin-bottom: 20px !important;}&#8221;][vc_column_inner width=&#8221;1\/2&#8243;][vc_images_carousel images=&#8221;4358&#8243; img_size=&#8221;full&#8221; onclick=&#8221;link_no&#8221; autoplay=&#8221;yes&#8221; hide_pagination_control=&#8221;yes&#8221; wrap=&#8221;yes&#8221;][\/vc_column_inner][vc_column_inner width=&#8221;1\/2&#8243;][vc_column_text]die H\u00e4ufeleinrichtung dient zur Unterst\u00fctzung von Pflanzen mit instabilem Stangel sie z.B. Kartoffeln. Die Verwendung des Ger\u00e4tes erfolgt in dem die Erde zwischen den Pflanzreihen an die Stangel angeh\u00e4uft wird.[\/vc_column_text][\/vc_column_inner][\/vc_row_inner][vc_row_inner equal_height=&#8221;yes&#8221; content_placement=&#8221;middle&#8221;][vc_column_inner][vc_column_text]<\/p>\n<table style=\"border-collapse: collapse; width: 100%; height: 240px;\">\n<tbody>\n<tr style=\"height: 24px;\">\n<td style=\"width: 50%; height: 24px;\"><strong>Funktion<\/strong>:<\/td>\n<td style=\"width: 50%; height: 24px;\">H\u00e4ufeleinrichtung<\/td>\n<\/tr>\n<tr style=\"height: 24px;\">\n<td style=\"width: 50%; height: 24px;\"><strong>Rahmen<\/strong>:<\/td>\n<td style=\"width: 50%; height: 24px;\">Stahl geschwei\u00dft<\/td>\n<\/tr>\n<tr style=\"height: 24px;\">\n<td style=\"width: 50%; height: 24px;\"><strong>Arbeitsbreite:<\/strong><\/td>\n<td style=\"width: 50%; height: 24px;\">zwei an die Spur der Zugmaschine einstellbare H\u00e4ufelk\u00f6rper<\/td>\n<\/tr>\n<tr style=\"height: 24px;\">\n<td style=\"width: 50%; height: 24px;\"><strong>Sonstiges<\/strong>:<\/td>\n<td style=\"width: 50%; height: 24px;\">f\u00fcr den Anbau wird ben\u00f6tigt: 1x Ger\u00e4teanschlussst\u00fcck 1901-25<\/td>\n<\/tr>\n<tr style=\"height: 24px;\">\n<td style=\"width: 50%; height: 24px;\"><strong>Nettogewicht<\/strong>:<\/td>\n<td style=\"width: 50%; height: 24px;\">14 Kg<\/td>\n<\/tr>\n<\/tbody>\n<\/table>\n<p>[\/vc_column_text][\/vc_column_inner][\/vc_row_inner][\/vc_tta_section][vc_tta_section title=&#8221;KARTOFFEL-RODEPFLUG&#8221; tab_id=&#8221;1612175150267-5e6929c9-6b7f&#8221;][vc_row_inner equal_height=&#8221;yes&#8221; content_placement=&#8221;middle&#8221; css=&#8221;.vc_custom_1608711862563{margin-bottom: 20px !important;}&#8221;][vc_column_inner width=&#8221;1\/2&#8243;][vc_images_carousel images=&#8221;4355&#8243; img_size=&#8221;full&#8221; onclick=&#8221;link_no&#8221; hide_pagination_control=&#8221;yes&#8221;][\/vc_column_inner][vc_column_inner width=&#8221;1\/2&#8243;][vc_column_text]Der Kartoffel-Rodepflug dient um Kartoffel Knollen aus der Erde zu pl\u00e4gen, ohne die Kartoffeln zu besch\u00e4digen.[\/vc_column_text][\/vc_column_inner][\/vc_row_inner][vc_row_inner equal_height=&#8221;yes&#8221; content_placement=&#8221;middle&#8221;][vc_column_inner][vc_column_text]<\/p>\n<table style=\"border-collapse: collapse; width: 100%; height: 240px;\">\n<tbody>\n<tr style=\"height: 24px;\">\n<td style=\"width: 50%; height: 24px;\"><strong>Funktion<\/strong>:<\/td>\n<td style=\"width: 50%; height: 24px;\">Kartoffeln aus dem Boden roden<\/td>\n<\/tr>\n<tr style=\"height: 24px;\">\n<td style=\"width: 50%; height: 24px;\"><strong>Rahmen<\/strong>:<\/td>\n<td style=\"width: 50%; height: 24px;\">Stahl geschwei\u00dft<\/td>\n<\/tr>\n<tr style=\"height: 24px;\">\n<td style=\"width: 50%; height: 24px;\"><strong>Sonstiges<\/strong>:<\/td>\n<td style=\"width: 50%; height: 24px;\">f\u00fcr den Anbau wird ben\u00f6tigt: 1x Ger\u00e4teanschlussst\u00fcck 1901-25<\/td>\n<\/tr>\n<tr style=\"height: 24px;\">\n<td style=\"width: 50%; height: 24px;\"><strong>Nettogewicht<\/strong>:<\/td>\n<td style=\"width: 50%; height: 24px;\">10,5 Kg<\/td>\n<\/tr>\n<\/tbody>\n<\/table>\n<p>[\/vc_column_text][\/vc_column_inner][\/vc_row_inner][\/vc_tta_section][vc_tta_section title=&#8221;FEDERZINKEN-KULTIVATOR&#8221; tab_id=&#8221;1610446905157-72940ac1-9fba0aba-8202&#8243;][vc_row_inner equal_height=&#8221;yes&#8221; content_placement=&#8221;middle&#8221; css=&#8221;.vc_custom_1608711862563{margin-bottom: 20px !important;}&#8221;][vc_column_inner width=&#8221;1\/2&#8243;][vc_images_carousel images=&#8221;4358&#8243; img_size=&#8221;full&#8221; onclick=&#8221;link_no&#8221; autoplay=&#8221;yes&#8221; hide_pagination_control=&#8221;yes&#8221; wrap=&#8221;yes&#8221;][\/vc_column_inner][vc_column_inner width=&#8221;1\/2&#8243;][vc_column_text]Der Federzinken-Kultivator dient zum aufhacken der Erdoberfl\u00e4che um Unkr\u00e4uter zu Entfernen, zur Bodenlockerung und unterbrechen der Kapilare um Feuchtigkeit im Boden zu halten.[\/vc_column_text][\/vc_column_inner][\/vc_row_inner][vc_row_inner equal_height=&#8221;yes&#8221; content_placement=&#8221;middle&#8221;][vc_column_inner][vc_column_text]<\/p>\n<table style=\"border-collapse: collapse; width: 100%; height: 216px;\">\n<tbody>\n<tr style=\"height: 24px;\">\n<td style=\"width: 50%; height: 24px;\"><strong>Funktion<\/strong>:<\/td>\n<td style=\"width: 49.9401%; height: 24px;\" width=\"412\">Boden kultivieren<\/td>\n<\/tr>\n<tr style=\"height: 24px;\">\n<td style=\"width: 50%; height: 24px;\"><strong>Rahmen<\/strong>:<\/td>\n<td style=\"width: 49.9401%; height: 24px;\" width=\"412\">Stahl geschwei\u00dft<\/td>\n<\/tr>\n<tr style=\"height: 24px;\">\n<td style=\"width: 50%; height: 24px;\"><strong>Arbeitsbreite<\/strong>:<\/td>\n<td style=\"width: 49.9401%; height: 24px;\" width=\"412\">35cm \/ 75cm mit 5 Scharen und Tiefenverstellung<\/td>\n<\/tr>\n<tr style=\"height: 24px;\">\n<td style=\"width: 50%; height: 24px;\"><strong>Sonstiges<\/strong>:<\/td>\n<td style=\"width: 49.9401%; height: 24px;\" width=\"412\">f\u00fcr den Anbau wird ben\u00f6tigt: 1x Ger\u00e4teanschlussst\u00fcck 1901-25<\/td>\n<\/tr>\n<tr style=\"height: 24px;\">\n<td style=\"width: 50%; height: 24px;\"><strong>Nettogewicht<\/strong>:<\/td>\n<td style=\"width: 49.9401%; height: 24px;\">17 Kg<\/td>\n<\/tr>\n<\/tbody>\n<\/table>\n<p>[\/vc_column_text][\/vc_column_inner][\/vc_row_inner][\/vc_tta_section][vc_tta_section title=&#8221;EGGE&#8221; tab_id=&#8221;1610447043525-4d28c953-677c0aba-8202&#8243;][vc_row_inner equal_height=&#8221;yes&#8221; content_placement=&#8221;middle&#8221; css=&#8221;.vc_custom_1608711862563{margin-bottom: 20px !important;}&#8221;][vc_column_inner width=&#8221;1\/2&#8243;][vc_images_carousel images=&#8221;4358&#8243; img_size=&#8221;full&#8221; onclick=&#8221;link_no&#8221; autoplay=&#8221;yes&#8221; hide_pagination_control=&#8221;yes&#8221; wrap=&#8221;yes&#8221;][\/vc_column_inner][vc_column_inner width=&#8221;1\/2&#8243;][vc_column_text]Die Egge dient um nach dem pfl\u00fcgen und anschie\u00dfendem Fr\u00e4sen der Erde ein gleichm\u00e4\u00dfiges und ebenm\u00e4\u00dfiges Saatbett zu erhalten.[\/vc_column_text][\/vc_column_inner][\/vc_row_inner][vc_row_inner equal_height=&#8221;yes&#8221; content_placement=&#8221;middle&#8221;][vc_column_inner][vc_column_text]<\/p>\n<table style=\"border-collapse: collapse; width: 100%; height: 216px;\">\n<tbody>\n<tr style=\"height: 24px;\">\n<td style=\"width: 50%; height: 24px;\"><strong>Funktion<\/strong>:<\/td>\n<td style=\"width: 49.9401%;\" width=\"412\">Saatbett Vorbereitung<\/td>\n<\/tr>\n<tr style=\"height: 24px;\">\n<td style=\"width: 50%; height: 24px;\"><strong>Rahmen<\/strong>:<\/td>\n<td style=\"width: 49.9401%; height: 24px;\">Stahl geschwei\u00dft<\/td>\n<\/tr>\n<tr style=\"height: 24px;\">\n<td style=\"width: 50%; height: 24px;\"><strong>Arbeitsbreite<\/strong>:<\/td>\n<td style=\"width: 49.9401%; height: 24px;\">110 cm<\/td>\n<\/tr>\n<tr style=\"height: 24px;\">\n<td style=\"width: 50%; height: 24px;\"><strong>Sonstiges<\/strong>:<\/td>\n<td style=\"width: 49.9401%;\" width=\"412\">f\u00fcr den Anbau wird ben\u00f6tigt: 1x Ger\u00e4teanschlussst\u00fcck 1901-25<\/td>\n<\/tr>\n<tr style=\"height: 24px;\">\n<td style=\"width: 50%; height: 24px;\"><strong>Nettogewicht<\/strong>:<\/td>\n<td style=\"width: 49.9401%; height: 24px;\">31 Kg<\/td>\n<\/tr>\n<\/tbody>\n<\/table>\n<p>[\/vc_column_text][\/vc_column_inner][\/vc_row_inner][\/vc_tta_section][vc_tta_section title=&#8221;SCHNEER\u00c4UMSCHILD 125CM&#8221; tab_id=&#8221;1610447109288-9388b5fb-f9610aba-8202&#8243;][vc_row_inner equal_height=&#8221;yes&#8221; content_placement=&#8221;middle&#8221; css=&#8221;.vc_custom_1608711862563{margin-bottom: 20px !important;}&#8221;][vc_column_inner width=&#8221;1\/2&#8243;][vc_images_carousel images=&#8221;4358&#8243; img_size=&#8221;full&#8221; onclick=&#8221;link_no&#8221; autoplay=&#8221;yes&#8221; hide_pagination_control=&#8221;yes&#8221; wrap=&#8221;yes&#8221;][\/vc_column_inner][vc_column_inner width=&#8221;1\/2&#8243;][vc_column_text]Das Schneer\u00e4umschild erm\u00f6glicht die Reinigung von Au\u00dfenb\u00f6den, von Schnee und Schmutz jeglicher Art. Die Kunststoff-Scheuerleiste und die seitlichen Einstellungen erm\u00f6glichen eine einfache und effektive Verwendung.[\/vc_column_text][\/vc_column_inner][\/vc_row_inner][vc_row_inner equal_height=&#8221;yes&#8221; content_placement=&#8221;middle&#8221;][vc_column_inner][vc_column_text]<\/p>\n<table style=\"border-collapse: collapse; width: 100%; height: 240px;\">\n<tbody>\n<tr style=\"height: 24px;\">\n<td style=\"width: 50%; height: 24px;\"><strong>Funktion<\/strong>:<\/td>\n<td style=\"width: 50%; height: 24px;\">Ra\u00fcmschild mit Schnellkupplung<\/td>\n<\/tr>\n<tr style=\"height: 24px;\">\n<td style=\"width: 50%; height: 24px;\"><strong>Rahmen<\/strong>:<\/td>\n<td style=\"width: 50%; height: 24px;\">aus Stahl<\/td>\n<\/tr>\n<tr style=\"height: 24px;\">\n<td style=\"width: 50%; height: 24px;\"><strong>Arbeitsbreite<\/strong>:<\/td>\n<td style=\"width: 50%; height: 24px;\">125 cm<\/td>\n<\/tr>\n<tr style=\"height: 24px;\">\n<td style=\"width: 50%; height: 24px;\"><strong>Einstellungen<\/strong>:<\/td>\n<td style=\"width: 50%; height: 24px;\">beidseitig schwenkbar<\/td>\n<\/tr>\n<tr style=\"height: 24px;\">\n<td style=\"width: 50%; height: 24px;\"><strong>Nettogewicht<\/strong>:<\/td>\n<td style=\"width: 50%; height: 24px;\">50 Kg<\/td>\n<\/tr>\n<\/tbody>\n<\/table>\n<p>[\/vc_column_text][\/vc_column_inner][\/vc_row_inner][\/vc_tta_section][\/vc_tta_tour][\/vc_column][\/vc_row]<\/p>\n","protected":false},"excerpt":{"rendered":"<p>Die E 450 ist ein mittelgro\u00dfer Einachser f\u00fcr privatbewirtschaftete Fl\u00e4chen und Kleinlandwirte. Die Maschine kann verwendet werden um Weidegras zu m\u00e4hen, sowie zum fr\u00e4sen oder pfl\u00fcgen von Ackerfl\u00e4chen. Die Maschine ist handlich und wendig und ist leicht zu bedienen. Der Wechsel der Anbauger\u00e4te funktioniert \u00fcber Schnellverschluss-System.<\/p>\n<p>&nbsp;<\/p>\n<p>Verf\u00fcgbare Modelle:<br \/>\nE 450 Honda GX270 (270 ccm)<\/p>\n<p>&nbsp;<\/p>\n<p>&#8211; 8 Anbauger\u00e4te<br \/>\n&#8211; 1 Motorisierung verf\u00fcgbar<br \/>\n&#8211; Empfohlene Verwendung: semiprofessionell<\/p>\n","protected":false},"featured_media":10718,"template":"","meta":{"_acf_changed":false,"inline_featured_image":false},"product_brand":[],"product_cat":[1958],"product_tag":[],"class_list":{"0":"post-10734","1":"product","2":"type-product","3":"status-publish","4":"has-post-thumbnail","6":"product_cat-multi-attrezzo-de","8":"first","9":"instock","10":"shipping-taxable","11":"product-type-simple"},"acf":[],"aioseo_notices":[],"_links":{"self":[{"href":"https:\/\/www.eurosystems-spa.it\/de\/wp-json\/wp\/v2\/product\/10734","targetHints":{"allow":["GET"]}}],"collection":[{"href":"https:\/\/www.eurosystems-spa.it\/de\/wp-json\/wp\/v2\/product"}],"about":[{"href":"https:\/\/www.eurosystems-spa.it\/de\/wp-json\/wp\/v2\/types\/product"}],"wp:featuredmedia":[{"embeddable":true,"href":"https:\/\/www.eurosystems-spa.it\/de\/wp-json\/wp\/v2\/media\/10718"}],"wp:attachment":[{"href":"https:\/\/www.eurosystems-spa.it\/de\/wp-json\/wp\/v2\/media?parent=10734"}],"wp:term":[{"taxonomy":"product_brand","embeddable":true,"href":"https:\/\/www.eurosystems-spa.it\/de\/wp-json\/wp\/v2\/product_brand?post=10734"},{"taxonomy":"product_cat","embeddable":true,"href":"https:\/\/www.eurosystems-spa.it\/de\/wp-json\/wp\/v2\/product_cat?post=10734"},{"taxonomy":"product_tag","embeddable":true,"href":"https:\/\/www.eurosystems-spa.it\/de\/wp-json\/wp\/v2\/product_tag?post=10734"}],"curies":[{"name":"wp","href":"https:\/\/api.w.org\/{rel}","templated":true}]}}