

{"id":10565,"date":"2024-05-10T09:03:24","date_gmt":"2024-05-20T07:41:28","guid":{"rendered":"https:\/\/www.eurosystems-spa.itprodotto\/ecarry-akku\/"},"modified":"2024-08-09T10:59:36","modified_gmt":"2024-08-09T09:59:36","slug":"carry-copy","status":"publish","type":"product","link":"https:\/\/www.eurosystems-spa.it\/de\/prodotto\/carry-copy\/","title":{"rendered":"eCARRY akku"},"content":{"rendered":"","protected":false},"excerpt":{"rendered":"<p>Akkubetriebene Schubkarre, ideal f\u00fcr den Transport von Lasten auf ebenem Boden; bequem und einfach zu bedienen, perfekt f\u00fcr den Transport von kleinen Pflanzen, Holz, Laub und Pflanzenresten. Das umweltfreundliche Batteriesystem erm\u00f6glicht es, auch in geschlossenen Bereichen wie Garagen, Gew\u00e4chsh\u00e4usern oder Lagerr\u00e4umen zu arbeiten. Mit dem praktischen optionalen Zubeh\u00f6r k\u00f6nnen Sie zudem Ihre Ladekapazit\u00e4t auf bis zu 160 Liter erh\u00f6hen.<\/p>\n<p>&nbsp;<\/p>\n<p><em>2 batteriebetriebene Motoren verf\u00fcgbar<\/em><br \/>\n<em>Verwendung: Innen- und Au\u00dfenbereich<\/em><br \/>\n<em>Empfohlene Verwendung: bis zu 100 kg<\/em><\/p>\n","protected":false},"featured_media":10394,"template":"","meta":{"_acf_changed":false,"inline_featured_image":false},"product_brand":[],"product_cat":[2022],"product_tag":[],"class_list":{"0":"post-10565","1":"product","2":"type-product","3":"status-publish","4":"has-post-thumbnail","6":"product_cat-motor-schubkarren","8":"first","9":"instock","10":"featured","11":"shipping-taxable","12":"product-type-simple"},"acf":[],"aioseo_notices":[],"_links":{"self":[{"href":"https:\/\/www.eurosystems-spa.it\/de\/wp-json\/wp\/v2\/product\/10565","targetHints":{"allow":["GET"]}}],"collection":[{"href":"https:\/\/www.eurosystems-spa.it\/de\/wp-json\/wp\/v2\/product"}],"about":[{"href":"https:\/\/www.eurosystems-spa.it\/de\/wp-json\/wp\/v2\/types\/product"}],"wp:featuredmedia":[{"embeddable":true,"href":"https:\/\/www.eurosystems-spa.it\/de\/wp-json\/wp\/v2\/media\/10394"}],"wp:attachment":[{"href":"https:\/\/www.eurosystems-spa.it\/de\/wp-json\/wp\/v2\/media?parent=10565"}],"wp:term":[{"taxonomy":"product_brand","embeddable":true,"href":"https:\/\/www.eurosystems-spa.it\/de\/wp-json\/wp\/v2\/product_brand?post=10565"},{"taxonomy":"product_cat","embeddable":true,"href":"https:\/\/www.eurosystems-spa.it\/de\/wp-json\/wp\/v2\/product_cat?post=10565"},{"taxonomy":"product_tag","embeddable":true,"href":"https:\/\/www.eurosystems-spa.it\/de\/wp-json\/wp\/v2\/product_tag?post=10565"}],"curies":[{"name":"wp","href":"https:\/\/api.w.org\/{rel}","templated":true}]}}