

{"id":10193,"date":"2019-10-15T10:50:19","date_gmt":"2019-10-15T09:50:19","guid":{"rendered":"https:\/\/www.eurosystems-spa.itprodotto\/m210\/"},"modified":"2024-08-09T09:50:09","modified_gmt":"2024-08-09T08:50:09","slug":"m210","status":"publish","type":"product","link":"https:\/\/www.eurosystems-spa.it\/de\/prodotto\/m210\/","title":{"rendered":"M210"},"content":{"rendered":"","protected":false},"excerpt":{"rendered":"<p>Der leistungsstarke und handliche M 210 ist ein Motorm\u00e4her, der sich durch den Doppelmesserantrieb auszeichnet, eine Eigenschaft, die seine Leistung und Arbeitsgeschwindigkeit verbessert. Der Doppelmesserbalken erm\u00f6glicht es dem frisch geschnittenen Gras, sich gesund und schnell zu regenerieren. Das Ger\u00e4t ist einfach zu bedienen und \u00e4u\u00dferst wendig und wird f\u00fcr Fl\u00e4chen bis zu 6.000 m\u00b2 empfohlen.<\/p>\n<p>&nbsp;<\/p>\n<p><em>M\u00e4hantrieb: Doppelmesser<\/em><br \/>\n<em>3 Motoren verf\u00fcgbar<\/em><br \/>\n<em>Empfohlene Verwendung: bis zu 6.000 m\u00b2<\/em><\/p>\n","protected":false},"featured_media":11235,"template":"","meta":{"_acf_changed":false,"inline_featured_image":false},"product_brand":[],"product_cat":[2021],"product_tag":[],"class_list":{"0":"post-10193","1":"product","2":"type-product","3":"status-publish","4":"has-post-thumbnail","6":"product_cat-motormaeher","8":"first","9":"instock","10":"featured","11":"shipping-taxable","12":"product-type-simple"},"acf":[],"aioseo_notices":[],"_links":{"self":[{"href":"https:\/\/www.eurosystems-spa.it\/de\/wp-json\/wp\/v2\/product\/10193","targetHints":{"allow":["GET"]}}],"collection":[{"href":"https:\/\/www.eurosystems-spa.it\/de\/wp-json\/wp\/v2\/product"}],"about":[{"href":"https:\/\/www.eurosystems-spa.it\/de\/wp-json\/wp\/v2\/types\/product"}],"wp:featuredmedia":[{"embeddable":true,"href":"https:\/\/www.eurosystems-spa.it\/de\/wp-json\/wp\/v2\/media\/11235"}],"wp:attachment":[{"href":"https:\/\/www.eurosystems-spa.it\/de\/wp-json\/wp\/v2\/media?parent=10193"}],"wp:term":[{"taxonomy":"product_brand","embeddable":true,"href":"https:\/\/www.eurosystems-spa.it\/de\/wp-json\/wp\/v2\/product_brand?post=10193"},{"taxonomy":"product_cat","embeddable":true,"href":"https:\/\/www.eurosystems-spa.it\/de\/wp-json\/wp\/v2\/product_cat?post=10193"},{"taxonomy":"product_tag","embeddable":true,"href":"https:\/\/www.eurosystems-spa.it\/de\/wp-json\/wp\/v2\/product_tag?post=10193"}],"curies":[{"name":"wp","href":"https:\/\/api.w.org\/{rel}","templated":true}]}}