

{"id":10192,"date":"2020-05-03T06:00:25","date_gmt":"2020-05-03T05:00:25","guid":{"rendered":"https:\/\/www.eurosystems-spa.itprodotto\/euro-5-evo\/"},"modified":"2024-08-05T14:46:03","modified_gmt":"2024-08-05T13:46:03","slug":"euro-5-evo","status":"publish","type":"product","link":"https:\/\/www.eurosystems-spa.it\/de\/prodotto\/euro-5-evo\/","title":{"rendered":"EURO 5 EVO"},"content":{"rendered":"","protected":false},"excerpt":{"rendered":"<p>Euro 5 Evo in Vorw\u00e4rts- oder R\u00fcckw\u00e4rtsgangversion; im Vergleich zur leistungsst\u00e4rkeren Version (2+1) hat diese Motorhacke ein einfacheres Getriebe, kann aber dank der sorgf\u00e4ltigen internen Qualit\u00e4tskontrollen ihre Vielseitigkeit und Robustheit beibehalten. Euro 5 Evo ist ideal f\u00fcr den G\u00e4rtner, der seine Arbeit schnell und m\u00fchelos erledigen muss, auch wenn der Boden kompakt und nicht gepfl\u00fcgt ist. Das Ger\u00e4t bricht die Oberfl\u00e4chenkruste auf und lockert den Boden darunter auf, wodurch die Bel\u00fcftung verbessert und die Aussaat vorbereitet wird.<\/p>\n<p>&nbsp;<\/p>\n<p><em>2 Motorisierungen verf\u00fcgbar<\/em><br \/>\n<em>Verwendung: Hobby<\/em><br \/>\n<em>Empfohlene Verwendung: mittelharter\/harter Boden, bis zu 400 m\u00b2<\/em><\/p>\n","protected":false},"featured_media":10288,"template":"","meta":{"_acf_changed":false,"inline_featured_image":false},"product_brand":[],"product_cat":[1981],"product_tag":[],"class_list":{"0":"post-10192","1":"product","2":"type-product","3":"status-publish","4":"has-post-thumbnail","6":"product_cat-motorhacken","8":"first","9":"instock","10":"featured","11":"shipping-taxable","12":"product-type-simple"},"acf":[],"aioseo_notices":[],"_links":{"self":[{"href":"https:\/\/www.eurosystems-spa.it\/de\/wp-json\/wp\/v2\/product\/10192","targetHints":{"allow":["GET"]}}],"collection":[{"href":"https:\/\/www.eurosystems-spa.it\/de\/wp-json\/wp\/v2\/product"}],"about":[{"href":"https:\/\/www.eurosystems-spa.it\/de\/wp-json\/wp\/v2\/types\/product"}],"wp:featuredmedia":[{"embeddable":true,"href":"https:\/\/www.eurosystems-spa.it\/de\/wp-json\/wp\/v2\/media\/10288"}],"wp:attachment":[{"href":"https:\/\/www.eurosystems-spa.it\/de\/wp-json\/wp\/v2\/media?parent=10192"}],"wp:term":[{"taxonomy":"product_brand","embeddable":true,"href":"https:\/\/www.eurosystems-spa.it\/de\/wp-json\/wp\/v2\/product_brand?post=10192"},{"taxonomy":"product_cat","embeddable":true,"href":"https:\/\/www.eurosystems-spa.it\/de\/wp-json\/wp\/v2\/product_cat?post=10192"},{"taxonomy":"product_tag","embeddable":true,"href":"https:\/\/www.eurosystems-spa.it\/de\/wp-json\/wp\/v2\/product_tag?post=10192"}],"curies":[{"name":"wp","href":"https:\/\/api.w.org\/{rel}","templated":true}]}}