

{"id":10191,"date":"2020-05-03T05:00:36","date_gmt":"2020-05-03T04:00:36","guid":{"rendered":"https:\/\/www.eurosystems-spa.itprodotto\/euro-5-evo-21\/"},"modified":"2025-04-10T13:41:10","modified_gmt":"2025-04-10T12:41:10","slug":"euro-5-evo-21","status":"publish","type":"product","link":"https:\/\/www.eurosystems-spa.it\/de\/prodotto\/euro-5-evo-21\/","title":{"rendered":"EURO 5 EVO 2+1"},"content":{"rendered":"","protected":false},"excerpt":{"rendered":"<p>Lang bew\u00e4hrtes und erfolgreichstes Modell der Eurosystems-Produktpalette in semiprofessioneller Ausf\u00fchrung. Die vielseitige, robuste und \u00e4u\u00dferst wendige Euro 5 Evo 2+1 bereitet das Saatbeet schnell vor, indem sie die obere Kruste aufbricht, den fein zerkleinerten, gut durchl\u00fcfteten, weichen Boden zerkleinert und f\u00fcr die Bearbeitung bereit macht, auch in der Version Labour zum Pfl\u00fcgen des Bodens erh\u00e4ltlich. Ideal f\u00fcr mittelgro\u00dfe, auch harte und nicht gepfl\u00fcgte B\u00f6den.<\/p>\n<p>&nbsp;<\/p>\n<p><em>4 Motoren verf\u00fcgbar<\/em><br \/>\n<em>Verwendung: semiprofessionell<\/em><br \/>\n<em>Empfohlene Verwendung: mittlerer\/harter Boden, bis zu 500 m\u00b2<\/em><\/p>\n","protected":false},"featured_media":10300,"template":"","meta":{"_acf_changed":false,"inline_featured_image":false},"product_brand":[],"product_cat":[1981],"product_tag":[],"class_list":{"0":"post-10191","1":"product","2":"type-product","3":"status-publish","4":"has-post-thumbnail","6":"product_cat-motorhacken","8":"first","9":"instock","10":"featured","11":"shipping-taxable","12":"product-type-simple"},"acf":[],"aioseo_notices":[],"_links":{"self":[{"href":"https:\/\/www.eurosystems-spa.it\/de\/wp-json\/wp\/v2\/product\/10191","targetHints":{"allow":["GET"]}}],"collection":[{"href":"https:\/\/www.eurosystems-spa.it\/de\/wp-json\/wp\/v2\/product"}],"about":[{"href":"https:\/\/www.eurosystems-spa.it\/de\/wp-json\/wp\/v2\/types\/product"}],"wp:featuredmedia":[{"embeddable":true,"href":"https:\/\/www.eurosystems-spa.it\/de\/wp-json\/wp\/v2\/media\/10300"}],"wp:attachment":[{"href":"https:\/\/www.eurosystems-spa.it\/de\/wp-json\/wp\/v2\/media?parent=10191"}],"wp:term":[{"taxonomy":"product_brand","embeddable":true,"href":"https:\/\/www.eurosystems-spa.it\/de\/wp-json\/wp\/v2\/product_brand?post=10191"},{"taxonomy":"product_cat","embeddable":true,"href":"https:\/\/www.eurosystems-spa.it\/de\/wp-json\/wp\/v2\/product_cat?post=10191"},{"taxonomy":"product_tag","embeddable":true,"href":"https:\/\/www.eurosystems-spa.it\/de\/wp-json\/wp\/v2\/product_tag?post=10191"}],"curies":[{"name":"wp","href":"https:\/\/api.w.org\/{rel}","templated":true}]}}