

{"id":10190,"date":"2020-05-03T04:00:08","date_gmt":"2020-05-03T03:00:08","guid":{"rendered":"https:\/\/www.eurosystems-spa.itprodotto\/z8\/"},"modified":"2025-09-19T10:27:24","modified_gmt":"2025-09-19T09:27:24","slug":"z8","status":"publish","type":"product","link":"https:\/\/www.eurosystems-spa.it\/de\/prodotto\/z8\/","title":{"rendered":"Z8"},"content":{"rendered":"","protected":false},"excerpt":{"rendered":"<p>Halbprofessionelle Motorhacke mit horizontalem Motor, geeignet f\u00fcr den h\u00e4uslichen und landwirtschaftlichen Gebrauch. Dieses Modell ist au\u00dfergew\u00f6hnlich effektiv bei Arbeiten mit mittlerem Schwierigkeitsgrad und bei der Bewirtschaftung von Fl\u00e4chen von mittlerer\/gro\u00dfer Ausdehnung. Perfekt f\u00fcr die Bearbeitung aller Arten von Boden, dank seines ausgewogenen Gewichts-Leistungs-Verh\u00e4ltnisses garantiert es ein Eindringen des Bodens unter allen Bedingungen. ntwickelt, um die beste Leistung in seiner Labour-Version f\u00fcr das Pfl\u00fcgen zu liefern.<\/p>\n<p>&nbsp;<\/p>\n<p><em>4 Motoren verf\u00fcgbar<\/em><br \/>\n<em>Verwendung: semiprofessionell<\/em><br \/>\n<em>Empfohlene Verwendung: alle B\u00f6den, bis zu 1.000 m\u00b2 <\/em><\/p>\n","protected":false},"featured_media":10325,"template":"","meta":{"_acf_changed":false,"inline_featured_image":false},"product_brand":[],"product_cat":[1981],"product_tag":[],"class_list":{"0":"post-10190","1":"product","2":"type-product","3":"status-publish","4":"has-post-thumbnail","6":"product_cat-motorhacken","8":"first","9":"instock","10":"featured","11":"shipping-taxable","12":"product-type-simple"},"acf":[],"aioseo_notices":[],"_links":{"self":[{"href":"https:\/\/www.eurosystems-spa.it\/de\/wp-json\/wp\/v2\/product\/10190","targetHints":{"allow":["GET"]}}],"collection":[{"href":"https:\/\/www.eurosystems-spa.it\/de\/wp-json\/wp\/v2\/product"}],"about":[{"href":"https:\/\/www.eurosystems-spa.it\/de\/wp-json\/wp\/v2\/types\/product"}],"wp:featuredmedia":[{"embeddable":true,"href":"https:\/\/www.eurosystems-spa.it\/de\/wp-json\/wp\/v2\/media\/10325"}],"wp:attachment":[{"href":"https:\/\/www.eurosystems-spa.it\/de\/wp-json\/wp\/v2\/media?parent=10190"}],"wp:term":[{"taxonomy":"product_brand","embeddable":true,"href":"https:\/\/www.eurosystems-spa.it\/de\/wp-json\/wp\/v2\/product_brand?post=10190"},{"taxonomy":"product_cat","embeddable":true,"href":"https:\/\/www.eurosystems-spa.it\/de\/wp-json\/wp\/v2\/product_cat?post=10190"},{"taxonomy":"product_tag","embeddable":true,"href":"https:\/\/www.eurosystems-spa.it\/de\/wp-json\/wp\/v2\/product_tag?post=10190"}],"curies":[{"name":"wp","href":"https:\/\/api.w.org\/{rel}","templated":true}]}}