

{"id":10189,"date":"2020-05-03T03:00:19","date_gmt":"2020-05-03T02:00:19","guid":{"rendered":"https:\/\/www.eurosystems-spa.itprodotto\/euro-102\/"},"modified":"2025-09-19T09:38:47","modified_gmt":"2025-09-19T08:38:47","slug":"euro-102","status":"publish","type":"product","link":"https:\/\/www.eurosystems-spa.it\/de\/prodotto\/euro-102\/","title":{"rendered":"EURO 102"},"content":{"rendered":"","protected":false},"excerpt":{"rendered":"<p>Euro 102 ist eine professionelle Motorhacke f\u00fcr Arbeiten, die ein hohes Ma\u00df an Leistung erfordern. Sie ist daf\u00fcr bekannt, dass sie auch auf hartem Boden, der noch nie bearbeitet wurde, sehr effizient arbeitet. Das mitgelieferte Getriebe Made in Italy ist eines der besten Zahnradgetriebe auf den internationalen M\u00e4rkten und garantiert zusammen mit dem perfekten Leistungsgewicht eine hohe Qualit\u00e4t und Arbeitseffizienz.<\/p>\n<p>&nbsp;<\/p>\n<p><em>Motor: Verbrennungsmotor<\/em><br \/>\n<em>Verwendung: Professionell<\/em><br \/>\n<em>Empfohlene Verwendung: alle B\u00f6den, bis zu 1.000 m\u00b2<\/em><\/p>\n","protected":false},"featured_media":10317,"template":"","meta":{"_acf_changed":false,"inline_featured_image":false},"product_brand":[],"product_cat":[1981],"product_tag":[],"class_list":{"0":"post-10189","1":"product","2":"type-product","3":"status-publish","4":"has-post-thumbnail","6":"product_cat-motorhacken","8":"first","9":"instock","10":"featured","11":"shipping-taxable","12":"product-type-simple"},"acf":[],"aioseo_notices":[],"_links":{"self":[{"href":"https:\/\/www.eurosystems-spa.it\/de\/wp-json\/wp\/v2\/product\/10189","targetHints":{"allow":["GET"]}}],"collection":[{"href":"https:\/\/www.eurosystems-spa.it\/de\/wp-json\/wp\/v2\/product"}],"about":[{"href":"https:\/\/www.eurosystems-spa.it\/de\/wp-json\/wp\/v2\/types\/product"}],"wp:featuredmedia":[{"embeddable":true,"href":"https:\/\/www.eurosystems-spa.it\/de\/wp-json\/wp\/v2\/media\/10317"}],"wp:attachment":[{"href":"https:\/\/www.eurosystems-spa.it\/de\/wp-json\/wp\/v2\/media?parent=10189"}],"wp:term":[{"taxonomy":"product_brand","embeddable":true,"href":"https:\/\/www.eurosystems-spa.it\/de\/wp-json\/wp\/v2\/product_brand?post=10189"},{"taxonomy":"product_cat","embeddable":true,"href":"https:\/\/www.eurosystems-spa.it\/de\/wp-json\/wp\/v2\/product_cat?post=10189"},{"taxonomy":"product_tag","embeddable":true,"href":"https:\/\/www.eurosystems-spa.it\/de\/wp-json\/wp\/v2\/product_tag?post=10189"}],"curies":[{"name":"wp","href":"https:\/\/api.w.org\/{rel}","templated":true}]}}