

{"id":10187,"date":"2019-10-16T08:26:26","date_gmt":"2019-10-16T07:26:26","guid":{"rendered":"https:\/\/www.eurosystems-spa.itprodotto\/m90\/"},"modified":"2024-08-08T16:25:40","modified_gmt":"2024-08-08T15:25:40","slug":"m90","status":"publish","type":"product","link":"https:\/\/www.eurosystems-spa.it\/de\/prodotto\/m90\/","title":{"rendered":"M90"},"content":{"rendered":"","protected":false},"excerpt":{"rendered":"<p>Kompakt und extrem einfach zu bedienen, ist M90 so konzipiert und gebaut, dass er sicher und m\u00fchelos verwendet werden kann. Die ausgesch\u00e4umten R\u00e4der, die schwingungsged\u00e4mpfter F\u00fchrungsholm, die mitschwingende Kunststoffabdeckhaube und der patentierte M\u00e4hantrieb garantieren eine au\u00dfergew\u00f6hnliche Robustheit und Schnittqualit\u00e4t. Empfohlen f\u00fcr den Einsatz auf Fl\u00e4chen bis zu bis zu 5.000 m\u00b2\u00a0.<\/p>\n<p>&nbsp;<\/p>\n<p><em>M\u00e4hantrieb: Obermesserbalken<\/em><\/p>\n<p><em>2 Motoren verf\u00fcgbar<\/em><\/p>\n<p><em>Empfohlene Verwendung: bis zu 5.000 m\u00b2 <\/em><\/p>\n","protected":false},"featured_media":11219,"template":"","meta":{"_acf_changed":false,"inline_featured_image":false},"product_brand":[],"product_cat":[2021],"product_tag":[],"class_list":{"0":"post-10187","1":"product","2":"type-product","3":"status-publish","4":"has-post-thumbnail","6":"product_cat-motormaeher","8":"first","9":"instock","10":"featured","11":"shipping-taxable","12":"product-type-simple"},"acf":[],"aioseo_notices":[],"_links":{"self":[{"href":"https:\/\/www.eurosystems-spa.it\/de\/wp-json\/wp\/v2\/product\/10187","targetHints":{"allow":["GET"]}}],"collection":[{"href":"https:\/\/www.eurosystems-spa.it\/de\/wp-json\/wp\/v2\/product"}],"about":[{"href":"https:\/\/www.eurosystems-spa.it\/de\/wp-json\/wp\/v2\/types\/product"}],"wp:featuredmedia":[{"embeddable":true,"href":"https:\/\/www.eurosystems-spa.it\/de\/wp-json\/wp\/v2\/media\/11219"}],"wp:attachment":[{"href":"https:\/\/www.eurosystems-spa.it\/de\/wp-json\/wp\/v2\/media?parent=10187"}],"wp:term":[{"taxonomy":"product_brand","embeddable":true,"href":"https:\/\/www.eurosystems-spa.it\/de\/wp-json\/wp\/v2\/product_brand?post=10187"},{"taxonomy":"product_cat","embeddable":true,"href":"https:\/\/www.eurosystems-spa.it\/de\/wp-json\/wp\/v2\/product_cat?post=10187"},{"taxonomy":"product_tag","embeddable":true,"href":"https:\/\/www.eurosystems-spa.it\/de\/wp-json\/wp\/v2\/product_tag?post=10187"}],"curies":[{"name":"wp","href":"https:\/\/api.w.org\/{rel}","templated":true}]}}