

{"id":10185,"date":"2019-10-14T15:54:20","date_gmt":"2019-10-14T14:54:20","guid":{"rendered":"https:\/\/www.eurosystems-spa.it\/de\/prodotto\/rs90\/"},"modified":"2024-08-02T13:24:32","modified_gmt":"2024-08-02T12:24:32","slug":"rs90","status":"publish","type":"product","link":"https:\/\/www.eurosystems-spa.it\/de\/prodotto\/rs90\/","title":{"rendered":"RS90"},"content":{"rendered":"","protected":false},"excerpt":{"rendered":"<p>Die RS90 ist eine robuste, einfach zu bedienende und wartungsarme Maschine. Dieses Ger\u00e4t ist dank seiner einziehbaren Messer weniger anf\u00e4llig f\u00fcr Br\u00fcche durch unerw\u00fcnschte St\u00f6\u00dfe, sodass es auch auf nicht perfekt gereinigtem und ebenem Boden verwendet werden kann.<\/p>\n<p>&nbsp;<\/p>\n<p>&nbsp;<\/p>\n<p><em>Schneidbewegung: rotierend, 4 Klingen <\/em><br \/>\n<em>2 Motoren verf\u00fcgbar<\/em><br \/>\n<em>Verwendung: bis zu 3.000 qm<\/em><\/p>\n","protected":false},"featured_media":11245,"template":"","meta":{"_acf_changed":false,"inline_featured_image":false},"product_brand":[],"product_cat":[2027],"product_tag":[],"class_list":{"0":"post-10185","1":"product","2":"type-product","3":"status-publish","4":"has-post-thumbnail","6":"product_cat-scheibenmaeher","8":"first","9":"instock","10":"featured","11":"shipping-taxable","12":"product-type-simple"},"acf":[],"aioseo_notices":[],"_links":{"self":[{"href":"https:\/\/www.eurosystems-spa.it\/de\/wp-json\/wp\/v2\/product\/10185","targetHints":{"allow":["GET"]}}],"collection":[{"href":"https:\/\/www.eurosystems-spa.it\/de\/wp-json\/wp\/v2\/product"}],"about":[{"href":"https:\/\/www.eurosystems-spa.it\/de\/wp-json\/wp\/v2\/types\/product"}],"wp:featuredmedia":[{"embeddable":true,"href":"https:\/\/www.eurosystems-spa.it\/de\/wp-json\/wp\/v2\/media\/11245"}],"wp:attachment":[{"href":"https:\/\/www.eurosystems-spa.it\/de\/wp-json\/wp\/v2\/media?parent=10185"}],"wp:term":[{"taxonomy":"product_brand","embeddable":true,"href":"https:\/\/www.eurosystems-spa.it\/de\/wp-json\/wp\/v2\/product_brand?post=10185"},{"taxonomy":"product_cat","embeddable":true,"href":"https:\/\/www.eurosystems-spa.it\/de\/wp-json\/wp\/v2\/product_cat?post=10185"},{"taxonomy":"product_tag","embeddable":true,"href":"https:\/\/www.eurosystems-spa.it\/de\/wp-json\/wp\/v2\/product_tag?post=10185"}],"curies":[{"name":"wp","href":"https:\/\/api.w.org\/{rel}","templated":true}]}}