

{"id":10184,"date":"2020-05-03T11:00:17","date_gmt":"2024-05-03T09:47:34","guid":{"rendered":"https:\/\/www.eurosystems-spa.itprodotto\/la-zappa\/"},"modified":"2025-01-10T10:34:07","modified_gmt":"2025-01-10T09:34:07","slug":"la-zappa","status":"publish","type":"product","link":"https:\/\/www.eurosystems-spa.it\/de\/prodotto\/la-zappa\/","title":{"rendered":"LA ZAPPA"},"content":{"rendered":"","protected":false},"excerpt":{"rendered":"<p>Als lang bew\u00e4hrte Motorhacke, die seit 1989 hergestellt wird, hat die La Zappa einen Industriestandard auf dem globalen Hobbymarkt gesetzt. Zweifellos das am meisten nachgeahmte und meistverkaufte Modell der Welt. Ein Einsteigermodell, das extrem robust und einfach zu bedienen ist. Die Hacke ist perfekt f\u00fcr den Einsatz auf weichen und mittelkompakten B\u00f6den (Arbeitstiefe beim ersten Durchgang von 20-25 cm), aber auch auf harten und lehmigen B\u00f6den (5 cm im Durchgang). Auch in der Version mit Elektromotor erh\u00e4ltlich.<\/p>\n<p>&nbsp;<\/p>\n<p><em>Motor: Verbrennungsmotor oder Elektromotor<\/em><br \/>\n<em>Verwendung: Hobby<\/em><br \/>\n<em>Empfohlene Verwendung: weicher\/mittelweicher Boden, bis zu 150 m\u00b2<\/em><\/p>\n","protected":false},"featured_media":10242,"template":"","meta":{"_acf_changed":false,"inline_featured_image":false},"product_brand":[],"product_cat":[1981],"product_tag":[],"class_list":{"0":"post-10184","1":"product","2":"type-product","3":"status-publish","4":"has-post-thumbnail","6":"product_cat-motorhacken","8":"first","9":"instock","10":"featured","11":"shipping-taxable","12":"product-type-simple"},"acf":[],"aioseo_notices":[],"_links":{"self":[{"href":"https:\/\/www.eurosystems-spa.it\/de\/wp-json\/wp\/v2\/product\/10184","targetHints":{"allow":["GET"]}}],"collection":[{"href":"https:\/\/www.eurosystems-spa.it\/de\/wp-json\/wp\/v2\/product"}],"about":[{"href":"https:\/\/www.eurosystems-spa.it\/de\/wp-json\/wp\/v2\/types\/product"}],"wp:featuredmedia":[{"embeddable":true,"href":"https:\/\/www.eurosystems-spa.it\/de\/wp-json\/wp\/v2\/media\/10242"}],"wp:attachment":[{"href":"https:\/\/www.eurosystems-spa.it\/de\/wp-json\/wp\/v2\/media?parent=10184"}],"wp:term":[{"taxonomy":"product_brand","embeddable":true,"href":"https:\/\/www.eurosystems-spa.it\/de\/wp-json\/wp\/v2\/product_brand?post=10184"},{"taxonomy":"product_cat","embeddable":true,"href":"https:\/\/www.eurosystems-spa.it\/de\/wp-json\/wp\/v2\/product_cat?post=10184"},{"taxonomy":"product_tag","embeddable":true,"href":"https:\/\/www.eurosystems-spa.it\/de\/wp-json\/wp\/v2\/product_tag?post=10184"}],"curies":[{"name":"wp","href":"https:\/\/api.w.org\/{rel}","templated":true}]}}