

{"id":10182,"date":"2020-02-19T09:04:02","date_gmt":"2020-02-19T08:04:02","guid":{"rendered":"https:\/\/www.eurosystems-spa.itprodotto\/rtt-2\/"},"modified":"2024-05-20T13:12:18","modified_gmt":"2024-05-20T12:12:18","slug":"rtt-2","status":"publish","type":"product","link":"https:\/\/www.eurosystems-spa.it\/de\/prodotto\/rtt-2\/","title":{"rendered":"RTT 2"},"content":{"rendered":"","protected":false},"excerpt":{"rendered":"<p>RTT 2 ist robust und wendig und eignet sich f\u00fcr die Bearbeitung weicher bis mittelschwerer B\u00f6den, auch wenn diese zuvor nicht bearbeitet wurden. Die angetriebenen R\u00e4der mit Traktorprofil machen das Fahren einfach und sicher, das Ratschensystem f\u00fcr den Leerlauf erm\u00f6glicht eine Bewegung der Maschine mit nicht angetriebenem Fr\u00e4ser. Dieser Einachsschlepper ist ideal, um die Erde fein zu zerkleinern und das Saatbett schnell vorzubereiten, indem es gefr\u00e4st und ausgeglichen wird.<\/p>\n<p>&nbsp;<\/p>\n<p><em>4 Motorisierungen verf\u00fcgbar<\/em><br \/>\n<em>Verwendung: Amateur<\/em><br \/>\n<em>Empfohlene Verwendung: weicher\/mittelweicher Boden, bis zu 600 m\u00b2<\/em><\/p>\n","protected":false},"featured_media":10434,"template":"","meta":{"_acf_changed":false,"inline_featured_image":false},"product_brand":[],"product_cat":[2023],"product_tag":[],"class_list":{"0":"post-10182","1":"product","2":"type-product","3":"status-publish","4":"has-post-thumbnail","6":"product_cat-fraesen","8":"first","9":"instock","10":"featured","11":"shipping-taxable","12":"product-type-simple"},"acf":[],"aioseo_notices":[],"_links":{"self":[{"href":"https:\/\/www.eurosystems-spa.it\/de\/wp-json\/wp\/v2\/product\/10182","targetHints":{"allow":["GET"]}}],"collection":[{"href":"https:\/\/www.eurosystems-spa.it\/de\/wp-json\/wp\/v2\/product"}],"about":[{"href":"https:\/\/www.eurosystems-spa.it\/de\/wp-json\/wp\/v2\/types\/product"}],"wp:featuredmedia":[{"embeddable":true,"href":"https:\/\/www.eurosystems-spa.it\/de\/wp-json\/wp\/v2\/media\/10434"}],"wp:attachment":[{"href":"https:\/\/www.eurosystems-spa.it\/de\/wp-json\/wp\/v2\/media?parent=10182"}],"wp:term":[{"taxonomy":"product_brand","embeddable":true,"href":"https:\/\/www.eurosystems-spa.it\/de\/wp-json\/wp\/v2\/product_brand?post=10182"},{"taxonomy":"product_cat","embeddable":true,"href":"https:\/\/www.eurosystems-spa.it\/de\/wp-json\/wp\/v2\/product_cat?post=10182"},{"taxonomy":"product_tag","embeddable":true,"href":"https:\/\/www.eurosystems-spa.it\/de\/wp-json\/wp\/v2\/product_tag?post=10182"}],"curies":[{"name":"wp","href":"https:\/\/api.w.org\/{rel}","templated":true}]}}