

{"id":10181,"date":"2020-02-18T09:31:50","date_gmt":"2020-02-18T08:31:50","guid":{"rendered":"https:\/\/www.eurosystems-spa.itprodotto\/rtt-3\/"},"modified":"2024-05-20T12:53:50","modified_gmt":"2024-05-20T11:53:50","slug":"rtt-3","status":"publish","type":"product","link":"https:\/\/www.eurosystems-spa.it\/de\/prodotto\/rtt-3\/","title":{"rendered":"RTT 3"},"content":{"rendered":"","protected":false},"excerpt":{"rendered":"<p>Dieser leistungsstarke und schnelle Einachsschlepper wurde entwickelt und gebaut, um auch in den schwierigsten Situationen den Bed\u00fcrfnissen aller G\u00e4rtner gerecht zu werden. RTT3 ist ideal f\u00fcr feinkr\u00fcmelige B\u00f6den und bei der Saatbettbereitung auf weichen und mittelkompakten B\u00f6den. Die leistungsstarken Motoren erm\u00f6glichen ein pr\u00e4zises und schnelles Arbeiten. Die hohe Qualit\u00e4t der verwendeten Materialien, die sorgf\u00e4ltigen Kontrollen w\u00e4hrend der Montagephase und das ausgewogene Gewichts-Leistungs-Verh\u00e4ltnis garantieren eine hohe Leistung.<\/p>\n<p>&nbsp;<\/p>\n<p><em>2 verf\u00fcgbare Motorisierungen<\/em><br \/>\n<em>Verwendung: Amateur<\/em><br \/>\n<em>Empfohlene Verwendung: weicher\/mittelweicher Boden, bis zu 800 m\u00b2<\/em><\/p>\n","protected":false},"featured_media":10535,"template":"","meta":{"_acf_changed":false,"inline_featured_image":false},"product_brand":[],"product_cat":[2023],"product_tag":[],"class_list":{"0":"post-10181","1":"product","2":"type-product","3":"status-publish","4":"has-post-thumbnail","6":"product_cat-fraesen","8":"first","9":"instock","10":"featured","11":"shipping-taxable","12":"product-type-simple"},"acf":[],"aioseo_notices":[],"_links":{"self":[{"href":"https:\/\/www.eurosystems-spa.it\/de\/wp-json\/wp\/v2\/product\/10181","targetHints":{"allow":["GET"]}}],"collection":[{"href":"https:\/\/www.eurosystems-spa.it\/de\/wp-json\/wp\/v2\/product"}],"about":[{"href":"https:\/\/www.eurosystems-spa.it\/de\/wp-json\/wp\/v2\/types\/product"}],"wp:featuredmedia":[{"embeddable":true,"href":"https:\/\/www.eurosystems-spa.it\/de\/wp-json\/wp\/v2\/media\/10535"}],"wp:attachment":[{"href":"https:\/\/www.eurosystems-spa.it\/de\/wp-json\/wp\/v2\/media?parent=10181"}],"wp:term":[{"taxonomy":"product_brand","embeddable":true,"href":"https:\/\/www.eurosystems-spa.it\/de\/wp-json\/wp\/v2\/product_brand?post=10181"},{"taxonomy":"product_cat","embeddable":true,"href":"https:\/\/www.eurosystems-spa.it\/de\/wp-json\/wp\/v2\/product_cat?post=10181"},{"taxonomy":"product_tag","embeddable":true,"href":"https:\/\/www.eurosystems-spa.it\/de\/wp-json\/wp\/v2\/product_tag?post=10181"}],"curies":[{"name":"wp","href":"https:\/\/api.w.org\/{rel}","templated":true}]}}