

{"id":10180,"date":"2020-02-19T10:16:30","date_gmt":"2024-05-02T14:28:12","guid":{"rendered":"https:\/\/www.eurosystems-spa.itprodotto\/sc-42\/"},"modified":"2024-05-20T10:52:13","modified_gmt":"2024-05-20T09:52:13","slug":"sc-42","status":"publish","type":"product","link":"https:\/\/www.eurosystems-spa.it\/de\/prodotto\/sc-42\/","title":{"rendered":"SC 42"},"content":{"rendered":"","protected":false},"excerpt":{"rendered":"<p>SC42 ist ein vertikaler Vertikutierer mit Motorantrieb und ausgezeichneter Leistung, der sich besonders f\u00fcr Mulchm\u00e4her (ohne Auffangbeh\u00e4lter) eignet. Die 15 Klingenpaare aus geh\u00e4rtetem und verg\u00fctetem Stahl, die senkrecht in den Boden eindringen, entfernen Moos und Unkraut, w\u00e4hrend sie gleichzeitig die Sauerstoffversorgung des Bodens erh\u00f6hen und das Vorkommen von rasensch\u00e4dlichen Pilzen und Bakterien verringern.<\/p>\n<p>&nbsp;<\/p>\n<p><em>Klingen vom festen Typ<\/em><br \/>\n<em>3 Motorisierungen verf\u00fcgbar<\/em><br \/>\n<em>Empfohlene Verwendung: bis zu 1.200 m\u00b2<\/em><\/p>\n","protected":false},"featured_media":12110,"template":"","meta":{"_acf_changed":false,"inline_featured_image":false},"product_brand":[],"product_cat":[2156],"product_tag":[],"class_list":{"0":"post-10180","1":"product","2":"type-product","3":"status-publish","4":"has-post-thumbnail","6":"product_cat-vertikutierer","8":"first","9":"instock","10":"featured","11":"shipping-taxable","12":"product-type-simple"},"acf":[],"aioseo_notices":[],"_links":{"self":[{"href":"https:\/\/www.eurosystems-spa.it\/de\/wp-json\/wp\/v2\/product\/10180","targetHints":{"allow":["GET"]}}],"collection":[{"href":"https:\/\/www.eurosystems-spa.it\/de\/wp-json\/wp\/v2\/product"}],"about":[{"href":"https:\/\/www.eurosystems-spa.it\/de\/wp-json\/wp\/v2\/types\/product"}],"wp:featuredmedia":[{"embeddable":true,"href":"https:\/\/www.eurosystems-spa.it\/de\/wp-json\/wp\/v2\/media\/12110"}],"wp:attachment":[{"href":"https:\/\/www.eurosystems-spa.it\/de\/wp-json\/wp\/v2\/media?parent=10180"}],"wp:term":[{"taxonomy":"product_brand","embeddable":true,"href":"https:\/\/www.eurosystems-spa.it\/de\/wp-json\/wp\/v2\/product_brand?post=10180"},{"taxonomy":"product_cat","embeddable":true,"href":"https:\/\/www.eurosystems-spa.it\/de\/wp-json\/wp\/v2\/product_cat?post=10180"},{"taxonomy":"product_tag","embeddable":true,"href":"https:\/\/www.eurosystems-spa.it\/de\/wp-json\/wp\/v2\/product_tag?post=10180"}],"curies":[{"name":"wp","href":"https:\/\/api.w.org\/{rel}","templated":true}]}}