

{"id":10179,"date":"2020-02-19T11:21:23","date_gmt":"2024-05-02T13:01:30","guid":{"rendered":"https:\/\/www.eurosystems-spa.itprodotto\/carry\/"},"modified":"2024-08-09T10:29:43","modified_gmt":"2024-08-09T09:29:43","slug":"carry","status":"publish","type":"product","link":"https:\/\/www.eurosystems-spa.it\/de\/prodotto\/carry\/","title":{"rendered":"CARRY"},"content":{"rendered":"","protected":false},"excerpt":{"rendered":"<p>Die benzinbetriebene Motor-Schubkarre wurde f\u00fcr den Transport von Lasten auf ebenem Boden entwickelt. Hohe Wendigkeit und einfache Handhabung machen die CARRY zu einem perfekten Ger\u00e4t f\u00fcr den Transport von kleinen Pflanzen, Holz, Laub und Pflanzenresten. Die praktische Kippwanne erm\u00f6glicht ein einfaches Abladen der Last auf dem Boden. Mit optionalem Zubeh\u00f6r l\u00e4sst sich die Ladekapazit\u00e4t dieser Schubkarre auf bis zu 160 Liter erh\u00f6hen.<\/p>\n<p>&nbsp;<\/p>\n<p><em>3 Motorisierungen verf\u00fcgbar<\/em><br \/>\n<em>Verwendung: im Freien und halb\/offen<\/em><br \/>\n<em>Empfohlene Verwendung: bis zu 100 kg<\/em><\/p>\n","protected":false},"featured_media":3633,"template":"","meta":{"_acf_changed":false,"inline_featured_image":false},"product_brand":[],"product_cat":[2022],"product_tag":[],"class_list":{"0":"post-10179","1":"product","2":"type-product","3":"status-publish","4":"has-post-thumbnail","6":"product_cat-motor-schubkarren","8":"first","9":"instock","10":"featured","11":"shipping-taxable","12":"product-type-simple"},"acf":[],"aioseo_notices":[],"_links":{"self":[{"href":"https:\/\/www.eurosystems-spa.it\/de\/wp-json\/wp\/v2\/product\/10179","targetHints":{"allow":["GET"]}}],"collection":[{"href":"https:\/\/www.eurosystems-spa.it\/de\/wp-json\/wp\/v2\/product"}],"about":[{"href":"https:\/\/www.eurosystems-spa.it\/de\/wp-json\/wp\/v2\/types\/product"}],"wp:featuredmedia":[{"embeddable":true,"href":"https:\/\/www.eurosystems-spa.it\/de\/wp-json\/wp\/v2\/media\/3633"}],"wp:attachment":[{"href":"https:\/\/www.eurosystems-spa.it\/de\/wp-json\/wp\/v2\/media?parent=10179"}],"wp:term":[{"taxonomy":"product_brand","embeddable":true,"href":"https:\/\/www.eurosystems-spa.it\/de\/wp-json\/wp\/v2\/product_brand?post=10179"},{"taxonomy":"product_cat","embeddable":true,"href":"https:\/\/www.eurosystems-spa.it\/de\/wp-json\/wp\/v2\/product_cat?post=10179"},{"taxonomy":"product_tag","embeddable":true,"href":"https:\/\/www.eurosystems-spa.it\/de\/wp-json\/wp\/v2\/product_tag?post=10179"}],"curies":[{"name":"wp","href":"https:\/\/api.w.org\/{rel}","templated":true}]}}