

{"id":10177,"date":"2020-02-19T12:29:29","date_gmt":"2024-05-02T12:05:44","guid":{"rendered":"https:\/\/www.eurosystems-spa.itprodotto\/carry-sprayer\/"},"modified":"2024-05-20T09:17:15","modified_gmt":"2024-05-20T08:17:15","slug":"carry-sprayer","status":"publish","type":"product","link":"https:\/\/www.eurosystems-spa.it\/de\/prodotto\/carry-sprayer\/","title":{"rendered":"CARRY SPRAYER"},"content":{"rendered":"","protected":false},"excerpt":{"rendered":"<p>Selbstfahrende Motorspritze mit praktischer Lanze mit Vernebler, ideal zum Bespr\u00fchen und Behandeln von Gem\u00fcseg\u00e4rten, kleinen Weinbergen und Obstg\u00e4rten. Bequem und praktisch, kann Carry Sprayer auch f\u00fcr Anti-Moskito-Behandlungen und im Winter mit eisschmelzenden Fl\u00fcssigkeiten verwendet werden. Der lange 25-Meter-Schlauch und die leistungsstarke 30-Bar-Lanze erm\u00f6glichen es, weit entfernte und schwer zug\u00e4ngliche Bereiche zu erreichen.<\/p>\n<p>&nbsp;<\/p>\n<p><em>2 verf\u00fcgbare Motorisierungen<\/em><br \/>\n<em>Pumpe: 30 bar<\/em><br \/>\n<em>Empfohlene Verwendung: gro\u00dfe Fl\u00e4chen <\/em><\/p>\n","protected":false},"featured_media":11353,"template":"","meta":{"_acf_changed":false,"inline_featured_image":false},"product_brand":[],"product_cat":[2024],"product_tag":[],"class_list":{"0":"post-10177","1":"product","2":"type-product","3":"status-publish","4":"has-post-thumbnail","6":"product_cat-motorsprayer","8":"first","9":"instock","10":"featured","11":"shipping-taxable","12":"product-type-simple"},"acf":[],"aioseo_notices":[],"_links":{"self":[{"href":"https:\/\/www.eurosystems-spa.it\/de\/wp-json\/wp\/v2\/product\/10177","targetHints":{"allow":["GET"]}}],"collection":[{"href":"https:\/\/www.eurosystems-spa.it\/de\/wp-json\/wp\/v2\/product"}],"about":[{"href":"https:\/\/www.eurosystems-spa.it\/de\/wp-json\/wp\/v2\/types\/product"}],"wp:featuredmedia":[{"embeddable":true,"href":"https:\/\/www.eurosystems-spa.it\/de\/wp-json\/wp\/v2\/media\/11353"}],"wp:attachment":[{"href":"https:\/\/www.eurosystems-spa.it\/de\/wp-json\/wp\/v2\/media?parent=10177"}],"wp:term":[{"taxonomy":"product_brand","embeddable":true,"href":"https:\/\/www.eurosystems-spa.it\/de\/wp-json\/wp\/v2\/product_brand?post=10177"},{"taxonomy":"product_cat","embeddable":true,"href":"https:\/\/www.eurosystems-spa.it\/de\/wp-json\/wp\/v2\/product_cat?post=10177"},{"taxonomy":"product_tag","embeddable":true,"href":"https:\/\/www.eurosystems-spa.it\/de\/wp-json\/wp\/v2\/product_tag?post=10177"}],"curies":[{"name":"wp","href":"https:\/\/api.w.org\/{rel}","templated":true}]}}