

{"id":10176,"date":"2020-02-18T14:01:46","date_gmt":"2024-05-02T09:32:58","guid":{"rendered":"https:\/\/www.eurosystems-spa.it\/de\/prodotto\/eco-sprayer\/"},"modified":"2024-05-20T09:11:35","modified_gmt":"2024-05-20T08:11:35","slug":"eco-sprayer","status":"publish","type":"product","link":"https:\/\/www.eurosystems-spa.it\/de\/prodotto\/eco-sprayer\/","title":{"rendered":"ANBAUSPR\u00dcHER"},"content":{"rendered":"","protected":false},"excerpt":{"rendered":"<p>Push-Spritzger\u00e4t mit Spr\u00fchd\u00fcse. Eco Sprayer ist ein Werkzeug, das f\u00fcr die Verwendung von fl\u00fcssigen Substanzen verschiedener Art entwickelt wurde. Die praktische vordere D\u00fcse wurde speziell f\u00fcr die Behandlung und das Spritzen auf dem Boden und auf Au\u00dfenb\u00f6den entwickelt.<\/p>\n<p>&nbsp;<\/p>\n<p><em>Pumpe 4,1 bar<\/em><br \/>\n<em>Empfohlene Verwendung: mittlere Fl\u00e4chen <\/em><\/p>\n","protected":false},"featured_media":10454,"template":"","meta":{"_acf_changed":false,"inline_featured_image":false},"product_brand":[],"product_cat":[2024],"product_tag":[],"class_list":{"0":"post-10176","1":"product","2":"type-product","3":"status-publish","4":"has-post-thumbnail","6":"product_cat-motorsprayer","8":"first","9":"instock","10":"featured","11":"shipping-taxable","12":"product-type-simple"},"acf":[],"aioseo_notices":[],"_links":{"self":[{"href":"https:\/\/www.eurosystems-spa.it\/de\/wp-json\/wp\/v2\/product\/10176","targetHints":{"allow":["GET"]}}],"collection":[{"href":"https:\/\/www.eurosystems-spa.it\/de\/wp-json\/wp\/v2\/product"}],"about":[{"href":"https:\/\/www.eurosystems-spa.it\/de\/wp-json\/wp\/v2\/types\/product"}],"wp:featuredmedia":[{"embeddable":true,"href":"https:\/\/www.eurosystems-spa.it\/de\/wp-json\/wp\/v2\/media\/10454"}],"wp:attachment":[{"href":"https:\/\/www.eurosystems-spa.it\/de\/wp-json\/wp\/v2\/media?parent=10176"}],"wp:term":[{"taxonomy":"product_brand","embeddable":true,"href":"https:\/\/www.eurosystems-spa.it\/de\/wp-json\/wp\/v2\/product_brand?post=10176"},{"taxonomy":"product_cat","embeddable":true,"href":"https:\/\/www.eurosystems-spa.it\/de\/wp-json\/wp\/v2\/product_cat?post=10176"},{"taxonomy":"product_tag","embeddable":true,"href":"https:\/\/www.eurosystems-spa.it\/de\/wp-json\/wp\/v2\/product_tag?post=10176"}],"curies":[{"name":"wp","href":"https:\/\/api.w.org\/{rel}","templated":true}]}}