

{"id":10175,"date":"2020-02-19T14:32:27","date_gmt":"2024-05-02T08:52:35","guid":{"rendered":"https:\/\/www.eurosystems-spa.itprodotto\/sandy\/"},"modified":"2024-08-09T11:09:51","modified_gmt":"2024-08-09T10:09:51","slug":"sandy","status":"publish","type":"product","link":"https:\/\/www.eurosystems-spa.it\/de\/prodotto\/sandy\/","title":{"rendered":"SANDY"},"content":{"rendered":"","protected":false},"excerpt":{"rendered":"<p>Sandy ist eine kompakte und einfach zu bedienende Kunstrasenkehrmaschine f\u00fcr die Pflege von Kunstrasen. Die in Fahrtrichtung rotierende B\u00fcrste ebnet den Boden des Feldes ein und hebt die Grashalme m\u00fchelos an, sodass der Kunstrasen dauerhaft sch\u00f6n und weich bleibt.<\/p>\n","protected":false},"featured_media":10367,"template":"","meta":{"_acf_changed":false,"inline_featured_image":false},"product_brand":[],"product_cat":[2025],"product_tag":[],"class_list":{"0":"post-10175","1":"product","2":"type-product","3":"status-publish","4":"has-post-thumbnail","6":"product_cat-motospazzole-de","8":"first","9":"instock","10":"featured","11":"shipping-taxable","12":"product-type-simple"},"acf":[],"aioseo_notices":[],"_links":{"self":[{"href":"https:\/\/www.eurosystems-spa.it\/de\/wp-json\/wp\/v2\/product\/10175","targetHints":{"allow":["GET"]}}],"collection":[{"href":"https:\/\/www.eurosystems-spa.it\/de\/wp-json\/wp\/v2\/product"}],"about":[{"href":"https:\/\/www.eurosystems-spa.it\/de\/wp-json\/wp\/v2\/types\/product"}],"wp:featuredmedia":[{"embeddable":true,"href":"https:\/\/www.eurosystems-spa.it\/de\/wp-json\/wp\/v2\/media\/10367"}],"wp:attachment":[{"href":"https:\/\/www.eurosystems-spa.it\/de\/wp-json\/wp\/v2\/media?parent=10175"}],"wp:term":[{"taxonomy":"product_brand","embeddable":true,"href":"https:\/\/www.eurosystems-spa.it\/de\/wp-json\/wp\/v2\/product_brand?post=10175"},{"taxonomy":"product_cat","embeddable":true,"href":"https:\/\/www.eurosystems-spa.it\/de\/wp-json\/wp\/v2\/product_cat?post=10175"},{"taxonomy":"product_tag","embeddable":true,"href":"https:\/\/www.eurosystems-spa.it\/de\/wp-json\/wp\/v2\/product_tag?post=10175"}],"curies":[{"name":"wp","href":"https:\/\/api.w.org\/{rel}","templated":true}]}}