

{"id":10170,"date":"2020-02-16T17:10:26","date_gmt":"2020-02-16T16:10:26","guid":{"rendered":"https:\/\/www.eurosystems-spa.itprodotto\/slalom-76\/"},"modified":"2025-09-29T09:51:11","modified_gmt":"2025-09-29T08:51:11","slug":"slalom_76","status":"publish","type":"product","link":"https:\/\/www.eurosystems-spa.it\/de\/prodotto\/slalom_76\/","title":{"rendered":"SLALOM 76"},"content":{"rendered":"","protected":false},"excerpt":{"rendered":"<p>SLALOM 76 ist ein hydrostatischer Aufsitzm\u00e4her mit einem 76 cm langen M\u00e4hdeck und einem 150 Liter fassenden Heckauffangbeh\u00e4lter, der sich perfekt f\u00fcr die Pflege von G\u00e4rten und mittelgro\u00dfen\/gro\u00dfen Fl\u00e4chen (bis zu ca. 3.500 m\u00b2) eignet. Der hydrostatische Antrieb mit dem Geschwindigkeitsregler erm\u00f6glicht ein einfaches, komfortables und sicheres Fahren, ideal f\u00fcr G\u00e4rten mit zahlreichen Pflanzen, Blumenbeeten und Hindernissen verschiedener Art. Die zahlreichen Sicherheitssysteme garantieren Zuverl\u00e4ssigkeit und maximalen Schutz.<\/p>\n<p>&nbsp;<\/p>\n<p><em>&#8211; Hydrostatisches Getriebe<\/em><br \/>\n<em>&#8211; 2 Motorisierungen verf\u00fcgbar<\/em><br \/>\n<em>&#8211; Empfohlene Verwendung: bis zu 3.500 m\u00b2 <\/em><\/p>\n","protected":false},"featured_media":3701,"template":"","meta":{"_acf_changed":false,"inline_featured_image":false},"product_brand":[],"product_cat":[2026],"product_tag":[],"class_list":{"0":"post-10170","1":"product","2":"type-product","3":"status-publish","4":"has-post-thumbnail","6":"product_cat-aufsitzmaeher","8":"first","9":"instock","10":"featured","11":"shipping-taxable","12":"product-type-simple"},"acf":[],"aioseo_notices":[],"_links":{"self":[{"href":"https:\/\/www.eurosystems-spa.it\/de\/wp-json\/wp\/v2\/product\/10170","targetHints":{"allow":["GET"]}}],"collection":[{"href":"https:\/\/www.eurosystems-spa.it\/de\/wp-json\/wp\/v2\/product"}],"about":[{"href":"https:\/\/www.eurosystems-spa.it\/de\/wp-json\/wp\/v2\/types\/product"}],"wp:featuredmedia":[{"embeddable":true,"href":"https:\/\/www.eurosystems-spa.it\/de\/wp-json\/wp\/v2\/media\/3701"}],"wp:attachment":[{"href":"https:\/\/www.eurosystems-spa.it\/de\/wp-json\/wp\/v2\/media?parent=10170"}],"wp:term":[{"taxonomy":"product_brand","embeddable":true,"href":"https:\/\/www.eurosystems-spa.it\/de\/wp-json\/wp\/v2\/product_brand?post=10170"},{"taxonomy":"product_cat","embeddable":true,"href":"https:\/\/www.eurosystems-spa.it\/de\/wp-json\/wp\/v2\/product_cat?post=10170"},{"taxonomy":"product_tag","embeddable":true,"href":"https:\/\/www.eurosystems-spa.it\/de\/wp-json\/wp\/v2\/product_tag?post=10170"}],"curies":[{"name":"wp","href":"https:\/\/api.w.org\/{rel}","templated":true}]}}