

{"id":10169,"date":"2020-02-15T17:19:17","date_gmt":"2020-02-15T16:19:17","guid":{"rendered":"https:\/\/www.eurosystems-spa.itprodotto\/slalom-82\/"},"modified":"2025-09-29T10:12:42","modified_gmt":"2025-09-29T09:12:42","slug":"slalom-82","status":"publish","type":"product","link":"https:\/\/www.eurosystems-spa.it\/de\/prodotto\/slalom-82\/","title":{"rendered":"SLALOM 82"},"content":{"rendered":"","protected":false},"excerpt":{"rendered":"<p>SLALOM 82 ist ein Aufsitzm\u00e4her mit amerikanischer Mulchtechnologie (80 cm Recyclermesser), die das Gras so zerkleinert, dass es im Boden versinkt, ohne Moos auf dem Rasen zu bilden. SLALOM 82 bietet au\u00dferdem die M\u00f6glichkeit, diese Art des M\u00e4hens in ein M\u00e4hen mit Aufsammeln umzuwandeln, dank des serienm\u00e4\u00dfigen F\u00f6rderbandes und des 150-Liter-Auffangsacks. Ideal f\u00fcr gro\u00dfe Fl\u00e4chen bis ca. 4.500 m\u00b2.<\/p>\n<p>&nbsp;<\/p>\n<p><em>&#8211; Hydrostatisches Getriebe<\/em><br \/>\n<em>&#8211; 2 Motorisierungen verf\u00fcgbar<\/em><br \/>\n<em>&#8211; Empfohlene Verwendung: bis zu 4.500 m\u00b2 <\/em><\/p>\n","protected":false},"featured_media":3709,"template":"","meta":{"_acf_changed":false,"inline_featured_image":false},"product_brand":[],"product_cat":[2026],"product_tag":[],"class_list":{"0":"post-10169","1":"product","2":"type-product","3":"status-publish","4":"has-post-thumbnail","6":"product_cat-aufsitzmaeher","8":"first","9":"instock","10":"featured","11":"shipping-taxable","12":"product-type-simple"},"acf":[],"aioseo_notices":[],"_links":{"self":[{"href":"https:\/\/www.eurosystems-spa.it\/de\/wp-json\/wp\/v2\/product\/10169","targetHints":{"allow":["GET"]}}],"collection":[{"href":"https:\/\/www.eurosystems-spa.it\/de\/wp-json\/wp\/v2\/product"}],"about":[{"href":"https:\/\/www.eurosystems-spa.it\/de\/wp-json\/wp\/v2\/types\/product"}],"wp:featuredmedia":[{"embeddable":true,"href":"https:\/\/www.eurosystems-spa.it\/de\/wp-json\/wp\/v2\/media\/3709"}],"wp:attachment":[{"href":"https:\/\/www.eurosystems-spa.it\/de\/wp-json\/wp\/v2\/media?parent=10169"}],"wp:term":[{"taxonomy":"product_brand","embeddable":true,"href":"https:\/\/www.eurosystems-spa.it\/de\/wp-json\/wp\/v2\/product_brand?post=10169"},{"taxonomy":"product_cat","embeddable":true,"href":"https:\/\/www.eurosystems-spa.it\/de\/wp-json\/wp\/v2\/product_cat?post=10169"},{"taxonomy":"product_tag","embeddable":true,"href":"https:\/\/www.eurosystems-spa.it\/de\/wp-json\/wp\/v2\/product_tag?post=10169"}],"curies":[{"name":"wp","href":"https:\/\/api.w.org\/{rel}","templated":true}]}}