

{"id":10167,"date":"2019-10-14T13:57:17","date_gmt":"2019-10-14T12:57:17","guid":{"rendered":"https:\/\/www.eurosystems-spa.itprodotto\/rs210\/"},"modified":"2024-08-08T14:23:21","modified_gmt":"2024-08-08T13:23:21","slug":"rs210","status":"publish","type":"product","link":"https:\/\/www.eurosystems-spa.it\/de\/prodotto\/rs210\/","title":{"rendered":"RS210"},"content":{"rendered":"","protected":false},"excerpt":{"rendered":"<p>Die RS210 verf\u00fcgt \u00fcber eine Schnittbreite von 64 cm und einen seitlich verstellbaren Holm. Sie ist extrem robust, einfach zu bedienen und wartungsarm. Dank der einr\u00fcckenden Messer ist RS210 weniger anf\u00e4llig f\u00fcr Br\u00fcche durch unerw\u00fcnschte St\u00f6\u00dfe, sodass sie auch auf nicht perfekt gereinigtem und ebenem Boden verwendet werden kann<\/p>\n<p>&nbsp;<\/p>\n<p><em>Schneidbewegung: rotierend, 4 pendelnd aufgeh\u00e4ngte Messerklingen.<\/em><\/p>\n<p><em>1 Motoren verf\u00fcgbar<\/em><\/p>\n<p><em>Empfohlene Verwendung: bis zu 4.000 qm<\/em><\/p>\n","protected":false},"featured_media":11261,"template":"","meta":{"_acf_changed":false,"inline_featured_image":false},"product_brand":[],"product_cat":[2027],"product_tag":[],"class_list":{"0":"post-10167","1":"product","2":"type-product","3":"status-publish","4":"has-post-thumbnail","6":"product_cat-scheibenmaeher","8":"first","9":"instock","10":"featured","11":"shipping-taxable","12":"product-type-simple"},"acf":[],"aioseo_notices":[],"_links":{"self":[{"href":"https:\/\/www.eurosystems-spa.it\/de\/wp-json\/wp\/v2\/product\/10167","targetHints":{"allow":["GET"]}}],"collection":[{"href":"https:\/\/www.eurosystems-spa.it\/de\/wp-json\/wp\/v2\/product"}],"about":[{"href":"https:\/\/www.eurosystems-spa.it\/de\/wp-json\/wp\/v2\/types\/product"}],"wp:featuredmedia":[{"embeddable":true,"href":"https:\/\/www.eurosystems-spa.it\/de\/wp-json\/wp\/v2\/media\/11261"}],"wp:attachment":[{"href":"https:\/\/www.eurosystems-spa.it\/de\/wp-json\/wp\/v2\/media?parent=10167"}],"wp:term":[{"taxonomy":"product_brand","embeddable":true,"href":"https:\/\/www.eurosystems-spa.it\/de\/wp-json\/wp\/v2\/product_brand?post=10167"},{"taxonomy":"product_cat","embeddable":true,"href":"https:\/\/www.eurosystems-spa.it\/de\/wp-json\/wp\/v2\/product_cat?post=10167"},{"taxonomy":"product_tag","embeddable":true,"href":"https:\/\/www.eurosystems-spa.it\/de\/wp-json\/wp\/v2\/product_tag?post=10167"}],"curies":[{"name":"wp","href":"https:\/\/api.w.org\/{rel}","templated":true}]}}